{"id":6360,"date":"2024-03-08T13:23:00","date_gmt":"2024-03-08T12:23:00","guid":{"rendered":"https:\/\/www.ofoutdoorkitchens.com\/?page_id=6360"},"modified":"2025-09-24T15:51:31","modified_gmt":"2025-09-24T13:51:31","slug":"porta-maggiore","status":"publish","type":"page","link":"https:\/\/www.ofoutdoorkitchens.com\/it\/porta-maggiore\/","title":{"rendered":"Porta Maggiore"},"content":{"rendered":"<section class=\"l-section wpb_row height_medium\"><div class=\"l-section-h i-cf\"><div class=\"g-cols vc_row via_grid cols_2-1 laptops-cols_inherit tablets-cols_inherit mobiles-cols_1 valign_top type_default stacking_default\"><div class=\"wpb_column vc_column_container\"><div class=\"vc_column-inner\"><div class=\"w-slider style_none fit_contain nav_none count_7\"><div class=\"w-slider-h\"><div class=\"royalSlider\"><div class=\"rsContent\"><a class=\"rsImg\" data-rsw=\"1280\" data-rsh=\"960\" data-rsBigImg=\"https:\/\/www.ofoutdoorkitchens.com\/wp-content\/uploads\/2024\/06\/1570782-mod-ok-def_Rid-scaled.jpg\" href=\"https:\/\/www.ofoutdoorkitchens.com\/wp-content\/uploads\/2024\/06\/1570782-mod-ok-def_Rid-scaled.jpg\"><span data-alt=\"Cucina Mod. Porta Maggiore Bianco\"><\/span><\/a><\/div><div class=\"rsContent\"><a class=\"rsImg\" data-rsw=\"1280\" data-rsh=\"854\" data-rsBigImg=\"https:\/\/www.ofoutdoorkitchens.com\/wp-content\/uploads\/2024\/06\/1570858-mod-ok-def_Rid-scaled.jpg\" href=\"https:\/\/www.ofoutdoorkitchens.com\/wp-content\/uploads\/2024\/06\/1570858-mod-ok-def_Rid-scaled.jpg\"><span data-alt=\"Cucina Mod. Porta Maggiore Bianco\"><\/span><\/a><\/div><div class=\"rsContent\"><a class=\"rsImg\" data-rsw=\"1280\" data-rsh=\"698\" data-rsBigImg=\"https:\/\/www.ofoutdoorkitchens.com\/wp-content\/uploads\/2024\/06\/1570759-mod-ok-def-pannello-grigio_Rid-scaled.jpg\" href=\"https:\/\/www.ofoutdoorkitchens.com\/wp-content\/uploads\/2024\/06\/1570759-mod-ok-def-pannello-grigio_Rid-scaled.jpg\"><span data-alt=\"Cucina Mod. Porta Maggiore Bianco\"><\/span><\/a><\/div><div class=\"rsContent\"><a class=\"rsImg\" data-rsw=\"1280\" data-rsh=\"853\" data-rsBigImg=\"https:\/\/www.ofoutdoorkitchens.com\/wp-content\/uploads\/2024\/06\/1570940-mod-ok-def-piano-chiuso_Rid-scaled.jpg\" href=\"https:\/\/www.ofoutdoorkitchens.com\/wp-content\/uploads\/2024\/06\/1570940-mod-ok-def-piano-chiuso_Rid-scaled.jpg\"><span data-alt=\"Cucina da esterno Modello Porta Maggiore Grigio Scuro\"><\/span><\/a><\/div><div class=\"rsContent\"><a class=\"rsImg\" data-rsw=\"1280\" data-rsh=\"793\" data-rsBigImg=\"https:\/\/www.ofoutdoorkitchens.com\/wp-content\/uploads\/2024\/06\/1570907-mod-ok-def-con-lavabo2_Rid-scaled.jpg\" href=\"https:\/\/www.ofoutdoorkitchens.com\/wp-content\/uploads\/2024\/06\/1570907-mod-ok-def-con-lavabo2_Rid-scaled.jpg\"><span data-alt=\"Cucina Mod. Porta Maggiore Grigio Scuro 3\"><\/span><\/a><\/div><div class=\"rsContent\"><a class=\"rsImg\" data-rsw=\"1280\" data-rsh=\"853\" data-rsBigImg=\"https:\/\/www.ofoutdoorkitchens.com\/wp-content\/uploads\/2024\/06\/1570918-mod-ok-def_Rid-scaled.jpg\" href=\"https:\/\/www.ofoutdoorkitchens.com\/wp-content\/uploads\/2024\/06\/1570918-mod-ok-def_Rid-scaled.jpg\"><span data-alt=\"Cucina Mod. Porta Maggiore Grigio Scuro 2\"><\/span><\/a><\/div><div class=\"rsContent\"><a class=\"rsImg\" data-rsw=\"1280\" data-rsh=\"809\" data-rsBigImg=\"https:\/\/www.ofoutdoorkitchens.com\/wp-content\/uploads\/2024\/06\/1570923-mod-ok-def_Rid-scaled.jpg\" href=\"https:\/\/www.ofoutdoorkitchens.com\/wp-content\/uploads\/2024\/06\/1570923-mod-ok-def_Rid-scaled.jpg\"><span data-alt=\"Cucina Mod. Porta Maggiore Grigio Scuro 3\"><\/span><\/a><\/div><\/div><img decoding=\"async\" src=\"https:\/\/www.ofoutdoorkitchens.com\/wp-content\/uploads\/2024\/06\/1570782-mod-ok-def_Rid-scaled.jpg\" width=\"1280\" height=\"960\" alt=\"Cucina Mod. Porta Maggiore Bianco\" loading=\"lazy\"><\/div><div class=\"w-slider-json\" onclick='return {&quot;autoScaleSlider&quot;:true,&quot;addActiveClass&quot;:true,&quot;loop&quot;:true,&quot;fadeInLoadedSlide&quot;:false,&quot;slidesSpacing&quot;:0,&quot;imageScalePadding&quot;:0,&quot;numImagesToPreload&quot;:2,&quot;arrowsNav&quot;:true,&quot;arrowsNavAutoHide&quot;:false,&quot;transitionType&quot;:&quot;move&quot;,&quot;transitionSpeed&quot;:250,&quot;block&quot;:{&quot;moveEffect&quot;:&quot;none&quot;,&quot;speed&quot;:300},&quot;thumbs&quot;:{&quot;fitInViewport&quot;:false,&quot;firstMargin&quot;:false,&quot;spacing&quot;:4},&quot;controlNavigation&quot;:&quot;none&quot;,&quot;fullscreen&quot;:{&quot;enabled&quot;:true},&quot;autoScaleSliderWidth&quot;:1280,&quot;autoScaleSliderHeight&quot;:960}'><\/div><\/div><\/div><\/div><div class=\"wpb_column vc_column_container\"><div class=\"vc_column-inner\"><div class=\"wpb_text_column\"><div class=\"wpb_wrapper\"><h3><span style=\"color: #5e5e5e;\"><strong>PORTA MAGGIORE<\/strong><\/span><\/h3>\n<\/div><\/div><div class=\"wpb_text_column\"><div class=\"wpb_wrapper\"><p>Immergiti nell&#8217;eleganza senza tempo della cucina &#8220;Porta Maggiore&#8221; di OF OutdoorKitchens. Ispirata alla maestosa Porta Medioevale che d\u00e0 il benvenuto alla citt\u00e0 di Fano, questa creazione incarna la perfetta fusione tra storia e modernit\u00e0. Concediti il lusso di uno spazio che trasuda classe e raffinatezza. Porta Maggiore \u00e8 stata concepita con cura per soddisfare gli standard pi\u00f9 elevati di design e funzionalit\u00e0. Ogni dettaglio \u00e8 stato attentamente studiato, dalle linee eleganti agli accenti distintivi delle maniglie integrate nel profilo dei frontali di ante e cassetti, per offrire un&#8217;esperienza senza pari. Realizzata con materiali pregiati e una precisione artigianale senza eguali, questo capolavoro testimonia l&#8217;orgoglio e la dedizione di OF alla sua citt\u00e0 natale. Con Porta Maggiore, OF continua a elevare l&#8217;arte del design a nuove vette, una testimonianza della sua costante ricerca di eccellenza e innovazione nel settore delle soluzioni su misura.<\/p>\n<\/div><\/div><\/div><\/div><\/div><\/div><\/section><section class=\"l-section wpb_row height_auto\"><div class=\"l-section-h i-cf\"><div class=\"g-cols vc_row via_grid cols_1 laptops-cols_inherit tablets-cols_inherit mobiles-cols_1 valign_top type_default stacking_default\"><div class=\"wpb_column vc_column_container\"><div class=\"vc_column-inner\"><div class=\"w-hwrapper valign_top align_none\" style=\"--hwrapper-gap:1.20rem\"><div class=\"w-btn-wrapper align_none\"><a class=\"w-btn us-btn-style_1 icon_atright\" target=\"_blank\" rel=\"nofollow\" title=\"Scarica il catalogo\" href=\"https:\/\/drive.google.com\/drive\/u\/0\/folders\/1-PsLPixHF8SCrnyWmIG9ugoKOTuAU2P4\"><span class=\"w-btn-label\">scarica il catalogo 2025<\/span><i class=\"fas fa-long-arrow-down\"><\/i><\/a><\/div><div class=\"w-btn-wrapper align_none\"><a class=\"w-btn us-btn-style_1 icon_atright\" title=\"istruzioni montaggio\" href=\"https:\/\/www.ofoutdoorkitchens.com\/it\/istruzioni-montaggio\/\"><span class=\"w-btn-label\">istruzioni di montaggio<\/span><i class=\"fas fa-long-arrow-down\"><\/i><\/a><\/div><div class=\"w-btn-wrapper align_none\"><a class=\"w-btn us-btn-style_1 icon_atright\" title=\"Pulizia\" href=\"https:\/\/www.ofoutdoorkitchens.com\/it\/pulizia\/\"><span class=\"w-btn-label\">istruzioni per la pulizia<\/span><i class=\"fas fa-long-arrow-down\"><\/i><\/a><\/div><\/div><div class=\"w-separator size_medium\"><\/div><\/div><\/div><\/div><\/div><\/section><section class=\"l-section wpb_row height_auto\"><div class=\"l-section-h i-cf\"><div class=\"g-cols vc_row via_grid cols_1 laptops-cols_inherit tablets-cols_inherit mobiles-cols_1 valign_top type_default stacking_default\"><div class=\"wpb_column vc_column_container\"><div class=\"vc_column-inner\"><div class=\"w-separator size_medium with_line width_default thick_1 style_solid color_border align_center\"><div class=\"w-separator-h\"><\/div><\/div><\/div><\/div><\/div><\/div><\/section><section class=\"l-section wpb_row height_auto\" id=\"personaliz\"><div class=\"l-section-h i-cf\"><div class=\"g-cols vc_row via_grid cols_1-2 laptops-cols_inherit tablets-cols_inherit mobiles-cols_1 valign_top type_default stacking_default\"><div class=\"wpb_column vc_column_container\"><div class=\"vc_column-inner\"><div class=\"wpb_text_column\"><div class=\"wpb_wrapper\"><h3><strong>Cucine da personalizzare<\/strong><\/h3>\n<\/div><\/div><div class=\"w-separator size_medium\"><\/div><div class=\"wpb_text_column\"><div class=\"wpb_wrapper\"><p><strong>La tua cucina in acciaio.<\/strong><br \/>\n<strong>Solo tua<\/strong><\/p>\n<p>Nessuna delle nostre cucine standard in acciaio da esterno soddisfa le tue esigenze di stile e di spazio?<br \/>\nNessun problema.<br \/>\nCon OF outdoorkitchens puoi progettare la tua soluzione in ogni dettaglio e finitura. Sar\u00e0 la tua cucina in acciaio. Solo tua.<br \/>\nNel vero senso della parola.<\/p>\n<p>&nbsp;<\/p>\n<p><strong>Scopri tutte le possibilit\u00e0 di personalizzazione.<\/strong><\/p>\n<\/div><\/div><div class=\"w-separator size_medium\"><\/div><\/div><\/div><div class=\"wpb_column vc_column_container\"><div class=\"vc_column-inner\"><div class=\"w-image align_none\"><div class=\"w-image-h\"><img decoding=\"async\" width=\"1280\" height=\"998\" src=\"https:\/\/www.ofoutdoorkitchens.com\/wp-content\/uploads\/2023\/03\/OF_cucina-tecnica-personaliz2.jpg\" class=\"attachment-full size-full\" alt=\"\" loading=\"lazy\" srcset=\"https:\/\/www.ofoutdoorkitchens.com\/wp-content\/uploads\/2023\/03\/OF_cucina-tecnica-personaliz2.jpg 1280w, https:\/\/www.ofoutdoorkitchens.com\/wp-content\/uploads\/2023\/03\/OF_cucina-tecnica-personaliz2-300x234.jpg 300w, https:\/\/www.ofoutdoorkitchens.com\/wp-content\/uploads\/2023\/03\/OF_cucina-tecnica-personaliz2-1024x798.jpg 1024w\" sizes=\"auto, (max-width: 1280px) 100vw, 1280px\" \/><\/div><\/div><\/div><\/div><\/div><\/div><\/section><section class=\"l-section wpb_row height_medium\"><div class=\"l-section-h i-cf\"><div class=\"g-cols vc_row via_grid cols_1 laptops-cols_inherit tablets-cols_inherit mobiles-cols_1 valign_top type_default stacking_default\"><div class=\"wpb_column vc_column_container\"><div class=\"vc_column-inner\"><div class=\"w-video align_none ratio_16x9 has_iframe\"><div class=\"w-video-h\"><iframe title=\"Youtube video player\" src=\"\/\/www.youtube.com\/embed\/8Q1b8tcEbMs?autoplay=0&controls=1&origin=https:\/\/www.ofoutdoorkitchens.com\/it\/&loop=0&mute=0\" allowfullscreen=\"1\" loading=\"lazy\"><\/iframe><\/div><div class=\"w-video-icon\" style=\"font-size:1.5rem;background:rgba(0,0,0,0.5);color:#fff\"><\/div><\/div><\/div><\/div><\/div><\/div><\/section>\n","protected":false},"excerpt":{"rendered":"PORTA MAGGIORE Immergiti nell&#8217;eleganza senza tempo della cucina &#8220;Porta Maggiore&#8221; di OF OutdoorKitchens. Ispirata alla maestosa Porta Medioevale che d\u00e0 il benvenuto alla citt\u00e0 di Fano, questa creazione incarna la perfetta fusione tra storia e modernit\u00e0. Concediti il lusso di uno spazio che trasuda classe e raffinatezza. Porta Maggiore \u00e8 stata concepita con cura per...","protected":false},"author":1,"featured_media":0,"parent":0,"menu_order":0,"comment_status":"closed","ping_status":"closed","template":"","meta":{"om_disable_all_campaigns":false,"_uf_show_specific_survey":0,"_uf_disable_surveys":false,"footnotes":""},"class_list":["post-6360","page","type-page","status-publish","hentry"],"yoast_head":"<!-- This site is optimized with the Yoast SEO plugin v23.4 - https:\/\/yoast.com\/wordpress\/plugins\/seo\/ -->\n<title>Modelli di cucine da esterno pronti all&#039;ordine | OF outdoorkitchens<\/title>\n<meta name=\"robots\" content=\"index, follow, max-snippet:-1, max-image-preview:large, max-video-preview:-1\" \/>\n<link rel=\"canonical\" href=\"https:\/\/www.ofoutdoorkitchens.com\/it\/porta-maggiore\/\" \/>\n<meta property=\"og:locale\" content=\"it_IT\" \/>\n<meta property=\"og:type\" content=\"article\" \/>\n<meta property=\"og:title\" content=\"Modelli di cucine da esterno pronti all&#039;ordine | OF outdoorkitchens\" \/>\n<meta property=\"og:url\" content=\"https:\/\/www.ofoutdoorkitchens.com\/it\/porta-maggiore\/\" \/>\n<meta property=\"og:site_name\" content=\"OF Outdoorkitchens\" \/>\n<meta property=\"article:publisher\" content=\"https:\/\/www.facebook.com\/ofoutdoorkitchens\" \/>\n<meta property=\"article:modified_time\" content=\"2025-09-24T13:51:31+00:00\" \/>\n<meta name=\"twitter:card\" content=\"summary_large_image\" \/>\n<meta name=\"twitter:label1\" content=\"Tempo di lettura stimato\" \/>\n\t<meta name=\"twitter:data1\" content=\"2 minuti\" \/>\n<!-- \/ Yoast SEO plugin. -->","yoast_head_json":{"title":"Modelli di cucine da esterno pronti all'ordine | OF outdoorkitchens","robots":{"index":"index","follow":"follow","max-snippet":"max-snippet:-1","max-image-preview":"max-image-preview:large","max-video-preview":"max-video-preview:-1"},"canonical":"https:\/\/www.ofoutdoorkitchens.com\/it\/porta-maggiore\/","og_locale":"it_IT","og_type":"article","og_title":"Modelli di cucine da esterno pronti all'ordine | OF outdoorkitchens","og_url":"https:\/\/www.ofoutdoorkitchens.com\/it\/porta-maggiore\/","og_site_name":"OF Outdoorkitchens","article_publisher":"https:\/\/www.facebook.com\/ofoutdoorkitchens","article_modified_time":"2025-09-24T13:51:31+00:00","twitter_card":"summary_large_image","twitter_misc":{"Tempo di lettura stimato":"2 minuti"},"schema":{"@context":"https:\/\/schema.org","@graph":[{"@type":"WebPage","@id":"https:\/\/www.ofoutdoorkitchens.com\/it\/porta-maggiore\/","url":"https:\/\/www.ofoutdoorkitchens.com\/it\/porta-maggiore\/","name":"Modelli di cucine da esterno pronti all'ordine | OF outdoorkitchens","isPartOf":{"@id":"https:\/\/www.ofoutdoorkitchens.com\/it\/#website"},"datePublished":"2024-03-08T12:23:00+00:00","dateModified":"2025-09-24T13:51:31+00:00","breadcrumb":{"@id":"https:\/\/www.ofoutdoorkitchens.com\/it\/porta-maggiore\/#breadcrumb"},"inLanguage":"it-IT","potentialAction":[{"@type":"ReadAction","target":["https:\/\/www.ofoutdoorkitchens.com\/it\/porta-maggiore\/"]}]},{"@type":"BreadcrumbList","@id":"https:\/\/www.ofoutdoorkitchens.com\/it\/porta-maggiore\/#breadcrumb","itemListElement":[{"@type":"ListItem","position":1,"name":"Home","item":"https:\/\/www.ofoutdoorkitchens.com\/it\/"},{"@type":"ListItem","position":2,"name":"Porta Maggiore"}]},{"@type":"WebSite","@id":"https:\/\/www.ofoutdoorkitchens.com\/it\/#website","url":"https:\/\/www.ofoutdoorkitchens.com\/it\/","name":"OF Outdoorkitchens","description":"","publisher":{"@id":"https:\/\/www.ofoutdoorkitchens.com\/it\/#organization"},"potentialAction":[{"@type":"SearchAction","target":{"@type":"EntryPoint","urlTemplate":"https:\/\/www.ofoutdoorkitchens.com\/it\/?s={search_term_string}"},"query-input":{"@type":"PropertyValueSpecification","valueRequired":true,"valueName":"search_term_string"}}],"inLanguage":"it-IT"},{"@type":"Organization","@id":"https:\/\/www.ofoutdoorkitchens.com\/it\/#organization","name":"OF Outdoorkitchens","url":"https:\/\/www.ofoutdoorkitchens.com\/it\/","logo":{"@type":"ImageObject","inLanguage":"it-IT","@id":"https:\/\/www.ofoutdoorkitchens.com\/it\/#\/schema\/logo\/image\/","url":"https:\/\/www.ofoutdoorkitchens.com\/wp-content\/uploads\/2023\/03\/logo-OF-2023-def150.png","contentUrl":"https:\/\/www.ofoutdoorkitchens.com\/wp-content\/uploads\/2023\/03\/logo-OF-2023-def150.png","width":150,"height":150,"caption":"OF Outdoorkitchens"},"image":{"@id":"https:\/\/www.ofoutdoorkitchens.com\/it\/#\/schema\/logo\/image\/"},"sameAs":["https:\/\/www.facebook.com\/ofoutdoorkitchens","https:\/\/www.instagram.com\/of.outdoorkitchens\/","https:\/\/www.linkedin.com\/company\/of-out-door-kitchens\/"]}]}},"_links":{"self":[{"href":"https:\/\/www.ofoutdoorkitchens.com\/it\/wp-json\/wp\/v2\/pages\/6360","targetHints":{"allow":["GET"]}}],"collection":[{"href":"https:\/\/www.ofoutdoorkitchens.com\/it\/wp-json\/wp\/v2\/pages"}],"about":[{"href":"https:\/\/www.ofoutdoorkitchens.com\/it\/wp-json\/wp\/v2\/types\/page"}],"author":[{"embeddable":true,"href":"https:\/\/www.ofoutdoorkitchens.com\/it\/wp-json\/wp\/v2\/users\/1"}],"replies":[{"embeddable":true,"href":"https:\/\/www.ofoutdoorkitchens.com\/it\/wp-json\/wp\/v2\/comments?post=6360"}],"version-history":[{"count":31,"href":"https:\/\/www.ofoutdoorkitchens.com\/it\/wp-json\/wp\/v2\/pages\/6360\/revisions"}],"predecessor-version":[{"id":8409,"href":"https:\/\/www.ofoutdoorkitchens.com\/it\/wp-json\/wp\/v2\/pages\/6360\/revisions\/8409"}],"wp:attachment":[{"href":"https:\/\/www.ofoutdoorkitchens.com\/it\/wp-json\/wp\/v2\/media?parent=6360"}],"curies":[{"name":"wp","href":"https:\/\/api.w.org\/{rel}","templated":true}]}}