{"id":3,"date":"2023-01-10T16:54:56","date_gmt":"2023-01-10T15:54:56","guid":{"rendered":"https:\/\/www.ofoutdoorkitchens.com\/?page_id=3"},"modified":"2023-03-21T11:28:14","modified_gmt":"2023-03-21T10:28:14","slug":"privacy-policy","status":"publish","type":"page","link":"https:\/\/www.ofoutdoorkitchens.com\/it\/privacy-policy\/","title":{"rendered":"Privacy Policy"},"content":{"rendered":"<h2>Privacy e policy<\/h2>\n<p>In questa pagina si descrivono le modalit\u00e0 di gestione dei dati personali degli utenti che consultano il presente sito web. Si tratta di un\u2019informativa che \u00e8 resa anche ai sensi dell&#8217;art. 13 del GDPR 679\/2016 a coloro che interagiscono con i servizi web di\u00a0<strong>Tecnozeta S.r.l.<\/strong>, accessibili per via telematica a partire dall\u2019indirizzo:\u00a0<strong>https:\/\/www.ofoutdoorkitchens.com\/<\/strong>\u00a0corrispondente alla pagina iniziale del sito.<\/p>\n<p>L\u2019informativa \u00e8 resa solo per il sito\u00a0<strong>Tecnozeta S.r.l.<\/strong>\u00a0e non anche per altri siti web eventualmente consultati dall\u2019utente tramite link.<\/p>\n<p>L\u2019informativa si ispira anche alla Raccomandazione n. 2\/2001 che le autorit\u00e0 europee per la protezione dei dati personali, riunite nel Gruppo istituito dall\u2019art. 29 della direttiva n. 95\/46\/CE, hanno adottato il 17 maggio 2001 per individuare alcuni requisiti minimi per la raccolta di dati personali on-line, e, in particolare, le modalit\u00e0, i tempi e la natura delle informazioni che i titolari del trattamento devono fornire agli utenti quando questi si collegano a pagine web, indipendentemente dagli scopi del collegamento.<\/p>\n<p><strong>IL \u201cTITOLARE\u201d DEL TRATTAMENTO<\/strong><\/p>\n<p>A seguito della consultazione di questo sito possono essere trattati dati relativi a persone identificate o identificabili.<br \/>Il \u201ctitolare\u201d del loro trattamento \u00e8\u00a0<strong>Tecnozeta S.r.l.<\/strong>\u00a0con sede in\u00a0<strong>Via del Progresso, 1 &#8211; 61036 Colli al Metauro (PU)<\/strong>.<\/p>\n<p><strong>LUOGO DI TRATTAMENTO DEI DATI<\/strong><\/p>\n<p>I trattamenti connessi ai servizi web di questo sito hanno luogo presso i server di\u00a0<strong>Tecnozeta S.r.l.<\/strong>\u00a0e sono curati solo da personale tecnico dell\u2019Ufficio incaricato del trattamento, oppure da eventuali incaricati di occasionali operazioni di manutenzione.<\/p>\n<p>Nessun dato derivante dal servizio web viene comunicato o diffuso.<\/p>\n<p>I dati personali forniti dagli utenti che inoltrano richieste di invio di materiale informativo, o per la pubblicazione degli annunci sono utilizzati al solo fine di eseguire il servizio o la prestazione richiesta e sono comunicati a terzi nel solo caso in cui ci\u00f2 sia a tal fine necessario.<\/p>\n<p><strong>TIPI DI DATI TRATTATI<\/strong><\/p>\n<p><u>Dati di navigazione<\/u><\/p>\n<p>I sistemi informatici e le procedure software preposte al funzionamento di questo sito web acquisiscono, nel corso del loro normale esercizio, alcuni dati personali la cui trasmissione \u00e8 implicita nell\u2019uso dei protocolli di comunicazione di Internet.<\/p>\n<p>Si tratta di informazioni che non sono raccolte per essere associate a interessati identificati, ma che per loro stessa natura potrebbero, attraverso elaborazioni ed associazioni con dati detenuti da terzi, permettere di identificare gli utenti.<\/p>\n<p>In questa categoria di dati rientrano gli indirizzi IP o i nomi a dominio dei computer utilizzati dagli utenti che si connettono al sito, gli indirizzi in notazione URI (Uniform Resource Identifier) delle risorse richieste, l\u2019orario della richiesta, il metodo utilizzato nel sottoporre la richiesta al server, la dimensione del file ottenuto in risposta, il codice numerico indicante lo stato della risposta data dal server\u00a0<em>(buon fine, errore, ecc.)<\/em>\u00a0ed altri parametri relativi al sistema operativo e all\u2019ambiente informatico dell\u2019utente.<\/p>\n<p>Questi dati vengono utilizzati al solo fine di ricavare informazioni statistiche anonime sull\u2019uso del sito e per controllarne il corretto funzionamento e vengono cancellati immediatamente dopo l\u2019elaborazione. I dati potrebbero essere utilizzati per l\u2019accertamento di responsabilit\u00e0 in caso di ipotetici reati informatici ai danni del sito: salva questa eventualit\u00e0, allo stato i dati sui contatti web non persistono per pi\u00f9 di tre giorni.<\/p>\n<p><u>Dati forniti volontariamente dall\u2019utente<\/u><\/p>\n<p>L\u2019invio facoltativo, esplicito e volontario di posta elettronica e dei modulo di contatto\u00a0<em>(form)<\/em>, agli indirizzi indicati su questo sito comporta la successiva acquisizione dell\u2019indirizzo del mittente, necessario per rispondere alle richieste, nonch\u00e9 degli eventuali altri dati personali inseriti nella missiva.<\/p>\n<p>Specifiche informative di sintesi verranno progressivamente riportate o visualizzate nelle pagine del sito predisposte per particolari servizi a richiesta.<\/p>\n<p><strong>FACOLTATIVITA\u2019 DEL CONFERIMENTO DEI DATI<\/strong><\/p>\n<p>A parte quanto specificato per i dati di navigazione, l\u2019utente \u00e8 libero di fornire i dati personali riportati nei moduli di richiesta di\u00a0<strong>Tecnozeta S.r.l.<\/strong>\u00a0o comunque indicati nella sessione contatti.<\/p>\n<p>Il loro mancato conferimento pu\u00f2 comportare l\u2019impossibilit\u00e0 di ottenere quanto richiesto.<\/p>\n<p><strong>MODALITA\u2019 DEL TRATTAMENTO<\/strong><\/p>\n<p>I dati personali sono trattati con strumenti automatizzati e cartacei per il tempo strettamente necessario a conseguire gli scopi per cui sono stati raccolti.<br \/>Specifiche misure di sicurezza sono osservate per prevenire la perdita dei dati, usi illeciti o non corretti ed accessi non autorizzati, meglio specificati nel Registro dei Trattamenti.<\/p>\n<p><strong>DIRITTI DEGLI INTERESSATI<\/strong><\/p>\n<p>I soggetti cui si riferiscono i dati personali hanno il diritto in qualunque momento di ottenere di accedere, rettificare, cancellare, limitare, opporsi al trattamento oltre alla possibilit\u00e0 di revocare il consenso in qualsiasi momento senza pregiudicare la liceit\u00e0 del trattamento e di proporre reclamo all&#8217;Autorit\u00e0 secondo quanto previsto dagli articoli dal 15 al 22 del GDPR 679\/2016, indirizzando la relativa richiesta al Titolare del Trattamento.<\/p>\n<p>Le richieste vanno rivolte a\u00a0<strong>Tecnozeta S.r.l.<\/strong>\u00a0con sede in\u00a0<strong>Via del Progresso, 1 &#8211; 61036 Colli al Metauro (PU)<\/strong>.<\/p>\n","protected":false},"excerpt":{"rendered":"<p>Privacy e policy In questa pagina si descrivono le modalit\u00e0 di gestione dei dati personali degli utenti che consultano il presente sito web. Si tratta di un\u2019informativa che \u00e8 resa anche ai sensi dell&#8217;art. 13 del GDPR 679\/2016 a coloro che interagiscono con i servizi web di\u00a0Tecnozeta S.r.l., accessibili per via telematica a partire dall\u2019indirizzo:\u00a0https:\/\/www.ofoutdoorkitchens.com\/\u00a0corrispondente&#8230;<\/p>\n","protected":false},"author":1,"featured_media":0,"parent":0,"menu_order":0,"comment_status":"closed","ping_status":"open","template":"","meta":{"om_disable_all_campaigns":false,"_uf_show_specific_survey":0,"_uf_disable_surveys":false,"footnotes":""},"class_list":["post-3","page","type-page","status-publish","hentry"],"yoast_head":"<!-- This site is optimized with the Yoast SEO plugin v23.4 - https:\/\/yoast.com\/wordpress\/plugins\/seo\/ -->\n<title>Privacy Policy - OF Outdoorkitchens<\/title>\n<meta name=\"robots\" content=\"index, follow, max-snippet:-1, max-image-preview:large, max-video-preview:-1\" \/>\n<link rel=\"canonical\" href=\"https:\/\/www.ofoutdoorkitchens.com\/it\/privacy-policy\/\" \/>\n<meta property=\"og:locale\" content=\"it_IT\" \/>\n<meta property=\"og:type\" content=\"article\" \/>\n<meta property=\"og:title\" content=\"Privacy Policy - OF Outdoorkitchens\" \/>\n<meta property=\"og:description\" content=\"Privacy e policy In questa pagina si descrivono le modalit\u00e0 di gestione dei dati personali degli utenti che consultano il presente sito web. Si tratta di un\u2019informativa che \u00e8 resa anche ai sensi dell&#8217;art. 13 del GDPR 679\/2016 a coloro che interagiscono con i servizi web di\u00a0Tecnozeta S.r.l., accessibili per via telematica a partire dall\u2019indirizzo:\u00a0https:\/\/www.ofoutdoorkitchens.com\/\u00a0corrispondente...\" \/>\n<meta property=\"og:url\" content=\"https:\/\/www.ofoutdoorkitchens.com\/it\/privacy-policy\/\" \/>\n<meta property=\"og:site_name\" content=\"OF Outdoorkitchens\" \/>\n<meta property=\"article:publisher\" content=\"https:\/\/www.facebook.com\/ofoutdoorkitchens\" \/>\n<meta property=\"article:modified_time\" content=\"2023-03-21T10:28:14+00:00\" \/>\n<meta name=\"twitter:card\" content=\"summary_large_image\" \/>\n<meta name=\"twitter:label1\" content=\"Tempo di lettura stimato\" \/>\n\t<meta name=\"twitter:data1\" content=\"4 minuti\" \/>\n<!-- \/ Yoast SEO plugin. -->","yoast_head_json":{"title":"Privacy Policy - OF Outdoorkitchens","robots":{"index":"index","follow":"follow","max-snippet":"max-snippet:-1","max-image-preview":"max-image-preview:large","max-video-preview":"max-video-preview:-1"},"canonical":"https:\/\/www.ofoutdoorkitchens.com\/it\/privacy-policy\/","og_locale":"it_IT","og_type":"article","og_title":"Privacy Policy - OF Outdoorkitchens","og_description":"Privacy e policy In questa pagina si descrivono le modalit\u00e0 di gestione dei dati personali degli utenti che consultano il presente sito web. Si tratta di un\u2019informativa che \u00e8 resa anche ai sensi dell&#8217;art. 13 del GDPR 679\/2016 a coloro che interagiscono con i servizi web di\u00a0Tecnozeta S.r.l., accessibili per via telematica a partire dall\u2019indirizzo:\u00a0https:\/\/www.ofoutdoorkitchens.com\/\u00a0corrispondente...","og_url":"https:\/\/www.ofoutdoorkitchens.com\/it\/privacy-policy\/","og_site_name":"OF Outdoorkitchens","article_publisher":"https:\/\/www.facebook.com\/ofoutdoorkitchens","article_modified_time":"2023-03-21T10:28:14+00:00","twitter_card":"summary_large_image","twitter_misc":{"Tempo di lettura stimato":"4 minuti"},"schema":{"@context":"https:\/\/schema.org","@graph":[{"@type":"WebPage","@id":"https:\/\/www.ofoutdoorkitchens.com\/it\/privacy-policy\/","url":"https:\/\/www.ofoutdoorkitchens.com\/it\/privacy-policy\/","name":"Privacy Policy - OF Outdoorkitchens","isPartOf":{"@id":"https:\/\/www.ofoutdoorkitchens.com\/it\/#website"},"datePublished":"2023-01-10T15:54:56+00:00","dateModified":"2023-03-21T10:28:14+00:00","breadcrumb":{"@id":"https:\/\/www.ofoutdoorkitchens.com\/it\/privacy-policy\/#breadcrumb"},"inLanguage":"it-IT","potentialAction":[{"@type":"ReadAction","target":["https:\/\/www.ofoutdoorkitchens.com\/it\/privacy-policy\/"]}]},{"@type":"BreadcrumbList","@id":"https:\/\/www.ofoutdoorkitchens.com\/it\/privacy-policy\/#breadcrumb","itemListElement":[{"@type":"ListItem","position":1,"name":"Home","item":"https:\/\/www.ofoutdoorkitchens.com\/it\/"},{"@type":"ListItem","position":2,"name":"Privacy Policy"}]},{"@type":"WebSite","@id":"https:\/\/www.ofoutdoorkitchens.com\/it\/#website","url":"https:\/\/www.ofoutdoorkitchens.com\/it\/","name":"OF Outdoorkitchens","description":"","publisher":{"@id":"https:\/\/www.ofoutdoorkitchens.com\/it\/#organization"},"potentialAction":[{"@type":"SearchAction","target":{"@type":"EntryPoint","urlTemplate":"https:\/\/www.ofoutdoorkitchens.com\/it\/?s={search_term_string}"},"query-input":{"@type":"PropertyValueSpecification","valueRequired":true,"valueName":"search_term_string"}}],"inLanguage":"it-IT"},{"@type":"Organization","@id":"https:\/\/www.ofoutdoorkitchens.com\/it\/#organization","name":"OF Outdoorkitchens","url":"https:\/\/www.ofoutdoorkitchens.com\/it\/","logo":{"@type":"ImageObject","inLanguage":"it-IT","@id":"https:\/\/www.ofoutdoorkitchens.com\/it\/#\/schema\/logo\/image\/","url":"https:\/\/www.ofoutdoorkitchens.com\/wp-content\/uploads\/2023\/03\/logo-OF-2023-def150.png","contentUrl":"https:\/\/www.ofoutdoorkitchens.com\/wp-content\/uploads\/2023\/03\/logo-OF-2023-def150.png","width":150,"height":150,"caption":"OF Outdoorkitchens"},"image":{"@id":"https:\/\/www.ofoutdoorkitchens.com\/it\/#\/schema\/logo\/image\/"},"sameAs":["https:\/\/www.facebook.com\/ofoutdoorkitchens","https:\/\/www.instagram.com\/of.outdoorkitchens\/","https:\/\/www.linkedin.com\/company\/of-out-door-kitchens\/"]}]}},"_links":{"self":[{"href":"https:\/\/www.ofoutdoorkitchens.com\/it\/wp-json\/wp\/v2\/pages\/3","targetHints":{"allow":["GET"]}}],"collection":[{"href":"https:\/\/www.ofoutdoorkitchens.com\/it\/wp-json\/wp\/v2\/pages"}],"about":[{"href":"https:\/\/www.ofoutdoorkitchens.com\/it\/wp-json\/wp\/v2\/types\/page"}],"author":[{"embeddable":true,"href":"https:\/\/www.ofoutdoorkitchens.com\/it\/wp-json\/wp\/v2\/users\/1"}],"replies":[{"embeddable":true,"href":"https:\/\/www.ofoutdoorkitchens.com\/it\/wp-json\/wp\/v2\/comments?post=3"}],"version-history":[{"count":1,"href":"https:\/\/www.ofoutdoorkitchens.com\/it\/wp-json\/wp\/v2\/pages\/3\/revisions"}],"predecessor-version":[{"id":1275,"href":"https:\/\/www.ofoutdoorkitchens.com\/it\/wp-json\/wp\/v2\/pages\/3\/revisions\/1275"}],"wp:attachment":[{"href":"https:\/\/www.ofoutdoorkitchens.com\/it\/wp-json\/wp\/v2\/media?parent=3"}],"curies":[{"name":"wp","href":"https:\/\/api.w.org\/{rel}","templated":true}]}}