{"id":2,"date":"2023-01-10T16:54:56","date_gmt":"2023-01-10T15:54:56","guid":{"rendered":"https:\/\/www.ofoutdoorkitchens.com\/?page_id=2"},"modified":"2024-07-31T12:10:42","modified_gmt":"2024-07-31T10:10:42","slug":"azienda","status":"publish","type":"page","link":"https:\/\/www.ofoutdoorkitchens.com\/it\/azienda\/","title":{"rendered":"Azienda"},"content":{"rendered":"<section class=\"l-section wpb_row height_medium\"><div class=\"l-section-h i-cf\"><div class=\"g-cols vc_row via_grid cols_1 laptops-cols_inherit tablets-cols_inherit mobiles-cols_1 valign_top type_default stacking_default\"><div class=\"wpb_column vc_column_container\"><div class=\"vc_column-inner\"><div class=\"wpb_text_column us_custom_4076faf9 has_text_color\"><div class=\"wpb_wrapper\"><h2><strong>Azienda<\/strong><\/h2>\n<\/div><\/div><div class=\"wpb_text_column us_custom_4076faf9 has_text_color\"><div class=\"wpb_wrapper\"><h3>Cucine modulari in acciaio inox made in Italy<\/h3>\n<\/div><\/div><div class=\"w-separator size_medium\"><\/div><div class=\"wpb_text_column\"><div class=\"wpb_wrapper\"><p>Linearit\u00e0 ed eleganza, design d\u2019avanguardia e funzionalit\u00e0. La durevolezza dell\u2019aciaio inox si unisce alla perfezione geometrica delle linee nella creazione di soluzioni estetiche di prim\u2019ordine.<br \/>\nOF Outdoorkitchen \u00e8 uno spin off di Officine Fanesi, azienda specializzata nella produzione di cucine customizzabili in acciaio inox.<br \/>\nOF \u00e8 particolarmente attenta al prezzo e alla facilit\u00e0 propositiva. Abbiamo pensato ad un\u2019azienda smart da leggere e da proporre, basata sul fondamentale concetto di componibilit\u00e0. Per questo, presentiamo una pluralit\u00e0 di composizioni in diverse misure di lunghezza e in versione sia in appoggio che ad isola. Il denominatore comune di tali composizioni \u00e8 la presenza dei tre requisiti fondamentali della cottura, della disponibilit\u00e0 di acqua e della capacit\u00e0 contenitiva. Proponiamo versioni, destinate ad un\u2019utenza pi\u00f9 o meno esigente, che presentano tipologie diversificate di accessori ed elettrodomestici, in funzione delle quali le cucine hanno, ovviamente, dimensioni diverse.<\/p>\n<\/div><\/div><\/div><\/div><\/div><\/div><\/section><section class=\"l-section wpb_row height_auto\"><div class=\"l-section-h i-cf\"><div class=\"g-cols vc_row via_grid cols_2 laptops-cols_inherit tablets-cols_inherit mobiles-cols_1 valign_top type_default stacking_default\"><div class=\"wpb_column vc_column_container\"><div class=\"vc_column-inner\"><div class=\"w-image align_center\"><div class=\"w-image-h\"><img decoding=\"async\" width=\"800\" height=\"534\" src=\"https:\/\/www.ofoutdoorkitchens.com\/wp-content\/uploads\/2023\/03\/6-azienda.jpg\" class=\"attachment-full size-full\" alt=\"\" loading=\"lazy\" srcset=\"https:\/\/www.ofoutdoorkitchens.com\/wp-content\/uploads\/2023\/03\/6-azienda.jpg 800w, https:\/\/www.ofoutdoorkitchens.com\/wp-content\/uploads\/2023\/03\/6-azienda-300x200.jpg 300w\" sizes=\"auto, (max-width: 800px) 100vw, 800px\" \/><\/div><\/div><\/div><\/div><div class=\"wpb_column vc_column_container\"><div class=\"vc_column-inner\"><div class=\"wpb_text_column\"><div class=\"wpb_wrapper\"><p><strong>Chi Siamo<\/strong><\/p>\n<p>TECNOZETA S.R.L. nasce specializzandosi nella produzione e commercializzazione di arredamenti metallici per officine e attivit\u00e0 commerciali del settore metalmeccanico. L\u2019azienda oggi \u00e8 specializzata nella produzione e vendita di cucine da esterno. L&#8217;attivit\u00e0 produttiva \u00e8 sempre pi\u00f9 improntata alla lavorazione della lamiera, dell\u2019acciaio inox e dell\u2019alluminio realizzando prevalentemente cucine e mobili in acciaio inox, cassettiere da lavoro, armadi con ripiani, porta-utensili. Prevedendo inoltre anche la progettazione di soluzioni specifiche e altamente personalizzate secondo le esigenze del cliente.<\/p>\n<p>Le cucine da esterno OF sono completamente made in Italy; vengono realizzate internamente ed hanno alla base una filiera d\u2019approvvigionamento concentrata nel territorio nazionale.<\/p>\n<\/div><\/div><\/div><\/div><\/div><\/div><\/section><section class=\"l-section wpb_row height_auto\"><div class=\"l-section-h i-cf\"><div class=\"g-cols vc_row via_grid cols_2 laptops-cols_inherit tablets-cols_inherit mobiles-cols_1 valign_top type_default stacking_default\"><div class=\"wpb_column vc_column_container\"><div class=\"vc_column-inner\"><div class=\"w-separator size_medium\"><\/div><div class=\"wpb_text_column\"><div class=\"wpb_wrapper\"><p><b>Dall\u2019industrializzazione alle cucine su misura in acciaio inox e non solo.<\/b><\/p>\n<p>Ogni cliente OF pu\u00f2 personalizzare la sua cucina creando un suo personale mix. Leader nella produzione di cucine da esterno, OF outdoorkitchens presenta un nuovo e rivoluzionario concetto di fruizione e godibilit\u00e0 degli spazi all\u2019aperto. Al suo servizio ha tutta l\u2019esperienza e la tecnologia di Officine Fanesi, per garantire, anche all\u2019esterno, la gestione modulare degli spazi tipica dell\u2019ambiente interno.<\/p>\n<p>Eccellenza, custom made, pregio dei metalli e delle finiture, ricerca e sperimentazione: sono queste le caratteristiche che ispirano Officine Fanesi. Le cucine OF outdoorkitchens, sempre di grande pregio e rifinite con grande cura, hanno la caratteristica, invece, di essere modulari e pertanto costruite &#8220;in serie&#8221;. Un prodotto pi\u00f9 economico, semplice da gestire e accessibile a tutti.<\/p>\n<\/div><\/div><div class=\"w-separator size_medium\"><\/div><div class=\"w-image align_center\"><div class=\"w-image-h\"><img decoding=\"async\" width=\"600\" height=\"400\" src=\"https:\/\/www.ofoutdoorkitchens.com\/wp-content\/uploads\/2023\/03\/azienda-OF-3-1.jpg\" class=\"attachment-full size-full\" alt=\"\" loading=\"lazy\" srcset=\"https:\/\/www.ofoutdoorkitchens.com\/wp-content\/uploads\/2023\/03\/azienda-OF-3-1.jpg 600w, https:\/\/www.ofoutdoorkitchens.com\/wp-content\/uploads\/2023\/03\/azienda-OF-3-1-300x200.jpg 300w\" sizes=\"auto, (max-width: 600px) 100vw, 600px\" \/><\/div><\/div><\/div><\/div><div class=\"wpb_column vc_column_container\"><div class=\"vc_column-inner\"><div class=\"w-image align_center\"><div class=\"w-image-h\"><img decoding=\"async\" width=\"600\" height=\"600\" src=\"https:\/\/www.ofoutdoorkitchens.com\/wp-content\/uploads\/2023\/03\/azienda-OF-2-1.jpg\" class=\"attachment-full size-full\" alt=\"\" loading=\"lazy\" srcset=\"https:\/\/www.ofoutdoorkitchens.com\/wp-content\/uploads\/2023\/03\/azienda-OF-2-1.jpg 600w, https:\/\/www.ofoutdoorkitchens.com\/wp-content\/uploads\/2023\/03\/azienda-OF-2-1-300x300.jpg 300w, https:\/\/www.ofoutdoorkitchens.com\/wp-content\/uploads\/2023\/03\/azienda-OF-2-1-150x150.jpg 150w\" sizes=\"auto, (max-width: 600px) 100vw, 600px\" \/><\/div><\/div><div class=\"w-separator size_medium\"><\/div><div class=\"w-image align_center\"><div class=\"w-image-h\"><img decoding=\"async\" width=\"600\" height=\"400\" src=\"https:\/\/www.ofoutdoorkitchens.com\/wp-content\/uploads\/2023\/03\/azienda-OF-4b.jpg\" class=\"attachment-full size-full\" alt=\"\" loading=\"lazy\" srcset=\"https:\/\/www.ofoutdoorkitchens.com\/wp-content\/uploads\/2023\/03\/azienda-OF-4b.jpg 600w, https:\/\/www.ofoutdoorkitchens.com\/wp-content\/uploads\/2023\/03\/azienda-OF-4b-300x200.jpg 300w\" sizes=\"auto, (max-width: 600px) 100vw, 600px\" \/><\/div><\/div><\/div><\/div><\/div><\/div><\/section><section class=\"l-section wpb_row height_medium\"><div class=\"l-section-h i-cf\"><div class=\"g-cols vc_row via_grid cols_1 laptops-cols_inherit tablets-cols_inherit mobiles-cols_1 valign_top type_default stacking_default\"><div class=\"wpb_column vc_column_container\"><div class=\"vc_column-inner\"><div class=\"w-btn-wrapper align_center\"><a class=\"w-btn us-btn-style_1 icon_atright\" title=\"Contatti\" href=\"https:\/\/www.ofoutdoorkitchens.com\/it\/contatti\/\"><span class=\"w-btn-label\">Contattaci per maggiori info<\/span><i class=\"far fa-long-arrow-right\"><\/i><\/a><\/div><\/div><\/div><\/div><\/div><\/section>\n","protected":false},"excerpt":{"rendered":"Azienda Cucine modulari in acciaio inox made in Italy Linearit\u00e0 ed eleganza, design d\u2019avanguardia e funzionalit\u00e0. La durevolezza dell\u2019aciaio inox si unisce alla perfezione geometrica delle linee nella creazione di soluzioni estetiche di prim\u2019ordine. OF Outdoorkitchen \u00e8 uno spin off di Officine Fanesi, azienda specializzata nella produzione di cucine customizzabili in acciaio inox. OF \u00e8...","protected":false},"author":1,"featured_media":0,"parent":0,"menu_order":0,"comment_status":"closed","ping_status":"open","template":"","meta":{"om_disable_all_campaigns":false,"_uf_show_specific_survey":0,"_uf_disable_surveys":false,"footnotes":""},"class_list":["post-2","page","type-page","status-publish","hentry"],"yoast_head":"<!-- This site is optimized with the Yoast SEO plugin v23.4 - https:\/\/yoast.com\/wordpress\/plugins\/seo\/ -->\n<title>Azienda - OF Outdoorkitchens<\/title>\n<meta name=\"robots\" content=\"index, follow, max-snippet:-1, max-image-preview:large, max-video-preview:-1\" \/>\n<link rel=\"canonical\" href=\"https:\/\/www.ofoutdoorkitchens.com\/it\/azienda\/\" \/>\n<meta property=\"og:locale\" content=\"it_IT\" \/>\n<meta property=\"og:type\" content=\"article\" \/>\n<meta property=\"og:title\" content=\"Azienda - OF Outdoorkitchens\" \/>\n<meta property=\"og:url\" content=\"https:\/\/www.ofoutdoorkitchens.com\/it\/azienda\/\" \/>\n<meta property=\"og:site_name\" content=\"OF Outdoorkitchens\" \/>\n<meta property=\"article:publisher\" content=\"https:\/\/www.facebook.com\/ofoutdoorkitchens\" \/>\n<meta property=\"article:modified_time\" content=\"2024-07-31T10:10:42+00:00\" \/>\n<meta name=\"twitter:card\" content=\"summary_large_image\" \/>\n<meta name=\"twitter:label1\" content=\"Tempo di lettura stimato\" \/>\n\t<meta name=\"twitter:data1\" content=\"2 minuti\" \/>\n<!-- \/ Yoast SEO plugin. -->","yoast_head_json":{"title":"Azienda - OF Outdoorkitchens","robots":{"index":"index","follow":"follow","max-snippet":"max-snippet:-1","max-image-preview":"max-image-preview:large","max-video-preview":"max-video-preview:-1"},"canonical":"https:\/\/www.ofoutdoorkitchens.com\/it\/azienda\/","og_locale":"it_IT","og_type":"article","og_title":"Azienda - OF Outdoorkitchens","og_url":"https:\/\/www.ofoutdoorkitchens.com\/it\/azienda\/","og_site_name":"OF Outdoorkitchens","article_publisher":"https:\/\/www.facebook.com\/ofoutdoorkitchens","article_modified_time":"2024-07-31T10:10:42+00:00","twitter_card":"summary_large_image","twitter_misc":{"Tempo di lettura stimato":"2 minuti"},"schema":{"@context":"https:\/\/schema.org","@graph":[{"@type":"WebPage","@id":"https:\/\/www.ofoutdoorkitchens.com\/it\/azienda\/","url":"https:\/\/www.ofoutdoorkitchens.com\/it\/azienda\/","name":"Azienda - OF Outdoorkitchens","isPartOf":{"@id":"https:\/\/www.ofoutdoorkitchens.com\/it\/#website"},"datePublished":"2023-01-10T15:54:56+00:00","dateModified":"2024-07-31T10:10:42+00:00","breadcrumb":{"@id":"https:\/\/www.ofoutdoorkitchens.com\/it\/azienda\/#breadcrumb"},"inLanguage":"it-IT","potentialAction":[{"@type":"ReadAction","target":["https:\/\/www.ofoutdoorkitchens.com\/it\/azienda\/"]}]},{"@type":"BreadcrumbList","@id":"https:\/\/www.ofoutdoorkitchens.com\/it\/azienda\/#breadcrumb","itemListElement":[{"@type":"ListItem","position":1,"name":"Home","item":"https:\/\/www.ofoutdoorkitchens.com\/it\/"},{"@type":"ListItem","position":2,"name":"Azienda"}]},{"@type":"WebSite","@id":"https:\/\/www.ofoutdoorkitchens.com\/it\/#website","url":"https:\/\/www.ofoutdoorkitchens.com\/it\/","name":"OF Outdoorkitchens","description":"","publisher":{"@id":"https:\/\/www.ofoutdoorkitchens.com\/it\/#organization"},"potentialAction":[{"@type":"SearchAction","target":{"@type":"EntryPoint","urlTemplate":"https:\/\/www.ofoutdoorkitchens.com\/it\/?s={search_term_string}"},"query-input":{"@type":"PropertyValueSpecification","valueRequired":true,"valueName":"search_term_string"}}],"inLanguage":"it-IT"},{"@type":"Organization","@id":"https:\/\/www.ofoutdoorkitchens.com\/it\/#organization","name":"OF Outdoorkitchens","url":"https:\/\/www.ofoutdoorkitchens.com\/it\/","logo":{"@type":"ImageObject","inLanguage":"it-IT","@id":"https:\/\/www.ofoutdoorkitchens.com\/it\/#\/schema\/logo\/image\/","url":"https:\/\/www.ofoutdoorkitchens.com\/wp-content\/uploads\/2023\/03\/logo-OF-2023-def150.png","contentUrl":"https:\/\/www.ofoutdoorkitchens.com\/wp-content\/uploads\/2023\/03\/logo-OF-2023-def150.png","width":150,"height":150,"caption":"OF Outdoorkitchens"},"image":{"@id":"https:\/\/www.ofoutdoorkitchens.com\/it\/#\/schema\/logo\/image\/"},"sameAs":["https:\/\/www.facebook.com\/ofoutdoorkitchens","https:\/\/www.instagram.com\/of.outdoorkitchens\/","https:\/\/www.linkedin.com\/company\/of-out-door-kitchens\/"]}]}},"_links":{"self":[{"href":"https:\/\/www.ofoutdoorkitchens.com\/it\/wp-json\/wp\/v2\/pages\/2","targetHints":{"allow":["GET"]}}],"collection":[{"href":"https:\/\/www.ofoutdoorkitchens.com\/it\/wp-json\/wp\/v2\/pages"}],"about":[{"href":"https:\/\/www.ofoutdoorkitchens.com\/it\/wp-json\/wp\/v2\/types\/page"}],"author":[{"embeddable":true,"href":"https:\/\/www.ofoutdoorkitchens.com\/it\/wp-json\/wp\/v2\/users\/1"}],"replies":[{"embeddable":true,"href":"https:\/\/www.ofoutdoorkitchens.com\/it\/wp-json\/wp\/v2\/comments?post=2"}],"version-history":[{"count":24,"href":"https:\/\/www.ofoutdoorkitchens.com\/it\/wp-json\/wp\/v2\/pages\/2\/revisions"}],"predecessor-version":[{"id":7792,"href":"https:\/\/www.ofoutdoorkitchens.com\/it\/wp-json\/wp\/v2\/pages\/2\/revisions\/7792"}],"wp:attachment":[{"href":"https:\/\/www.ofoutdoorkitchens.com\/it\/wp-json\/wp\/v2\/media?parent=2"}],"curies":[{"name":"wp","href":"https:\/\/api.w.org\/{rel}","templated":true}]}}