{"id":6363,"date":"2024-03-08T13:23:00","date_gmt":"2024-03-08T12:23:00","guid":{"rendered":"https:\/\/www.ofoutdoorkitchens.com\/?page_id=6363"},"modified":"2024-12-19T23:16:22","modified_gmt":"2024-12-19T22:16:22","slug":"porta-maggiore","status":"publish","type":"page","link":"https:\/\/www.ofoutdoorkitchens.com\/fr\/porta-maggiore\/","title":{"rendered":"Porta Maggiore"},"content":{"rendered":"<section class=\"l-section wpb_row height_medium\"><div class=\"l-section-h i-cf\"><div class=\"g-cols vc_row via_grid cols_2-1 laptops-cols_inherit tablets-cols_inherit mobiles-cols_1 valign_top type_default stacking_default\"><div class=\"wpb_column vc_column_container\"><div class=\"vc_column-inner\"><div class=\"w-slider style_none fit_contain nav_none count_7\"><div class=\"w-slider-h\"><div class=\"royalSlider\"><div class=\"rsContent\"><a class=\"rsImg\" data-rsw=\"1280\" data-rsh=\"960\" data-rsBigImg=\"https:\/\/www.ofoutdoorkitchens.com\/wp-content\/uploads\/2024\/06\/1570782-mod-ok-def_Rid-scaled.jpg\" href=\"https:\/\/www.ofoutdoorkitchens.com\/wp-content\/uploads\/2024\/06\/1570782-mod-ok-def_Rid-scaled.jpg\"><span data-alt=\"Cucina Mod. Porta Maggiore Bianco\"><\/span><\/a><\/div><div class=\"rsContent\"><a class=\"rsImg\" data-rsw=\"1280\" data-rsh=\"854\" data-rsBigImg=\"https:\/\/www.ofoutdoorkitchens.com\/wp-content\/uploads\/2024\/06\/1570858-mod-ok-def_Rid-scaled.jpg\" href=\"https:\/\/www.ofoutdoorkitchens.com\/wp-content\/uploads\/2024\/06\/1570858-mod-ok-def_Rid-scaled.jpg\"><span data-alt=\"Cucina Mod. Porta Maggiore Bianco\"><\/span><\/a><\/div><div class=\"rsContent\"><a class=\"rsImg\" data-rsw=\"1280\" data-rsh=\"698\" data-rsBigImg=\"https:\/\/www.ofoutdoorkitchens.com\/wp-content\/uploads\/2024\/06\/1570759-mod-ok-def-pannello-grigio_Rid-scaled.jpg\" href=\"https:\/\/www.ofoutdoorkitchens.com\/wp-content\/uploads\/2024\/06\/1570759-mod-ok-def-pannello-grigio_Rid-scaled.jpg\"><span data-alt=\"Cucina Mod. Porta Maggiore Bianco\"><\/span><\/a><\/div><div class=\"rsContent\"><a class=\"rsImg\" data-rsw=\"1280\" data-rsh=\"853\" data-rsBigImg=\"https:\/\/www.ofoutdoorkitchens.com\/wp-content\/uploads\/2024\/06\/1570940-mod-ok-def-piano-chiuso_Rid-scaled.jpg\" href=\"https:\/\/www.ofoutdoorkitchens.com\/wp-content\/uploads\/2024\/06\/1570940-mod-ok-def-piano-chiuso_Rid-scaled.jpg\"><span data-alt=\"Cucina Mod. Porta Maggiore Grigio Scuro\"><\/span><\/a><\/div><div class=\"rsContent\"><a class=\"rsImg\" data-rsw=\"1280\" data-rsh=\"793\" data-rsBigImg=\"https:\/\/www.ofoutdoorkitchens.com\/wp-content\/uploads\/2024\/06\/1570907-mod-ok-def-con-lavabo2_Rid-scaled.jpg\" href=\"https:\/\/www.ofoutdoorkitchens.com\/wp-content\/uploads\/2024\/06\/1570907-mod-ok-def-con-lavabo2_Rid-scaled.jpg\"><span data-alt=\"Cucina Mod. Porta Maggiore Grigio Scuro 3\"><\/span><\/a><\/div><div class=\"rsContent\"><a class=\"rsImg\" data-rsw=\"1280\" data-rsh=\"853\" data-rsBigImg=\"https:\/\/www.ofoutdoorkitchens.com\/wp-content\/uploads\/2024\/06\/1570918-mod-ok-def_Rid-scaled.jpg\" href=\"https:\/\/www.ofoutdoorkitchens.com\/wp-content\/uploads\/2024\/06\/1570918-mod-ok-def_Rid-scaled.jpg\"><span data-alt=\"Cucina Mod. Porta Maggiore Grigio Scuro 2\"><\/span><\/a><\/div><div class=\"rsContent\"><a class=\"rsImg\" data-rsw=\"1280\" data-rsh=\"809\" data-rsBigImg=\"https:\/\/www.ofoutdoorkitchens.com\/wp-content\/uploads\/2024\/06\/1570923-mod-ok-def_Rid-scaled.jpg\" href=\"https:\/\/www.ofoutdoorkitchens.com\/wp-content\/uploads\/2024\/06\/1570923-mod-ok-def_Rid-scaled.jpg\"><span data-alt=\"Cucina Mod. Porta Maggiore Grigio Scuro 3\"><\/span><\/a><\/div><\/div><img decoding=\"async\" src=\"https:\/\/www.ofoutdoorkitchens.com\/wp-content\/uploads\/2024\/06\/1570782-mod-ok-def_Rid-scaled.jpg\" width=\"1280\" height=\"960\" alt=\"Cucina Mod. Porta Maggiore Bianco\" loading=\"lazy\"><\/div><div class=\"w-slider-json\" onclick='return {&quot;autoScaleSlider&quot;:true,&quot;addActiveClass&quot;:true,&quot;loop&quot;:true,&quot;fadeInLoadedSlide&quot;:false,&quot;slidesSpacing&quot;:0,&quot;imageScalePadding&quot;:0,&quot;numImagesToPreload&quot;:2,&quot;arrowsNav&quot;:true,&quot;arrowsNavAutoHide&quot;:false,&quot;transitionType&quot;:&quot;move&quot;,&quot;transitionSpeed&quot;:250,&quot;block&quot;:{&quot;moveEffect&quot;:&quot;none&quot;,&quot;speed&quot;:300},&quot;thumbs&quot;:{&quot;fitInViewport&quot;:false,&quot;firstMargin&quot;:false,&quot;spacing&quot;:4},&quot;controlNavigation&quot;:&quot;none&quot;,&quot;fullscreen&quot;:{&quot;enabled&quot;:true},&quot;autoScaleSliderWidth&quot;:1280,&quot;autoScaleSliderHeight&quot;:960}'><\/div><\/div><\/div><\/div><div class=\"wpb_column vc_column_container\"><div class=\"vc_column-inner\"><div class=\"wpb_text_column\"><div class=\"wpb_wrapper\"><h2><span style=\"color: #5e5e5e;\"><strong>Porta Maggiore<\/strong><\/span><\/h2>\n<\/div><\/div><div class=\"wpb_text_column\"><div class=\"wpb_wrapper\"><p>Plongez dans l&#8217;\u00e9l\u00e9gance intemporelle de la cuisine &#8220;Porta Maggiore&#8221; de OF OutdoorKitchens. Inspir\u00e9e de la majestueuse Porte M\u00e9di\u00e9vale qui accueille la ville de Fano, cette cr\u00e9ation incarne la fusion parfaite entre histoire et modernit\u00e9. Offrez-vous le luxe d&#8217;un espace qui respire la classe et la sophistication. Porta Maggiore a \u00e9t\u00e9 soigneusement con\u00e7ue pour r\u00e9pondre aux plus hauts standards de design et de fonctionnalit\u00e9. Chaque d\u00e9tail a \u00e9t\u00e9 soigneusement \u00e9tudi\u00e9, des lignes \u00e9l\u00e9gantes aux accents distinctifs des poign\u00e9es int\u00e9gr\u00e9es au profil des fa\u00e7ades de portes et de tiroirs, pour offrir une exp\u00e9rience in\u00e9gal\u00e9e. Fabriqu\u00e9 avec des mat\u00e9riaux haut de gamme et un savoir-faire d&#8217;une pr\u00e9cision in\u00e9gal\u00e9e, ce chef-d&#8217;\u0153uvre t\u00e9moigne de la fiert\u00e9 et du d\u00e9vouement d&#8217;OF envers sa ville natale. Avec Porta Maggiore, OF continue d&#8217;\u00e9lever l&#8217;art du design vers de nouveaux sommets, t\u00e9moignage de sa recherche constante de l&#8217;excellence et de l&#8217;innovation dans le domaine des solutions sur mesure.<\/p>\n<\/div><\/div><\/div><\/div><\/div><\/div><\/section><section class=\"l-section wpb_row height_auto\"><div class=\"l-section-h i-cf\"><div class=\"g-cols vc_row via_grid cols_1 laptops-cols_inherit tablets-cols_inherit mobiles-cols_1 valign_top type_default stacking_default\"><div class=\"wpb_column vc_column_container\"><div class=\"vc_column-inner\"><div class=\"w-hwrapper valign_top align_none\" style=\"--hwrapper-gap:1.20rem\"><div class=\"w-btn-wrapper align_none\"><a class=\"w-btn us-btn-style_1 icon_atright\" target=\"_blank\" rel=\"nofollow\" title=\"Download catalogue\" href=\"https:\/\/www.ofoutdoorkitchens.com\/wp-content\/uploads\/2024\/06\/OF-outdoorkitchens-Catalogo-Tecnico-2023.pdf\"><span class=\"w-btn-label\">T\u00e9l\u00e9charger le catalogue 2023<\/span><i class=\"fas fa-long-arrow-down\"><\/i><\/a><\/div><div class=\"w-btn-wrapper align_none\"><a class=\"w-btn us-btn-style_1 icon_atright\" title=\"istruzioni montaggio\" href=\"https:\/\/www.ofoutdoorkitchens.com\/fr\/instructions-de-montage\/\"><span class=\"w-btn-label\">Instructions de montage<\/span><i class=\"fas fa-long-arrow-down\"><\/i><\/a><\/div><div class=\"w-btn-wrapper align_none\"><a class=\"w-btn us-btn-style_1 icon_atright\" title=\"Cleaning\" href=\"https:\/\/www.ofoutdoorkitchens.com\/fr\/nettoyage\/\"><span class=\"w-btn-label\">Nettoyage<\/span><i class=\"fas fa-long-arrow-down\"><\/i><\/a><\/div><\/div><\/div><\/div><\/div><\/div><\/section><section class=\"l-section wpb_row height_auto\"><div class=\"l-section-h i-cf\"><div class=\"g-cols vc_row via_grid cols_1 laptops-cols_inherit tablets-cols_inherit mobiles-cols_1 valign_top type_default stacking_default\"><div class=\"wpb_column vc_column_container\"><div class=\"vc_column-inner\"><div class=\"w-separator size_medium with_line width_default thick_1 style_solid color_border align_center\"><div class=\"w-separator-h\"><\/div><\/div><\/div><\/div><\/div><\/div><\/section><section class=\"l-section wpb_row height_auto\" id=\"personaliz\"><div class=\"l-section-h i-cf\"><div class=\"g-cols vc_row via_grid cols_1-2 laptops-cols_inherit tablets-cols_inherit mobiles-cols_1 valign_top type_default stacking_default\"><div class=\"wpb_column vc_column_container\"><div class=\"vc_column-inner\"><div class=\"wpb_text_column\"><div class=\"wpb_wrapper\"><h2>Cuisines \u00e0 personnaliser<\/h2>\n<\/div><\/div><div class=\"w-separator size_medium\"><\/div><div class=\"wpb_text_column\"><div class=\"wpb_wrapper\"><p><strong>Ta cuisine en acier.<\/strong><br \/>\n<strong>Seulement \u00e0 toi<\/strong><\/p>\n<p>Aucune de nos cuisines d&#8217;ext\u00e9rieur standard en acier ne r\u00e9pond \u00e0 tes exigences de style et d&#8217;espace?<br \/>\nPas de probl\u00e8me.<br \/>\nAvec OF outdoorkitchens tu peux concevoir ta solution dans les moindres d\u00e9tails et finitions. Ce sera ta cuisine en acier. Seulement \u00e0 toi.<br \/>\nAu sens propre du terme<\/p>\n<p>&nbsp;<\/p>\n<p><strong>D\u00e9couvre toutes les possibilit\u00e9s de personnalisation.<\/strong><\/p>\n<\/div><\/div><div class=\"w-separator size_medium\"><\/div><div class=\"w-btn-wrapper align_none\"><a class=\"w-btn us-btn-style_1 icon_atright\" title=\"Outdoor kitchens to customize\" href=\"https:\/\/www.ofoutdoorkitchens.com\/fr\/cuisines-a-personnaliser\/\"><span class=\"w-btn-label\">Voir toutes les options<\/span><i class=\"far fa-long-arrow-right\"><\/i><\/a><\/div><\/div><\/div><div class=\"wpb_column vc_column_container\"><div class=\"vc_column-inner\"><div class=\"w-image align_none\"><div class=\"w-image-h\"><img decoding=\"async\" width=\"1280\" height=\"998\" src=\"https:\/\/www.ofoutdoorkitchens.com\/wp-content\/uploads\/2023\/03\/OF_cucina-tecnica-personaliz2.jpg\" class=\"attachment-full size-full\" alt=\"\" loading=\"lazy\" srcset=\"https:\/\/www.ofoutdoorkitchens.com\/wp-content\/uploads\/2023\/03\/OF_cucina-tecnica-personaliz2.jpg 1280w, https:\/\/www.ofoutdoorkitchens.com\/wp-content\/uploads\/2023\/03\/OF_cucina-tecnica-personaliz2-300x234.jpg 300w, https:\/\/www.ofoutdoorkitchens.com\/wp-content\/uploads\/2023\/03\/OF_cucina-tecnica-personaliz2-1024x798.jpg 1024w\" sizes=\"auto, (max-width: 1280px) 100vw, 1280px\" \/><\/div><\/div><\/div><\/div><\/div><\/div><\/section><section class=\"l-section wpb_row height_medium\"><div class=\"l-section-h i-cf\"><div class=\"g-cols vc_row via_grid cols_1 laptops-cols_inherit tablets-cols_inherit mobiles-cols_1 valign_top type_default stacking_default\"><div class=\"wpb_column vc_column_container\"><div class=\"vc_column-inner\"><div class=\"w-video align_none ratio_16x9 has_iframe\"><div class=\"w-video-h\"><iframe title=\"Youtube video player\" src=\"\/\/www.youtube.com\/embed\/MuvtR24SDOU?autoplay=0&controls=1&origin=https:\/\/www.ofoutdoorkitchens.com\/fr\/&loop=0&mute=0\" allowfullscreen=\"1\" loading=\"lazy\"><\/iframe><\/div><div class=\"w-video-icon\" style=\"font-size:1.5rem;background:rgba(0,0,0,0.5);color:#fff\"><\/div><\/div><\/div><\/div><\/div><\/div><\/section>\n","protected":false},"excerpt":{"rendered":"Porta Maggiore Plongez dans l&#8217;\u00e9l\u00e9gance intemporelle de la cuisine &#8220;Porta Maggiore&#8221; de OF OutdoorKitchens. Inspir\u00e9e de la majestueuse Porte M\u00e9di\u00e9vale qui accueille la ville de Fano, cette cr\u00e9ation incarne la fusion parfaite entre histoire et modernit\u00e9. Offrez-vous le luxe d&#8217;un espace qui respire la classe et la sophistication. Porta Maggiore a \u00e9t\u00e9 soigneusement con\u00e7ue pour...","protected":false},"author":1,"featured_media":0,"parent":0,"menu_order":0,"comment_status":"closed","ping_status":"closed","template":"","meta":{"om_disable_all_campaigns":false,"_uf_show_specific_survey":0,"_uf_disable_surveys":false,"footnotes":""},"class_list":["post-6363","page","type-page","status-publish","hentry"],"yoast_head":"<!-- This site is optimized with the Yoast SEO plugin v23.4 - https:\/\/yoast.com\/wordpress\/plugins\/seo\/ -->\n<title>Porta Maggiore - OF Outdoorkitchens<\/title>\n<meta name=\"robots\" content=\"index, follow, max-snippet:-1, max-image-preview:large, max-video-preview:-1\" \/>\n<link rel=\"canonical\" href=\"https:\/\/www.ofoutdoorkitchens.com\/fr\/porta-maggiore\/\" \/>\n<meta property=\"og:locale\" content=\"fr_FR\" \/>\n<meta property=\"og:type\" content=\"article\" \/>\n<meta property=\"og:title\" content=\"Porta Maggiore - OF Outdoorkitchens\" \/>\n<meta property=\"og:url\" content=\"https:\/\/www.ofoutdoorkitchens.com\/fr\/porta-maggiore\/\" \/>\n<meta property=\"og:site_name\" content=\"OF Outdoorkitchens\" \/>\n<meta property=\"article:publisher\" content=\"https:\/\/www.facebook.com\/ofoutdoorkitchens\" \/>\n<meta property=\"article:modified_time\" content=\"2024-12-19T22:16:22+00:00\" \/>\n<meta name=\"twitter:card\" content=\"summary_large_image\" \/>\n<meta name=\"twitter:label1\" content=\"Dur\u00e9e de lecture estim\u00e9e\" \/>\n\t<meta name=\"twitter:data1\" content=\"2 minutes\" \/>\n<!-- \/ Yoast SEO plugin. -->","yoast_head_json":{"title":"Porta Maggiore - OF Outdoorkitchens","robots":{"index":"index","follow":"follow","max-snippet":"max-snippet:-1","max-image-preview":"max-image-preview:large","max-video-preview":"max-video-preview:-1"},"canonical":"https:\/\/www.ofoutdoorkitchens.com\/fr\/porta-maggiore\/","og_locale":"fr_FR","og_type":"article","og_title":"Porta Maggiore - OF Outdoorkitchens","og_url":"https:\/\/www.ofoutdoorkitchens.com\/fr\/porta-maggiore\/","og_site_name":"OF Outdoorkitchens","article_publisher":"https:\/\/www.facebook.com\/ofoutdoorkitchens","article_modified_time":"2024-12-19T22:16:22+00:00","twitter_card":"summary_large_image","twitter_misc":{"Dur\u00e9e de lecture estim\u00e9e":"2 minutes"},"schema":{"@context":"https:\/\/schema.org","@graph":[{"@type":"WebPage","@id":"https:\/\/www.ofoutdoorkitchens.com\/fr\/porta-maggiore\/","url":"https:\/\/www.ofoutdoorkitchens.com\/fr\/porta-maggiore\/","name":"Porta Maggiore - OF Outdoorkitchens","isPartOf":{"@id":"https:\/\/www.ofoutdoorkitchens.com\/fr\/#website"},"datePublished":"2024-03-08T12:23:00+00:00","dateModified":"2024-12-19T22:16:22+00:00","breadcrumb":{"@id":"https:\/\/www.ofoutdoorkitchens.com\/fr\/porta-maggiore\/#breadcrumb"},"inLanguage":"fr-FR","potentialAction":[{"@type":"ReadAction","target":["https:\/\/www.ofoutdoorkitchens.com\/fr\/porta-maggiore\/"]}]},{"@type":"BreadcrumbList","@id":"https:\/\/www.ofoutdoorkitchens.com\/fr\/porta-maggiore\/#breadcrumb","itemListElement":[{"@type":"ListItem","position":1,"name":"Home","item":"https:\/\/www.ofoutdoorkitchens.com\/fr\/"},{"@type":"ListItem","position":2,"name":"Porta Maggiore"}]},{"@type":"WebSite","@id":"https:\/\/www.ofoutdoorkitchens.com\/fr\/#website","url":"https:\/\/www.ofoutdoorkitchens.com\/fr\/","name":"OF Outdoorkitchens","description":"","publisher":{"@id":"https:\/\/www.ofoutdoorkitchens.com\/fr\/#organization"},"potentialAction":[{"@type":"SearchAction","target":{"@type":"EntryPoint","urlTemplate":"https:\/\/www.ofoutdoorkitchens.com\/fr\/?s={search_term_string}"},"query-input":{"@type":"PropertyValueSpecification","valueRequired":true,"valueName":"search_term_string"}}],"inLanguage":"fr-FR"},{"@type":"Organization","@id":"https:\/\/www.ofoutdoorkitchens.com\/fr\/#organization","name":"OF Outdoorkitchens","url":"https:\/\/www.ofoutdoorkitchens.com\/fr\/","logo":{"@type":"ImageObject","inLanguage":"fr-FR","@id":"https:\/\/www.ofoutdoorkitchens.com\/fr\/#\/schema\/logo\/image\/","url":"https:\/\/www.ofoutdoorkitchens.com\/wp-content\/uploads\/2023\/03\/logo-OF-2023-def150.png","contentUrl":"https:\/\/www.ofoutdoorkitchens.com\/wp-content\/uploads\/2023\/03\/logo-OF-2023-def150.png","width":150,"height":150,"caption":"OF Outdoorkitchens"},"image":{"@id":"https:\/\/www.ofoutdoorkitchens.com\/fr\/#\/schema\/logo\/image\/"},"sameAs":["https:\/\/www.facebook.com\/ofoutdoorkitchens","https:\/\/www.instagram.com\/of.outdoorkitchens\/","https:\/\/www.linkedin.com\/company\/of-out-door-kitchens\/"]}]}},"_links":{"self":[{"href":"https:\/\/www.ofoutdoorkitchens.com\/fr\/wp-json\/wp\/v2\/pages\/6363","targetHints":{"allow":["GET"]}}],"collection":[{"href":"https:\/\/www.ofoutdoorkitchens.com\/fr\/wp-json\/wp\/v2\/pages"}],"about":[{"href":"https:\/\/www.ofoutdoorkitchens.com\/fr\/wp-json\/wp\/v2\/types\/page"}],"author":[{"embeddable":true,"href":"https:\/\/www.ofoutdoorkitchens.com\/fr\/wp-json\/wp\/v2\/users\/1"}],"replies":[{"embeddable":true,"href":"https:\/\/www.ofoutdoorkitchens.com\/fr\/wp-json\/wp\/v2\/comments?post=6363"}],"version-history":[{"count":10,"href":"https:\/\/www.ofoutdoorkitchens.com\/fr\/wp-json\/wp\/v2\/pages\/6363\/revisions"}],"predecessor-version":[{"id":8259,"href":"https:\/\/www.ofoutdoorkitchens.com\/fr\/wp-json\/wp\/v2\/pages\/6363\/revisions\/8259"}],"wp:attachment":[{"href":"https:\/\/www.ofoutdoorkitchens.com\/fr\/wp-json\/wp\/v2\/media?parent=6363"}],"curies":[{"name":"wp","href":"https:\/\/api.w.org\/{rel}","templated":true}]}}