{"id":5387,"date":"2024-01-11T15:40:44","date_gmt":"2024-01-11T14:40:44","guid":{"rendered":"https:\/\/www.ofoutdoorkitchens.com\/?page_id=5387"},"modified":"2024-02-01T14:58:19","modified_gmt":"2024-02-01T13:58:19","slug":"refrigerateurs-congelateurs","status":"publish","type":"page","link":"https:\/\/www.ofoutdoorkitchens.com\/fr\/refrigerateurs-congelateurs\/","title":{"rendered":"R\u00e9frig\u00e9rateurs \/ Cong\u00e9lateurs"},"content":{"rendered":"<section class=\"l-section wpb_row height_medium\"><div class=\"l-section-h i-cf\"><div class=\"g-cols vc_row via_grid cols_1 laptops-cols_inherit tablets-cols_inherit mobiles-cols_1 valign_top type_default stacking_default\"><div class=\"wpb_column vc_column_container\"><div class=\"vc_column-inner\"><div class=\"wpb_text_column\"><div class=\"wpb_wrapper\"><h1 style=\"text-align: left;\">R\u00e9frig\u00e9rateurs et Cong\u00e9lateurs<\/h1>\n<\/div><\/div><div class=\"w-separator size_medium\"><\/div><div class=\"wpb_text_column\"><div class=\"wpb_wrapper\"><p>OF outdoorkitchens r\u00e9alise bases et vantaux pour \u00e9lectrom\u00e9nagers avec garantie sur l&#8217;achat. La protection contre les intemp\u00e9ries est assur\u00e9e par l&#8217;\u00e9tanch\u00e9it\u00e9 de la caisse en acier inoxydable.<\/p>\n<\/div><\/div><div class=\"w-separator size_medium\"><\/div><div class=\"wpb_text_column\"><div class=\"wpb_wrapper\"><h4><strong>R\u00c9FRIG\u00c9RATEURS<\/strong><\/h4>\n<ol>\n<li><strong>AEG<\/strong> | R\u00e9frig\u00e9rateur AEG SKB582F1AF <a href=\"https:\/\/www.ofoutdoorkitchens.com\/wp-content\/uploads\/2024\/01\/Datasheet_SKB582F1AF-2.pdf\">FICHE TECHNIQUE<\/a><\/li>\n<li><strong>Smeg <\/strong>| R\u00e9frig\u00e9rateur Smeg U8L080DF <a href=\"https:\/\/www.ofoutdoorkitchens.com\/wp-content\/uploads\/2024\/02\/ING-U8L080DF-frigo-Smeg.pdf\">FICHE TECHNIQUE <\/a><\/li>\n<li><strong>Napoleon<\/strong> | R\u00e9frig\u00e9rateur d&#8217;ext\u00e9rieur libre installation mono temp\u00e9rature Napoleon BC45AA<\/li>\n<\/ol>\n<\/div><\/div><div class=\"w-separator size_medium\"><\/div><div class=\"wpb_text_column\"><div class=\"wpb_wrapper\"><h4><strong>CONG\u00c9LATEURS<\/strong><\/h4>\n<ol>\n<li><strong>AEG<\/strong> | Cong\u00e9lateur AEG ABB682F1AF <a href=\"https:\/\/www.ofoutdoorkitchens.com\/wp-content\/uploads\/2024\/01\/Datasheet_ABB682F1AF-2.pdf\">FICHE TECHNIQUE<\/a><\/li>\n<li><strong>AEG<\/strong> | R\u00e9frig\u00e9rateur\/Cong\u00e9lateur AEG SFB682E1AF <a href=\"https:\/\/www.ofoutdoorkitchens.com\/wp-content\/uploads\/2024\/01\/Datasheet_SFB682E1AF-2.pdf\">FICHE TECHNIQUE<\/a><\/li>\n<li><strong>Bosch <\/strong>| R\u00e9frig\u00e9rateur\/Cong\u00e9lateur Bosch KIV86NSF0 <a href=\"https:\/\/www.ofoutdoorkitchens.com\/wp-content\/uploads\/2024\/01\/ING-KIV86NSF0.pdf\">FICHE TECHNIQUE<\/a><\/li>\n<\/ol>\n<\/div><\/div><\/div><\/div><\/div><\/div><\/section><section class=\"l-section wpb_row height_medium\"><div class=\"l-section-h i-cf\"><div class=\"g-cols vc_row via_grid cols_1 laptops-cols_inherit tablets-cols_inherit mobiles-cols_1 valign_top type_default stacking_default\"><div class=\"wpb_column vc_column_container\"><div class=\"vc_column-inner\"><div class=\"w-separator size_medium with_line width_default thick_1 style_solid color_border align_center\"><div class=\"w-separator-h\"><\/div><\/div><div class=\"w-btn-wrapper align_center\"><a class=\"w-btn us-btn-style_1 icon_atleft\" title=\"Contacts\" href=\"https:\/\/www.ofoutdoorkitchens.com\/fr\/?page_id=4204 \"><i class=\"far fa-long-arrow-left\"><\/i><span class=\"w-btn-label\">Reviens en arri\u00e8re<\/span><\/a><\/div><\/div><\/div><\/div><\/div><\/section>\n","protected":false},"excerpt":{"rendered":"R\u00e9frig\u00e9rateurs et Cong\u00e9lateurs OF outdoorkitchens r\u00e9alise bases et vantaux pour \u00e9lectrom\u00e9nagers avec garantie sur l&#8217;achat. La protection contre les intemp\u00e9ries est assur\u00e9e par l&#8217;\u00e9tanch\u00e9it\u00e9 de la caisse en acier inoxydable. R\u00c9FRIG\u00c9RATEURS AEG | R\u00e9frig\u00e9rateur AEG SKB582F1AF FICHE TECHNIQUE Smeg | R\u00e9frig\u00e9rateur Smeg U8L080DF FICHE TECHNIQUE Napoleon | R\u00e9frig\u00e9rateur d&#8217;ext\u00e9rieur libre installation mono temp\u00e9rature Napoleon BC45AA...","protected":false},"author":1,"featured_media":0,"parent":0,"menu_order":0,"comment_status":"closed","ping_status":"open","template":"","meta":{"om_disable_all_campaigns":false,"_uf_show_specific_survey":0,"_uf_disable_surveys":false,"footnotes":""},"class_list":["post-5387","page","type-page","status-publish","hentry"],"yoast_head":"<!-- This site is optimized with the Yoast SEO plugin v23.4 - https:\/\/yoast.com\/wordpress\/plugins\/seo\/ -->\n<title>R\u00e9frig\u00e9rateurs \/ Cong\u00e9lateurs - OF Outdoorkitchens<\/title>\n<meta name=\"robots\" content=\"index, follow, max-snippet:-1, max-image-preview:large, max-video-preview:-1\" \/>\n<link rel=\"canonical\" href=\"https:\/\/www.ofoutdoorkitchens.com\/fr\/refrigerateurs-congelateurs\/\" \/>\n<meta property=\"og:locale\" content=\"fr_FR\" \/>\n<meta property=\"og:type\" content=\"article\" \/>\n<meta property=\"og:title\" content=\"R\u00e9frig\u00e9rateurs \/ Cong\u00e9lateurs - OF Outdoorkitchens\" \/>\n<meta property=\"og:url\" content=\"https:\/\/www.ofoutdoorkitchens.com\/fr\/refrigerateurs-congelateurs\/\" \/>\n<meta property=\"og:site_name\" content=\"OF Outdoorkitchens\" \/>\n<meta property=\"article:publisher\" content=\"https:\/\/www.facebook.com\/ofoutdoorkitchens\" \/>\n<meta property=\"article:modified_time\" content=\"2024-02-01T13:58:19+00:00\" \/>\n<meta name=\"twitter:card\" content=\"summary_large_image\" \/>\n<meta name=\"twitter:label1\" content=\"Dur\u00e9e de lecture estim\u00e9e\" \/>\n\t<meta name=\"twitter:data1\" content=\"2 minutes\" \/>\n<!-- \/ Yoast SEO plugin. -->","yoast_head_json":{"title":"R\u00e9frig\u00e9rateurs \/ Cong\u00e9lateurs - OF Outdoorkitchens","robots":{"index":"index","follow":"follow","max-snippet":"max-snippet:-1","max-image-preview":"max-image-preview:large","max-video-preview":"max-video-preview:-1"},"canonical":"https:\/\/www.ofoutdoorkitchens.com\/fr\/refrigerateurs-congelateurs\/","og_locale":"fr_FR","og_type":"article","og_title":"R\u00e9frig\u00e9rateurs \/ Cong\u00e9lateurs - OF Outdoorkitchens","og_url":"https:\/\/www.ofoutdoorkitchens.com\/fr\/refrigerateurs-congelateurs\/","og_site_name":"OF Outdoorkitchens","article_publisher":"https:\/\/www.facebook.com\/ofoutdoorkitchens","article_modified_time":"2024-02-01T13:58:19+00:00","twitter_card":"summary_large_image","twitter_misc":{"Dur\u00e9e de lecture estim\u00e9e":"2 minutes"},"schema":{"@context":"https:\/\/schema.org","@graph":[{"@type":"WebPage","@id":"https:\/\/www.ofoutdoorkitchens.com\/fr\/refrigerateurs-congelateurs\/","url":"https:\/\/www.ofoutdoorkitchens.com\/fr\/refrigerateurs-congelateurs\/","name":"R\u00e9frig\u00e9rateurs \/ Cong\u00e9lateurs - OF Outdoorkitchens","isPartOf":{"@id":"https:\/\/www.ofoutdoorkitchens.com\/fr\/#website"},"datePublished":"2024-01-11T14:40:44+00:00","dateModified":"2024-02-01T13:58:19+00:00","breadcrumb":{"@id":"https:\/\/www.ofoutdoorkitchens.com\/fr\/refrigerateurs-congelateurs\/#breadcrumb"},"inLanguage":"fr-FR","potentialAction":[{"@type":"ReadAction","target":["https:\/\/www.ofoutdoorkitchens.com\/fr\/refrigerateurs-congelateurs\/"]}]},{"@type":"BreadcrumbList","@id":"https:\/\/www.ofoutdoorkitchens.com\/fr\/refrigerateurs-congelateurs\/#breadcrumb","itemListElement":[{"@type":"ListItem","position":1,"name":"Home","item":"https:\/\/www.ofoutdoorkitchens.com\/fr\/"},{"@type":"ListItem","position":2,"name":"R\u00e9frig\u00e9rateurs \/ Cong\u00e9lateurs"}]},{"@type":"WebSite","@id":"https:\/\/www.ofoutdoorkitchens.com\/fr\/#website","url":"https:\/\/www.ofoutdoorkitchens.com\/fr\/","name":"OF Outdoorkitchens","description":"","publisher":{"@id":"https:\/\/www.ofoutdoorkitchens.com\/fr\/#organization"},"potentialAction":[{"@type":"SearchAction","target":{"@type":"EntryPoint","urlTemplate":"https:\/\/www.ofoutdoorkitchens.com\/fr\/?s={search_term_string}"},"query-input":{"@type":"PropertyValueSpecification","valueRequired":true,"valueName":"search_term_string"}}],"inLanguage":"fr-FR"},{"@type":"Organization","@id":"https:\/\/www.ofoutdoorkitchens.com\/fr\/#organization","name":"OF Outdoorkitchens","url":"https:\/\/www.ofoutdoorkitchens.com\/fr\/","logo":{"@type":"ImageObject","inLanguage":"fr-FR","@id":"https:\/\/www.ofoutdoorkitchens.com\/fr\/#\/schema\/logo\/image\/","url":"https:\/\/www.ofoutdoorkitchens.com\/wp-content\/uploads\/2023\/03\/logo-OF-2023-def150.png","contentUrl":"https:\/\/www.ofoutdoorkitchens.com\/wp-content\/uploads\/2023\/03\/logo-OF-2023-def150.png","width":150,"height":150,"caption":"OF Outdoorkitchens"},"image":{"@id":"https:\/\/www.ofoutdoorkitchens.com\/fr\/#\/schema\/logo\/image\/"},"sameAs":["https:\/\/www.facebook.com\/ofoutdoorkitchens","https:\/\/www.instagram.com\/of.outdoorkitchens\/","https:\/\/www.linkedin.com\/company\/of-out-door-kitchens\/"]}]}},"_links":{"self":[{"href":"https:\/\/www.ofoutdoorkitchens.com\/fr\/wp-json\/wp\/v2\/pages\/5387","targetHints":{"allow":["GET"]}}],"collection":[{"href":"https:\/\/www.ofoutdoorkitchens.com\/fr\/wp-json\/wp\/v2\/pages"}],"about":[{"href":"https:\/\/www.ofoutdoorkitchens.com\/fr\/wp-json\/wp\/v2\/types\/page"}],"author":[{"embeddable":true,"href":"https:\/\/www.ofoutdoorkitchens.com\/fr\/wp-json\/wp\/v2\/users\/1"}],"replies":[{"embeddable":true,"href":"https:\/\/www.ofoutdoorkitchens.com\/fr\/wp-json\/wp\/v2\/comments?post=5387"}],"version-history":[{"count":12,"href":"https:\/\/www.ofoutdoorkitchens.com\/fr\/wp-json\/wp\/v2\/pages\/5387\/revisions"}],"predecessor-version":[{"id":5978,"href":"https:\/\/www.ofoutdoorkitchens.com\/fr\/wp-json\/wp\/v2\/pages\/5387\/revisions\/5978"}],"wp:attachment":[{"href":"https:\/\/www.ofoutdoorkitchens.com\/fr\/wp-json\/wp\/v2\/media?parent=5387"}],"curies":[{"name":"wp","href":"https:\/\/api.w.org\/{rel}","templated":true}]}}