{"id":5353,"date":"2024-01-11T14:41:43","date_gmt":"2024-01-11T13:41:43","guid":{"rendered":"https:\/\/www.ofoutdoorkitchens.com\/?page_id=5353"},"modified":"2024-02-01T14:59:25","modified_gmt":"2024-02-01T13:59:25","slug":"lave-vaisselles","status":"publish","type":"page","link":"https:\/\/www.ofoutdoorkitchens.com\/fr\/lave-vaisselles\/","title":{"rendered":"Lave-vaisselles"},"content":{"rendered":"<section class=\"l-section wpb_row height_medium\"><div class=\"l-section-h i-cf\"><div class=\"g-cols vc_row via_grid cols_1 laptops-cols_inherit tablets-cols_inherit mobiles-cols_1 valign_top type_default stacking_default\"><div class=\"wpb_column vc_column_container\"><div class=\"vc_column-inner\"><div class=\"wpb_text_column\"><div class=\"wpb_wrapper\"><h1 style=\"text-align: left;\">Lave-vaisselles<\/h1>\n<\/div><\/div><div class=\"w-separator size_medium\"><\/div><div class=\"wpb_text_column\"><div class=\"wpb_wrapper\"><p>OF outdoorkitchens r\u00e9alise bases et vantaux pour \u00e9lectrom\u00e9nagers avec garantie sur l&#8217;achat. La protection contre les intemp\u00e9ries est assur\u00e9e par l&#8217;\u00e9tanch\u00e9it\u00e9 de la caisse en acier inoxydable.<\/p>\n<\/div><\/div><div class=\"w-separator size_medium\"><\/div><div class=\"wpb_text_column\"><div class=\"wpb_wrapper\"><p><strong>LAVE-VAISSELLES<\/strong><\/p>\n<ol>\n<li><strong>Electrolux<\/strong> | Lave-vaisselle Electrolux KEAF7200L <a href=\"https:\/\/www.ofoutdoorkitchens.com\/wp-content\/uploads\/2024\/01\/Datasheet_KEAF7200L.pdf\">FICHE TECHNIQUE<\/a><\/li>\n<\/ol>\n<\/div><\/div><\/div><\/div><\/div><\/div><\/section><section class=\"l-section wpb_row height_medium\"><div class=\"l-section-h i-cf\"><div class=\"g-cols vc_row via_grid cols_1 laptops-cols_inherit tablets-cols_inherit mobiles-cols_1 valign_top type_default stacking_default\"><div class=\"wpb_column vc_column_container\"><div class=\"vc_column-inner\"><div class=\"w-separator size_medium with_line width_default thick_1 style_solid color_border align_center\"><div class=\"w-separator-h\"><\/div><\/div><div class=\"w-btn-wrapper align_center\"><a class=\"w-btn us-btn-style_1 icon_atleft\" title=\"Contacts\" href=\"https:\/\/www.ofoutdoorkitchens.com\/fr\/?page_id=4204 \"><i class=\"far fa-long-arrow-left\"><\/i><span class=\"w-btn-label\">Reviens en arri\u00e8re<\/span><\/a><\/div><\/div><\/div><\/div><\/div><\/section>\n","protected":false},"excerpt":{"rendered":"Lave-vaisselles OF outdoorkitchens r\u00e9alise bases et vantaux pour \u00e9lectrom\u00e9nagers avec garantie sur l&#8217;achat. La protection contre les intemp\u00e9ries est assur\u00e9e par l&#8217;\u00e9tanch\u00e9it\u00e9 de la caisse en acier inoxydable. LAVE-VAISSELLES Electrolux | Lave-vaisselle Electrolux KEAF7200L FICHE TECHNIQUE Reviens en arri\u00e8re","protected":false},"author":1,"featured_media":0,"parent":0,"menu_order":0,"comment_status":"closed","ping_status":"open","template":"","meta":{"om_disable_all_campaigns":false,"_uf_show_specific_survey":0,"_uf_disable_surveys":false,"footnotes":""},"class_list":["post-5353","page","type-page","status-publish","hentry"],"yoast_head":"<!-- This site is optimized with the Yoast SEO plugin v23.4 - https:\/\/yoast.com\/wordpress\/plugins\/seo\/ -->\n<title>Lave-vaisselles - OF Outdoorkitchens<\/title>\n<meta name=\"robots\" content=\"index, follow, max-snippet:-1, max-image-preview:large, max-video-preview:-1\" \/>\n<link rel=\"canonical\" href=\"https:\/\/www.ofoutdoorkitchens.com\/fr\/lave-vaisselles\/\" \/>\n<meta property=\"og:locale\" content=\"fr_FR\" \/>\n<meta property=\"og:type\" content=\"article\" \/>\n<meta property=\"og:title\" content=\"Lave-vaisselles - OF Outdoorkitchens\" \/>\n<meta property=\"og:url\" content=\"https:\/\/www.ofoutdoorkitchens.com\/fr\/lave-vaisselles\/\" \/>\n<meta property=\"og:site_name\" content=\"OF Outdoorkitchens\" \/>\n<meta property=\"article:publisher\" content=\"https:\/\/www.facebook.com\/ofoutdoorkitchens\" \/>\n<meta property=\"article:modified_time\" content=\"2024-02-01T13:59:25+00:00\" \/>\n<meta name=\"twitter:card\" content=\"summary_large_image\" \/>\n<meta name=\"twitter:label1\" content=\"Dur\u00e9e de lecture estim\u00e9e\" \/>\n\t<meta name=\"twitter:data1\" content=\"2 minutes\" \/>\n<!-- \/ Yoast SEO plugin. -->","yoast_head_json":{"title":"Lave-vaisselles - OF Outdoorkitchens","robots":{"index":"index","follow":"follow","max-snippet":"max-snippet:-1","max-image-preview":"max-image-preview:large","max-video-preview":"max-video-preview:-1"},"canonical":"https:\/\/www.ofoutdoorkitchens.com\/fr\/lave-vaisselles\/","og_locale":"fr_FR","og_type":"article","og_title":"Lave-vaisselles - OF Outdoorkitchens","og_url":"https:\/\/www.ofoutdoorkitchens.com\/fr\/lave-vaisselles\/","og_site_name":"OF Outdoorkitchens","article_publisher":"https:\/\/www.facebook.com\/ofoutdoorkitchens","article_modified_time":"2024-02-01T13:59:25+00:00","twitter_card":"summary_large_image","twitter_misc":{"Dur\u00e9e de lecture estim\u00e9e":"2 minutes"},"schema":{"@context":"https:\/\/schema.org","@graph":[{"@type":"WebPage","@id":"https:\/\/www.ofoutdoorkitchens.com\/fr\/lave-vaisselles\/","url":"https:\/\/www.ofoutdoorkitchens.com\/fr\/lave-vaisselles\/","name":"Lave-vaisselles - OF Outdoorkitchens","isPartOf":{"@id":"https:\/\/www.ofoutdoorkitchens.com\/fr\/#website"},"datePublished":"2024-01-11T13:41:43+00:00","dateModified":"2024-02-01T13:59:25+00:00","breadcrumb":{"@id":"https:\/\/www.ofoutdoorkitchens.com\/fr\/lave-vaisselles\/#breadcrumb"},"inLanguage":"fr-FR","potentialAction":[{"@type":"ReadAction","target":["https:\/\/www.ofoutdoorkitchens.com\/fr\/lave-vaisselles\/"]}]},{"@type":"BreadcrumbList","@id":"https:\/\/www.ofoutdoorkitchens.com\/fr\/lave-vaisselles\/#breadcrumb","itemListElement":[{"@type":"ListItem","position":1,"name":"Home","item":"https:\/\/www.ofoutdoorkitchens.com\/fr\/"},{"@type":"ListItem","position":2,"name":"Lave-vaisselles"}]},{"@type":"WebSite","@id":"https:\/\/www.ofoutdoorkitchens.com\/fr\/#website","url":"https:\/\/www.ofoutdoorkitchens.com\/fr\/","name":"OF Outdoorkitchens","description":"","publisher":{"@id":"https:\/\/www.ofoutdoorkitchens.com\/fr\/#organization"},"potentialAction":[{"@type":"SearchAction","target":{"@type":"EntryPoint","urlTemplate":"https:\/\/www.ofoutdoorkitchens.com\/fr\/?s={search_term_string}"},"query-input":{"@type":"PropertyValueSpecification","valueRequired":true,"valueName":"search_term_string"}}],"inLanguage":"fr-FR"},{"@type":"Organization","@id":"https:\/\/www.ofoutdoorkitchens.com\/fr\/#organization","name":"OF Outdoorkitchens","url":"https:\/\/www.ofoutdoorkitchens.com\/fr\/","logo":{"@type":"ImageObject","inLanguage":"fr-FR","@id":"https:\/\/www.ofoutdoorkitchens.com\/fr\/#\/schema\/logo\/image\/","url":"https:\/\/www.ofoutdoorkitchens.com\/wp-content\/uploads\/2023\/03\/logo-OF-2023-def150.png","contentUrl":"https:\/\/www.ofoutdoorkitchens.com\/wp-content\/uploads\/2023\/03\/logo-OF-2023-def150.png","width":150,"height":150,"caption":"OF Outdoorkitchens"},"image":{"@id":"https:\/\/www.ofoutdoorkitchens.com\/fr\/#\/schema\/logo\/image\/"},"sameAs":["https:\/\/www.facebook.com\/ofoutdoorkitchens","https:\/\/www.instagram.com\/of.outdoorkitchens\/","https:\/\/www.linkedin.com\/company\/of-out-door-kitchens\/"]}]}},"_links":{"self":[{"href":"https:\/\/www.ofoutdoorkitchens.com\/fr\/wp-json\/wp\/v2\/pages\/5353","targetHints":{"allow":["GET"]}}],"collection":[{"href":"https:\/\/www.ofoutdoorkitchens.com\/fr\/wp-json\/wp\/v2\/pages"}],"about":[{"href":"https:\/\/www.ofoutdoorkitchens.com\/fr\/wp-json\/wp\/v2\/types\/page"}],"author":[{"embeddable":true,"href":"https:\/\/www.ofoutdoorkitchens.com\/fr\/wp-json\/wp\/v2\/users\/1"}],"replies":[{"embeddable":true,"href":"https:\/\/www.ofoutdoorkitchens.com\/fr\/wp-json\/wp\/v2\/comments?post=5353"}],"version-history":[{"count":7,"href":"https:\/\/www.ofoutdoorkitchens.com\/fr\/wp-json\/wp\/v2\/pages\/5353\/revisions"}],"predecessor-version":[{"id":5979,"href":"https:\/\/www.ofoutdoorkitchens.com\/fr\/wp-json\/wp\/v2\/pages\/5353\/revisions\/5979"}],"wp:attachment":[{"href":"https:\/\/www.ofoutdoorkitchens.com\/fr\/wp-json\/wp\/v2\/media?parent=5353"}],"curies":[{"name":"wp","href":"https:\/\/api.w.org\/{rel}","templated":true}]}}