{"id":4137,"date":"2024-01-09T17:04:04","date_gmt":"2024-01-09T16:04:04","guid":{"rendered":"https:\/\/www.ofoutdoorkitchens.com\/?page_id=4137"},"modified":"2024-02-01T14:40:50","modified_gmt":"2024-02-01T13:40:50","slug":"eviers-robinets","status":"publish","type":"page","link":"https:\/\/www.ofoutdoorkitchens.com\/fr\/eviers-robinets\/","title":{"rendered":"\u00c9viers \/ Robinets"},"content":{"rendered":"<section class=\"l-section wpb_row height_medium\"><div class=\"l-section-h i-cf\"><div class=\"g-cols vc_row via_grid cols_1 laptops-cols_inherit tablets-cols_inherit mobiles-cols_1 valign_top type_default stacking_default\"><div class=\"wpb_column vc_column_container\"><div class=\"vc_column-inner\"><div class=\"wpb_text_column\"><div class=\"wpb_wrapper\"><h1>\u00c9viers et Robinets<\/h1>\n<\/div><\/div><div class=\"w-separator size_medium\"><\/div><div class=\"wpb_text_column\"><div class=\"wpb_wrapper\"><p>OF outdoorkitchens r\u00e9alise bases avec arri\u00e8re ou sans arri\u00e8re sp\u00e9cialement con\u00e7ues pour contenir des \u00e9viers de dimensions correspondants.<\/p>\n<\/div><\/div><div class=\"w-separator size_medium\"><\/div><div class=\"wpb_text_column\"><div class=\"wpb_wrapper\"><div class=\"wpb_text_column\">\n<div class=\"wpb_wrapper\">\n<h4><strong>\u00c9VIERS<\/strong><\/h4>\n<p><strong>\u00c9VIERS SUR PLAN\u00a0<\/strong><\/p>\n<ol>\n<li><strong>Barazza<\/strong> | \u00c9vier en acier sur plan Barazza 1X3440I pour base L45 cm (cuve mm 340x400x195) <a href=\"https:\/\/www.ofoutdoorkitchens.com\/wp-content\/uploads\/2023\/07\/lavello-45-sopratop-barazza.pdf\">FICHE TECHNIQUE<\/a><\/li>\n<li><strong>Barazza<\/strong> | \u00c9vier acier 316 sur plan Barazza 1QR506 R12 pour base L60 cm (cuve mm\u00a0500x400x200) <a href=\"https:\/\/www.ofoutdoorkitchens.com\/wp-content\/uploads\/2024\/01\/BARAZZA-L.60-316-1QR506.pdf\">FICHE TECHNIQUE<\/a><\/li>\n<li><strong>Barazza<\/strong> | \u00c9vier en acier 316 Barazza LABCOVER 1LLB606 R0 avec robinet pour base L60 cm (cuve mm 540X340x183)\u00a0<a href=\"https:\/\/www.ofoutdoorkitchens.com\/wp-content\/uploads\/2024\/01\/BARAZZA-LAB-COVER-1LLB606.pdf\">FICHE TECHNIQUE<\/a><\/li>\n<li><strong>Foster<\/strong> | \u00c9vier en acier sur plan Foster KE 2155050 R15 pour base L60 cm (cuve mm 500x400x195) <a href=\"https:\/\/www.ofoutdoorkitchens.com\/wp-content\/uploads\/2024\/02\/ING-lavello-Foster-KE-2155-050.pdf\">FICHE TECHNIQUE<\/a><\/li>\n<li><strong>Foster<\/strong> | \u00c9vier en acier sur plan Foster KE 2157050 R15 pour base OF L90\/120 cm (cuve mm 710x400x195) <a href=\"https:\/\/www.ofoutdoorkitchens.com\/wp-content\/uploads\/2024\/02\/ING-Lavello-Foster-KE-2157-050.pdf\">FICHE TECHNIQUE<\/a><\/li>\n<\/ol>\n<p><strong>\u00c9VIERS SOUS PLAN<\/strong><\/p>\n<ol>\n<li><strong>Foster<\/strong> |\u00a0\u00c9vier sous plan Foster Quadra 1215850 R0 pour base L60 cm (cuve mm 500x400x195) <a href=\"https:\/\/www.ofoutdoorkitchens.com\/wp-content\/uploads\/2024\/02\/ING-1215850.pdf\">FICHE TECHNIQUE<\/a><\/li>\n<li><strong>Foster<\/strong> | \u00c9vier en acier sous plan Foster Quadra 1217850 R0 pour base L90\/120 cm (cuve mm 710x400x195) <a href=\"https:\/\/www.ofoutdoorkitchens.com\/wp-content\/uploads\/2024\/02\/ING-1217850.pdf\">FICHE TECHNIQUE<\/a><\/li>\n<\/ol>\n<\/div>\n<\/div>\n<\/div><\/div><div class=\"w-separator size_medium\"><\/div><div class=\"wpb_text_column\"><div class=\"wpb_wrapper\"><h4><strong>ROBINETS<\/strong><\/h4>\n<ol>\n<li><strong>Vema<\/strong> | Robinet Square Acier 304 <a href=\"https:\/\/www.ofoutdoorkitchens.com\/wp-content\/uploads\/2024\/01\/V20022-miscelatore-vema-forn.-APM-SQUARE.pdf\">FICHE TECHNIQUE<\/a><\/li>\n<li><strong>Nobili<\/strong> | Robinet Nobili FL96133IP Acier 316 <a href=\"https:\/\/www.ofoutdoorkitchens.com\/wp-content\/uploads\/2024\/02\/FL96133IP-tech_en.pdf\">FICHE TECHNIQUE<\/a><\/li>\n<li><strong>DEMM<\/strong> | Robinet DEMM 8087 Acier 304 <a href=\"https:\/\/www.ofoutdoorkitchens.com\/wp-content\/uploads\/2024\/02\/ING-Demm-Art.8087.pdf\">FICHE TECHNIQUE<\/a><\/li>\n<li><strong>Super Inox<\/strong> | Robinet SuperInox Dylan 0010223X-022 Acier satin\u00e9 316 avec douchette extractible <a href=\"https:\/\/www.ofoutdoorkitchens.com\/wp-content\/uploads\/2024\/02\/0010223X_EN.pdf\">FICHE TECHNIQUE<\/a><\/li>\n<li><strong>Foster<\/strong> | Robinet rabattable chrom\u00e9 Foster Flat 8478 001 con commande \u00e0 distance <a href=\"https:\/\/www.ofoutdoorkitchens.com\/wp-content\/uploads\/2024\/02\/ING-Rubinetto-abbattibile-Foster-Flat-8478001.pdf\">FICHE TECHNIQUE<\/a><\/li>\n<\/ol>\n<\/div><\/div><\/div><\/div><\/div><\/div><\/section><section class=\"l-section wpb_row height_medium\"><div class=\"l-section-h i-cf\"><div class=\"g-cols vc_row via_grid cols_1 laptops-cols_inherit tablets-cols_inherit mobiles-cols_1 valign_top type_default stacking_default\"><div class=\"wpb_column vc_column_container\"><div class=\"vc_column-inner\"><div class=\"w-separator size_medium with_line width_default thick_1 style_solid color_border align_center\"><div class=\"w-separator-h\"><\/div><\/div><div class=\"w-btn-wrapper align_center\"><a class=\"w-btn us-btn-style_1 icon_atleft\" href=\" https:\/\/www.ofoutdoorkitchens.com\/fr\/accessoires-et-electromenagers\/\"><i class=\"far fa-long-arrow-left\"><\/i><span class=\"w-btn-label\">Reviens en arri\u00e8re<\/span><\/a><\/div><\/div><\/div><\/div><\/div><\/section>\n","protected":false},"excerpt":{"rendered":"\u00c9viers et Robinets OF outdoorkitchens r\u00e9alise bases avec arri\u00e8re ou sans arri\u00e8re sp\u00e9cialement con\u00e7ues pour contenir des \u00e9viers de dimensions correspondants. \u00c9VIERS \u00c9VIERS SUR PLAN\u00a0 Barazza | \u00c9vier en acier sur plan Barazza 1X3440I pour base L45 cm (cuve mm 340x400x195) FICHE TECHNIQUE Barazza | \u00c9vier acier 316 sur plan Barazza 1QR506 R12 pour base...","protected":false},"author":1,"featured_media":0,"parent":0,"menu_order":0,"comment_status":"closed","ping_status":"open","template":"","meta":{"om_disable_all_campaigns":false,"_uf_show_specific_survey":0,"_uf_disable_surveys":false,"footnotes":""},"class_list":["post-4137","page","type-page","status-publish","hentry"],"yoast_head":"<!-- This site is optimized with the Yoast SEO plugin v23.4 - https:\/\/yoast.com\/wordpress\/plugins\/seo\/ -->\n<title>\u00c9viers \/ Robinets - OF Outdoorkitchens<\/title>\n<meta name=\"robots\" content=\"index, follow, max-snippet:-1, max-image-preview:large, max-video-preview:-1\" \/>\n<link rel=\"canonical\" href=\"https:\/\/www.ofoutdoorkitchens.com\/fr\/eviers-robinets\/\" \/>\n<meta property=\"og:locale\" content=\"fr_FR\" \/>\n<meta property=\"og:type\" content=\"article\" \/>\n<meta property=\"og:title\" content=\"\u00c9viers \/ Robinets - OF Outdoorkitchens\" \/>\n<meta property=\"og:url\" content=\"https:\/\/www.ofoutdoorkitchens.com\/fr\/eviers-robinets\/\" \/>\n<meta property=\"og:site_name\" content=\"OF Outdoorkitchens\" \/>\n<meta property=\"article:publisher\" content=\"https:\/\/www.facebook.com\/ofoutdoorkitchens\" \/>\n<meta property=\"article:modified_time\" content=\"2024-02-01T13:40:50+00:00\" \/>\n<meta name=\"twitter:card\" content=\"summary_large_image\" \/>\n<meta name=\"twitter:label1\" content=\"Dur\u00e9e de lecture estim\u00e9e\" \/>\n\t<meta name=\"twitter:data1\" content=\"2 minutes\" \/>\n<!-- \/ Yoast SEO plugin. -->","yoast_head_json":{"title":"\u00c9viers \/ Robinets - OF Outdoorkitchens","robots":{"index":"index","follow":"follow","max-snippet":"max-snippet:-1","max-image-preview":"max-image-preview:large","max-video-preview":"max-video-preview:-1"},"canonical":"https:\/\/www.ofoutdoorkitchens.com\/fr\/eviers-robinets\/","og_locale":"fr_FR","og_type":"article","og_title":"\u00c9viers \/ Robinets - OF Outdoorkitchens","og_url":"https:\/\/www.ofoutdoorkitchens.com\/fr\/eviers-robinets\/","og_site_name":"OF Outdoorkitchens","article_publisher":"https:\/\/www.facebook.com\/ofoutdoorkitchens","article_modified_time":"2024-02-01T13:40:50+00:00","twitter_card":"summary_large_image","twitter_misc":{"Dur\u00e9e de lecture estim\u00e9e":"2 minutes"},"schema":{"@context":"https:\/\/schema.org","@graph":[{"@type":"WebPage","@id":"https:\/\/www.ofoutdoorkitchens.com\/fr\/eviers-robinets\/","url":"https:\/\/www.ofoutdoorkitchens.com\/fr\/eviers-robinets\/","name":"\u00c9viers \/ Robinets - OF Outdoorkitchens","isPartOf":{"@id":"https:\/\/www.ofoutdoorkitchens.com\/fr\/#website"},"datePublished":"2024-01-09T16:04:04+00:00","dateModified":"2024-02-01T13:40:50+00:00","breadcrumb":{"@id":"https:\/\/www.ofoutdoorkitchens.com\/fr\/eviers-robinets\/#breadcrumb"},"inLanguage":"fr-FR","potentialAction":[{"@type":"ReadAction","target":["https:\/\/www.ofoutdoorkitchens.com\/fr\/eviers-robinets\/"]}]},{"@type":"BreadcrumbList","@id":"https:\/\/www.ofoutdoorkitchens.com\/fr\/eviers-robinets\/#breadcrumb","itemListElement":[{"@type":"ListItem","position":1,"name":"Home","item":"https:\/\/www.ofoutdoorkitchens.com\/fr\/"},{"@type":"ListItem","position":2,"name":"\u00c9viers \/ Robinets"}]},{"@type":"WebSite","@id":"https:\/\/www.ofoutdoorkitchens.com\/fr\/#website","url":"https:\/\/www.ofoutdoorkitchens.com\/fr\/","name":"OF Outdoorkitchens","description":"","publisher":{"@id":"https:\/\/www.ofoutdoorkitchens.com\/fr\/#organization"},"potentialAction":[{"@type":"SearchAction","target":{"@type":"EntryPoint","urlTemplate":"https:\/\/www.ofoutdoorkitchens.com\/fr\/?s={search_term_string}"},"query-input":{"@type":"PropertyValueSpecification","valueRequired":true,"valueName":"search_term_string"}}],"inLanguage":"fr-FR"},{"@type":"Organization","@id":"https:\/\/www.ofoutdoorkitchens.com\/fr\/#organization","name":"OF Outdoorkitchens","url":"https:\/\/www.ofoutdoorkitchens.com\/fr\/","logo":{"@type":"ImageObject","inLanguage":"fr-FR","@id":"https:\/\/www.ofoutdoorkitchens.com\/fr\/#\/schema\/logo\/image\/","url":"https:\/\/www.ofoutdoorkitchens.com\/wp-content\/uploads\/2023\/03\/logo-OF-2023-def150.png","contentUrl":"https:\/\/www.ofoutdoorkitchens.com\/wp-content\/uploads\/2023\/03\/logo-OF-2023-def150.png","width":150,"height":150,"caption":"OF Outdoorkitchens"},"image":{"@id":"https:\/\/www.ofoutdoorkitchens.com\/fr\/#\/schema\/logo\/image\/"},"sameAs":["https:\/\/www.facebook.com\/ofoutdoorkitchens","https:\/\/www.instagram.com\/of.outdoorkitchens\/","https:\/\/www.linkedin.com\/company\/of-out-door-kitchens\/"]}]}},"_links":{"self":[{"href":"https:\/\/www.ofoutdoorkitchens.com\/fr\/wp-json\/wp\/v2\/pages\/4137","targetHints":{"allow":["GET"]}}],"collection":[{"href":"https:\/\/www.ofoutdoorkitchens.com\/fr\/wp-json\/wp\/v2\/pages"}],"about":[{"href":"https:\/\/www.ofoutdoorkitchens.com\/fr\/wp-json\/wp\/v2\/types\/page"}],"author":[{"embeddable":true,"href":"https:\/\/www.ofoutdoorkitchens.com\/fr\/wp-json\/wp\/v2\/users\/1"}],"replies":[{"embeddable":true,"href":"https:\/\/www.ofoutdoorkitchens.com\/fr\/wp-json\/wp\/v2\/comments?post=4137"}],"version-history":[{"count":13,"href":"https:\/\/www.ofoutdoorkitchens.com\/fr\/wp-json\/wp\/v2\/pages\/4137\/revisions"}],"predecessor-version":[{"id":5974,"href":"https:\/\/www.ofoutdoorkitchens.com\/fr\/wp-json\/wp\/v2\/pages\/4137\/revisions\/5974"}],"wp:attachment":[{"href":"https:\/\/www.ofoutdoorkitchens.com\/fr\/wp-json\/wp\/v2\/media?parent=4137"}],"curies":[{"name":"wp","href":"https:\/\/api.w.org\/{rel}","templated":true}]}}