{"id":3422,"date":"2023-03-07T12:21:36","date_gmt":"2023-03-07T11:21:36","guid":{"rendered":"https:\/\/www.ofoutdoorkitchens.com\/the-pluses-of-of\/"},"modified":"2023-07-03T10:33:56","modified_gmt":"2023-07-03T08:33:56","slug":"les-plus-dof","status":"publish","type":"page","link":"https:\/\/www.ofoutdoorkitchens.com\/fr\/les-plus-dof\/","title":{"rendered":"Les plus d&#8217;OF"},"content":{"rendered":"<section class=\"l-section wpb_row height_medium\"><div class=\"l-section-h i-cf\"><div class=\"g-cols vc_row via_grid cols_1 laptops-cols_inherit tablets-cols_inherit mobiles-cols_1 valign_top type_default stacking_default\"><div class=\"wpb_column vc_column_container\"><div class=\"vc_column-inner\"><div class=\"wpb_text_column\"><div class=\"wpb_wrapper\"><h1>Les plus d&#8217;OF<\/h1>\n<\/div><\/div><div class=\"w-image align_none\"><div class=\"w-image-h\"><img decoding=\"async\" width=\"200\" height=\"49\" src=\"https:\/\/www.ofoutdoorkitchens.com\/wp-content\/uploads\/2023\/03\/outside-200.png\" class=\"attachment-full size-full\" alt=\"\" loading=\"lazy\" \/><\/div><\/div><div class=\"w-separator size_medium\"><\/div><div class=\"wpb_text_column\"><div class=\"wpb_wrapper\"><p><strong>OF outdoorkitchens est leader dans la production de cuisines d&#8217;ext\u00e9rieur modulaires en acier inox.<\/strong><\/p>\n<p>OF outdoorkitchens met au centre de son projet d&#8217;habitation le &#8220;beau&#8221; uni au mat\u00e9riel \u00e9ternel par excellence, l&#8217;acier, le tout combin\u00e9 avec un design d&#8217;avant-garde et des solutions esth\u00e9tiques de premier ordre. Le centre du projet est en effet la gestion modulaire des espaces et de la contention, comme jusqu&#8217;\u00e0 pr\u00e9sent seulement \u00e0 l&#8217;int\u00e9rieur du logement \u00e9tait possible. OF donne une nouvelle saveur \u00e0 la vie de la maison, en \u00e9largissant ses limites \u00e0 l&#8217;espace ext\u00e9rieur, en alliant convivialit\u00e9, personnalit\u00e9 et libert\u00e9 de la vie en plein air sans renoncer \u00e0 aucun des conforts auxquels nous sommes habitu\u00e9s: du barbecue professionnel \u00e0 tous les outils n\u00e9cessaires pour cuisiner en plein air.<\/p>\n<\/div><\/div><div class=\"w-separator size_medium\"><\/div><div class=\"w-image align_center\"><div class=\"w-image-h\"><img decoding=\"async\" width=\"1200\" height=\"517\" src=\"https:\/\/www.ofoutdoorkitchens.com\/wp-content\/uploads\/2023\/03\/i-plus-di-OF.jpg\" class=\"attachment-full size-full\" alt=\"\" loading=\"lazy\" srcset=\"https:\/\/www.ofoutdoorkitchens.com\/wp-content\/uploads\/2023\/03\/i-plus-di-OF.jpg 1200w, https:\/\/www.ofoutdoorkitchens.com\/wp-content\/uploads\/2023\/03\/i-plus-di-OF-300x129.jpg 300w, https:\/\/www.ofoutdoorkitchens.com\/wp-content\/uploads\/2023\/03\/i-plus-di-OF-1024x441.jpg 1024w\" sizes=\"auto, (max-width: 1200px) 100vw, 1200px\" \/><\/div><\/div><\/div><\/div><\/div><\/div><\/section><section class=\"l-section wpb_row height_auto\"><div class=\"l-section-h i-cf\"><div class=\"g-cols vc_row via_grid cols_2 laptops-cols_inherit tablets-cols_inherit mobiles-cols_1 valign_middle type_default stacking_default\"><div class=\"wpb_column vc_column_container\"><div class=\"vc_column-inner\"><div class=\"w-image align_center\"><div class=\"w-image-h\"><img decoding=\"async\" width=\"400\" height=\"400\" src=\"https:\/\/www.ofoutdoorkitchens.com\/wp-content\/uploads\/2023\/03\/01_modularita.png\" class=\"attachment-full size-full\" alt=\"\" loading=\"lazy\" srcset=\"https:\/\/www.ofoutdoorkitchens.com\/wp-content\/uploads\/2023\/03\/01_modularita.png 400w, https:\/\/www.ofoutdoorkitchens.com\/wp-content\/uploads\/2023\/03\/01_modularita-300x300.png 300w, https:\/\/www.ofoutdoorkitchens.com\/wp-content\/uploads\/2023\/03\/01_modularita-150x150.png 150w\" sizes=\"auto, (max-width: 400px) 100vw, 400px\" \/><\/div><\/div><div class=\"w-separator size_medium\"><\/div><\/div><\/div><div class=\"wpb_column vc_column_container\"><div class=\"vc_column-inner\"><div class=\"wpb_text_column\"><div class=\"wpb_wrapper\"><h3>MODULARIT\u00c9 ET COMPOSABILIT\u00c9<\/h3>\n<\/div><\/div><div class=\"w-separator size_medium\"><\/div><div class=\"wpb_text_column\"><div class=\"wpb_wrapper\"><p>Lin\u00e9arit\u00e9 et \u00e9l\u00e9gance, design d&#8217;avant-garde et fonctionnalit\u00e9. La durabilit\u00e9 de l&#8217;acier inox s&#8217;unit \u00e0 la perfection g\u00e9om\u00e9trique des lignes dans la cr\u00e9ation de solutions esth\u00e9tiques de premier ordre.<\/p>\n<\/div><\/div><div class=\"w-separator size_medium\"><\/div><div class=\"w-btn-wrapper align_left\"><a class=\"w-btn us-btn-style_1 icon_atright\" title=\"Cucine da esterno da personalizzare\" href=\"https:\/\/www.ofoutdoorkitchens.com\/fr\/cuisines-a-personnaliser\/\"><span class=\"w-btn-label\">Voir toutes les personnalisations<\/span><i class=\"far fa-long-arrow-right\"><\/i><\/a><\/div><\/div><\/div><\/div><\/div><\/section><section class=\"l-section wpb_row height_auto\"><div class=\"l-section-h i-cf\"><div class=\"g-cols vc_row via_grid cols_2 laptops-cols_inherit tablets-cols_inherit mobiles-cols_1 valign_middle type_default reversed stacking_default\"><div class=\"wpb_column vc_column_container\"><div class=\"vc_column-inner\"><div class=\"wpb_text_column\"><div class=\"wpb_wrapper\"><h3>MATERIAUX FINITIONS COULEURS<\/h3>\n<\/div><\/div><div class=\"w-separator size_medium\"><\/div><div class=\"wpb_text_column\"><div class=\"wpb_wrapper\"><p>Les cuisines OF outdoorkitchens, toujours de grande valeur et finies avec grand soin. Non seulement l&#8217;acier inox naturel, mais une pluralit\u00e9 de mat\u00e9riaux, de finitions et de couleurs.<br \/>\nChaque client a la possibilit\u00e9 de personnaliser sa cuisine d&#8217;ext\u00e9rieur en fonction de son style de vie.<\/p>\n<\/div><\/div><div class=\"w-separator size_medium\"><\/div><div class=\"w-btn-wrapper align_left\"><a class=\"w-btn us-btn-style_1 icon_atright\" title=\"Outdoor kitchens to customize\" href=\"https:\/\/www.ofoutdoorkitchens.com\/fr\/cuisines-a-personnaliser\/#finiture\"><span class=\"w-btn-label\">Voir toutes les finitions et couleurs<\/span><i class=\"far fa-long-arrow-right\"><\/i><\/a><\/div><\/div><\/div><div class=\"wpb_column vc_column_container\"><div class=\"vc_column-inner\"><div class=\"w-image align_center\"><div class=\"w-image-h\"><img decoding=\"async\" width=\"400\" height=\"400\" src=\"https:\/\/www.ofoutdoorkitchens.com\/wp-content\/uploads\/2023\/03\/02_finiture.png\" class=\"attachment-full size-full\" alt=\"\" loading=\"lazy\" srcset=\"https:\/\/www.ofoutdoorkitchens.com\/wp-content\/uploads\/2023\/03\/02_finiture.png 400w, https:\/\/www.ofoutdoorkitchens.com\/wp-content\/uploads\/2023\/03\/02_finiture-300x300.png 300w, https:\/\/www.ofoutdoorkitchens.com\/wp-content\/uploads\/2023\/03\/02_finiture-150x150.png 150w\" sizes=\"auto, (max-width: 400px) 100vw, 400px\" \/><\/div><\/div><div class=\"w-separator size_medium\"><\/div><\/div><\/div><\/div><\/div><\/section><section class=\"l-section wpb_row height_auto\"><div class=\"l-section-h i-cf\"><div class=\"g-cols vc_row via_grid cols_2 laptops-cols_inherit tablets-cols_inherit mobiles-cols_1 valign_middle type_default stacking_default\"><div class=\"wpb_column vc_column_container\"><div class=\"vc_column-inner\"><div class=\"w-image align_center\"><div class=\"w-image-h\"><img decoding=\"async\" width=\"400\" height=\"400\" src=\"https:\/\/www.ofoutdoorkitchens.com\/wp-content\/uploads\/2023\/03\/03_madeinitaly.png\" class=\"attachment-full size-full\" alt=\"\" loading=\"lazy\" srcset=\"https:\/\/www.ofoutdoorkitchens.com\/wp-content\/uploads\/2023\/03\/03_madeinitaly.png 400w, https:\/\/www.ofoutdoorkitchens.com\/wp-content\/uploads\/2023\/03\/03_madeinitaly-300x300.png 300w, https:\/\/www.ofoutdoorkitchens.com\/wp-content\/uploads\/2023\/03\/03_madeinitaly-150x150.png 150w\" sizes=\"auto, (max-width: 400px) 100vw, 400px\" \/><\/div><\/div><div class=\"w-separator size_medium\"><\/div><\/div><\/div><div class=\"wpb_column vc_column_container\"><div class=\"vc_column-inner\"><div class=\"wpb_text_column\"><div class=\"wpb_wrapper\"><h3>PRODUCTION MADE IN ITALY<\/h3>\n<\/div><\/div><div class=\"w-separator size_medium\"><\/div><div class=\"wpb_text_column\"><div class=\"wpb_wrapper\"><p>Les cuisines d&#8217;ext\u00e9rieur OF sont enti\u00e8rement Made in Italy, elles sont r\u00e9alis\u00e9es en interne et ont \u00e0 la base une fili\u00e8re d&#8217;approvisionnement concentr\u00e9e sur le territoire national.<\/p>\n<\/div><\/div><div class=\"w-separator size_medium\"><\/div><\/div><\/div><\/div><\/div><\/section><section class=\"l-section wpb_row height_auto\"><div class=\"l-section-h i-cf\"><div class=\"g-cols vc_row via_grid cols_2 laptops-cols_inherit tablets-cols_inherit mobiles-cols_1 valign_middle type_default reversed stacking_default\"><div class=\"wpb_column vc_column_container\"><div class=\"vc_column-inner\"><div class=\"wpb_text_column\"><div class=\"wpb_wrapper\"><h3>SERVICES ET CONCEPTION<\/h3>\n<\/div><\/div><div class=\"w-separator size_medium\"><\/div><div class=\"wpb_text_column\"><div class=\"wpb_wrapper\"><p>Depuis des ann\u00e9es, Officine Fanesi produit des cuisines de couture en acier inox 304 ou 316, pouvant \u00eatre positionn\u00e9es \u00e0 la fois en int\u00e9rieur et en ext\u00e9rieur. A la base il y a un know how totalement r\u00e9volutionnaire, qui a donn\u00e9 vie \u00e0 un produit abordable, simple \u00e0 g\u00e9rer et accessible \u00e0 tous: OF outdoorkitchens.<\/p>\n<\/div><\/div><div class=\"w-separator size_medium\"><\/div><\/div><\/div><div class=\"wpb_column vc_column_container\"><div class=\"vc_column-inner\"><div class=\"w-image align_center\"><div class=\"w-image-h\"><img decoding=\"async\" width=\"400\" height=\"400\" src=\"https:\/\/www.ofoutdoorkitchens.com\/wp-content\/uploads\/2023\/03\/04_progettazione.png\" class=\"attachment-full size-full\" alt=\"\" loading=\"lazy\" srcset=\"https:\/\/www.ofoutdoorkitchens.com\/wp-content\/uploads\/2023\/03\/04_progettazione.png 400w, https:\/\/www.ofoutdoorkitchens.com\/wp-content\/uploads\/2023\/03\/04_progettazione-300x300.png 300w, https:\/\/www.ofoutdoorkitchens.com\/wp-content\/uploads\/2023\/03\/04_progettazione-150x150.png 150w\" sizes=\"auto, (max-width: 400px) 100vw, 400px\" \/><\/div><\/div><div class=\"w-separator size_medium\"><\/div><\/div><\/div><\/div><\/div><\/section><section class=\"l-section wpb_row height_auto\"><div class=\"l-section-h i-cf\"><div class=\"g-cols vc_row via_grid cols_2 laptops-cols_inherit tablets-cols_inherit mobiles-cols_1 valign_middle type_default stacking_default\"><div class=\"wpb_column vc_column_container\"><div class=\"vc_column-inner\"><div class=\"w-image align_center\"><div class=\"w-image-h\"><img decoding=\"async\" width=\"400\" height=\"400\" src=\"https:\/\/www.ofoutdoorkitchens.com\/wp-content\/uploads\/2023\/03\/05_rivenditori.png\" class=\"attachment-full size-full\" alt=\"\" loading=\"lazy\" srcset=\"https:\/\/www.ofoutdoorkitchens.com\/wp-content\/uploads\/2023\/03\/05_rivenditori.png 400w, https:\/\/www.ofoutdoorkitchens.com\/wp-content\/uploads\/2023\/03\/05_rivenditori-300x300.png 300w, https:\/\/www.ofoutdoorkitchens.com\/wp-content\/uploads\/2023\/03\/05_rivenditori-150x150.png 150w\" sizes=\"auto, (max-width: 400px) 100vw, 400px\" \/><\/div><\/div><div class=\"w-separator size_medium\"><\/div><\/div><\/div><div class=\"wpb_column vc_column_container\"><div class=\"vc_column-inner\"><div class=\"wpb_text_column\"><div class=\"wpb_wrapper\"><h3>CHOISIS TON REVENDEUR<\/h3>\n<\/div><\/div><div class=\"w-separator size_medium\"><\/div><div class=\"wpb_text_column\"><div class=\"wpb_wrapper\"><p>Pr\u00e9sent \u00e0 l&#8217;\u00e9chelle internationale, OF outdoorkitchens est synonyme de durabilit\u00e9 et de design. En outre, les cuisines en acier inox garantissent r\u00e9sistance et confort.<\/p>\n<\/div><\/div><div class=\"w-separator size_medium\"><\/div><div class=\"w-btn-wrapper align_center\"><a class=\"w-btn us-btn-style_1 icon_atright\" title=\"Contatti\" href=\"https:\/\/www.ofoutdoorkitchens.com\/fr\/revendeur\/\"><span class=\"w-btn-label\">Trouve le revendeur le plus proche<\/span><i class=\"far fa-long-arrow-right\"><\/i><\/a><\/div><\/div><\/div><\/div><\/div><\/section><section class=\"l-section wpb_row height_medium\"><div class=\"l-section-h i-cf\"><div class=\"g-cols vc_row via_grid cols_1 laptops-cols_inherit tablets-cols_inherit mobiles-cols_1 valign_top type_default stacking_default\"><div class=\"wpb_column vc_column_container\"><div class=\"vc_column-inner\"><div class=\"w-btn-wrapper align_center\"><a class=\"w-btn us-btn-style_1 icon_atright\" title=\"Contatti\" href=\"https:\/\/www.ofoutdoorkitchens.com\/fr\/contacts\/\"><span class=\"w-btn-label\">Contactez nous pour plus d&#8217;informations<\/span><i class=\"far fa-long-arrow-right\"><\/i><\/a><\/div><\/div><\/div><\/div><\/div><\/section>\n","protected":false},"excerpt":{"rendered":"Les plus d&#8217;OF OF outdoorkitchens est leader dans la production de cuisines d&#8217;ext\u00e9rieur modulaires en acier inox. OF outdoorkitchens met au centre de son projet d&#8217;habitation le &#8220;beau&#8221; uni au mat\u00e9riel \u00e9ternel par excellence, l&#8217;acier, le tout combin\u00e9 avec un design d&#8217;avant-garde et des solutions esth\u00e9tiques de premier ordre. Le centre du projet est en...","protected":false},"author":1,"featured_media":0,"parent":0,"menu_order":0,"comment_status":"closed","ping_status":"open","template":"","meta":{"om_disable_all_campaigns":false,"_uf_show_specific_survey":0,"_uf_disable_surveys":false,"footnotes":""},"class_list":["post-3422","page","type-page","status-publish","hentry"],"yoast_head":"<!-- This site is optimized with the Yoast SEO plugin v23.4 - https:\/\/yoast.com\/wordpress\/plugins\/seo\/ -->\n<title>Les plus d&#039;OF - OF Outdoorkitchens<\/title>\n<meta name=\"robots\" content=\"index, follow, max-snippet:-1, max-image-preview:large, max-video-preview:-1\" \/>\n<link rel=\"canonical\" href=\"https:\/\/www.ofoutdoorkitchens.com\/fr\/les-plus-dof\/\" \/>\n<meta property=\"og:locale\" content=\"fr_FR\" \/>\n<meta property=\"og:type\" content=\"article\" \/>\n<meta property=\"og:title\" content=\"Les plus d&#039;OF - OF Outdoorkitchens\" \/>\n<meta property=\"og:url\" content=\"https:\/\/www.ofoutdoorkitchens.com\/fr\/les-plus-dof\/\" \/>\n<meta property=\"og:site_name\" content=\"OF Outdoorkitchens\" \/>\n<meta property=\"article:publisher\" content=\"https:\/\/www.facebook.com\/ofoutdoorkitchens\" \/>\n<meta property=\"article:modified_time\" content=\"2023-07-03T08:33:56+00:00\" \/>\n<meta name=\"twitter:card\" content=\"summary_large_image\" \/>\n<meta name=\"twitter:label1\" content=\"Dur\u00e9e de lecture estim\u00e9e\" \/>\n\t<meta name=\"twitter:data1\" content=\"2 minutes\" \/>\n<!-- \/ Yoast SEO plugin. -->","yoast_head_json":{"title":"Les plus d'OF - OF Outdoorkitchens","robots":{"index":"index","follow":"follow","max-snippet":"max-snippet:-1","max-image-preview":"max-image-preview:large","max-video-preview":"max-video-preview:-1"},"canonical":"https:\/\/www.ofoutdoorkitchens.com\/fr\/les-plus-dof\/","og_locale":"fr_FR","og_type":"article","og_title":"Les plus d'OF - OF Outdoorkitchens","og_url":"https:\/\/www.ofoutdoorkitchens.com\/fr\/les-plus-dof\/","og_site_name":"OF Outdoorkitchens","article_publisher":"https:\/\/www.facebook.com\/ofoutdoorkitchens","article_modified_time":"2023-07-03T08:33:56+00:00","twitter_card":"summary_large_image","twitter_misc":{"Dur\u00e9e de lecture estim\u00e9e":"2 minutes"},"schema":{"@context":"https:\/\/schema.org","@graph":[{"@type":"WebPage","@id":"https:\/\/www.ofoutdoorkitchens.com\/fr\/les-plus-dof\/","url":"https:\/\/www.ofoutdoorkitchens.com\/fr\/les-plus-dof\/","name":"Les plus d'OF - OF Outdoorkitchens","isPartOf":{"@id":"https:\/\/www.ofoutdoorkitchens.com\/fr\/#website"},"datePublished":"2023-03-07T11:21:36+00:00","dateModified":"2023-07-03T08:33:56+00:00","breadcrumb":{"@id":"https:\/\/www.ofoutdoorkitchens.com\/fr\/les-plus-dof\/#breadcrumb"},"inLanguage":"fr-FR","potentialAction":[{"@type":"ReadAction","target":["https:\/\/www.ofoutdoorkitchens.com\/fr\/les-plus-dof\/"]}]},{"@type":"BreadcrumbList","@id":"https:\/\/www.ofoutdoorkitchens.com\/fr\/les-plus-dof\/#breadcrumb","itemListElement":[{"@type":"ListItem","position":1,"name":"Home","item":"https:\/\/www.ofoutdoorkitchens.com\/fr\/"},{"@type":"ListItem","position":2,"name":"Les plus d&#8217;OF"}]},{"@type":"WebSite","@id":"https:\/\/www.ofoutdoorkitchens.com\/fr\/#website","url":"https:\/\/www.ofoutdoorkitchens.com\/fr\/","name":"OF Outdoorkitchens","description":"","publisher":{"@id":"https:\/\/www.ofoutdoorkitchens.com\/fr\/#organization"},"potentialAction":[{"@type":"SearchAction","target":{"@type":"EntryPoint","urlTemplate":"https:\/\/www.ofoutdoorkitchens.com\/fr\/?s={search_term_string}"},"query-input":{"@type":"PropertyValueSpecification","valueRequired":true,"valueName":"search_term_string"}}],"inLanguage":"fr-FR"},{"@type":"Organization","@id":"https:\/\/www.ofoutdoorkitchens.com\/fr\/#organization","name":"OF Outdoorkitchens","url":"https:\/\/www.ofoutdoorkitchens.com\/fr\/","logo":{"@type":"ImageObject","inLanguage":"fr-FR","@id":"https:\/\/www.ofoutdoorkitchens.com\/fr\/#\/schema\/logo\/image\/","url":"https:\/\/www.ofoutdoorkitchens.com\/wp-content\/uploads\/2023\/03\/logo-OF-2023-def150.png","contentUrl":"https:\/\/www.ofoutdoorkitchens.com\/wp-content\/uploads\/2023\/03\/logo-OF-2023-def150.png","width":150,"height":150,"caption":"OF Outdoorkitchens"},"image":{"@id":"https:\/\/www.ofoutdoorkitchens.com\/fr\/#\/schema\/logo\/image\/"},"sameAs":["https:\/\/www.facebook.com\/ofoutdoorkitchens","https:\/\/www.instagram.com\/of.outdoorkitchens\/","https:\/\/www.linkedin.com\/company\/of-out-door-kitchens\/"]}]}},"_links":{"self":[{"href":"https:\/\/www.ofoutdoorkitchens.com\/fr\/wp-json\/wp\/v2\/pages\/3422","targetHints":{"allow":["GET"]}}],"collection":[{"href":"https:\/\/www.ofoutdoorkitchens.com\/fr\/wp-json\/wp\/v2\/pages"}],"about":[{"href":"https:\/\/www.ofoutdoorkitchens.com\/fr\/wp-json\/wp\/v2\/types\/page"}],"author":[{"embeddable":true,"href":"https:\/\/www.ofoutdoorkitchens.com\/fr\/wp-json\/wp\/v2\/users\/1"}],"replies":[{"embeddable":true,"href":"https:\/\/www.ofoutdoorkitchens.com\/fr\/wp-json\/wp\/v2\/comments?post=3422"}],"version-history":[{"count":5,"href":"https:\/\/www.ofoutdoorkitchens.com\/fr\/wp-json\/wp\/v2\/pages\/3422\/revisions"}],"predecessor-version":[{"id":3893,"href":"https:\/\/www.ofoutdoorkitchens.com\/fr\/wp-json\/wp\/v2\/pages\/3422\/revisions\/3893"}],"wp:attachment":[{"href":"https:\/\/www.ofoutdoorkitchens.com\/fr\/wp-json\/wp\/v2\/media?parent=3422"}],"curies":[{"name":"wp","href":"https:\/\/api.w.org\/{rel}","templated":true}]}}