{"id":3416,"date":"2023-03-14T17:08:15","date_gmt":"2023-03-14T16:08:15","guid":{"rendered":"https:\/\/www.ofoutdoorkitchens.com\/reserverd-area\/"},"modified":"2024-06-18T17:44:54","modified_gmt":"2024-06-18T15:44:54","slug":"zone-reservee","status":"publish","type":"page","link":"https:\/\/www.ofoutdoorkitchens.com\/fr\/zone-reservee\/","title":{"rendered":"Zone r\u00e9serv\u00e9e"},"content":{"rendered":"<section class=\"l-section wpb_row height_medium\"><div class=\"l-section-h i-cf\"><div class=\"g-cols vc_row via_grid cols_1 laptops-cols_inherit tablets-cols_inherit mobiles-cols_1 valign_top type_default stacking_default\"><div class=\"wpb_column vc_column_container\"><div class=\"vc_column-inner\"><div class=\"wpb_text_column\"><div class=\"wpb_wrapper\"><h2 style=\"text-align: center;\">Zone r\u00e9serv\u00e9e<\/h2>\n<\/div><\/div><\/div><\/div><\/div><\/div><\/section><section class=\"l-section wpb_row height_medium\"><div class=\"l-section-h i-cf\"><div class=\"g-cols vc_row via_grid cols_2 laptops-cols_inherit tablets-cols_inherit mobiles-cols_1 valign_top type_default stacking_default\"><div class=\"wpb_column vc_column_container\"><div class=\"vc_column-inner\"><div class=\"wpb_text_column\"><div class=\"wpb_wrapper\"><p><span class=\"HwtZe\" lang=\"fr\"><span class=\"jCAhz ChMk0b\"><span class=\"ryNqvb\">Bienvenue dans la zone r\u00e9serv\u00e9e OF outdoorkitchens.<\/span><\/span><\/span><\/p>\n<\/div><\/div><div class=\"w-separator size_medium\"><\/div><div class=\"wpb_text_column\"><div class=\"wpb_wrapper\"><div class=\"lRu31\"><span class=\"HwtZe\" lang=\"fr\"><span class=\"jCAhz ChMk0b\"><span class=\"ryNqvb\">L&#8217;acc\u00e8s est limit\u00e9 aux utilisateurs autoris\u00e9s uniquement.<\/span><\/span> <span class=\"jCAhz ChMk0b\"><span class=\"ryNqvb\">Pour obtenir les identifiants, remplissez le formulaire en pr\u00e9cisant la demande dans les notes.<\/span><\/span> <span class=\"jCAhz ChMk0b\"><span class=\"ryNqvb\">A l&#8217;int\u00e9rieur, du mat\u00e9riel commercial constamment mis \u00e0 jour et une section outlet exclusive !<\/span><\/span><\/span><\/div>\n<div><\/div>\n<\/div><\/div><div class=\"w-separator size_small\"><\/div><div class=\"w-btn-wrapper align_left\"><a class=\"w-btn us-btn-style_1 icon_atleft\" href=\"https:\/\/www.ofoutdoorkitchens.com\/fr\/seleziona-area-protetta\/\"><i class=\"fas fa-sign-in-alt\"><\/i><span class=\"w-btn-label\">Login Reserved Area<\/span><\/a><\/div><div class=\"w-separator size_small\"><\/div><div class=\"w-btn-wrapper align_left\"><a class=\"w-btn us-btn-style_1 icon_atleft\" target=\"_blank\" rel=\"nofollow\" href=\"https:\/\/ofoutdoorkitchens.3cad.it\"><i class=\"fas fa-pencil-ruler\"><\/i><span class=\"w-btn-label\">Login OF Configurator<\/span><\/a><\/div><\/div><\/div><div class=\"wpb_column vc_column_container\"><div class=\"vc_column-inner\">\n<div class=\"wpcf7 no-js\" id=\"wpcf7-f3911-o1\" lang=\"fr-FR\" dir=\"ltr\">\n<div class=\"screen-reader-response\"><p role=\"status\" aria-live=\"polite\" aria-atomic=\"true\"><\/p> <ul><\/ul><\/div>\n<form action=\"\/fr\/wp-json\/wp\/v2\/pages\/3416#wpcf7-f3911-o1\" method=\"post\" class=\"wpcf7-form init\" aria-label=\"Formulaire de contact\" novalidate=\"novalidate\" data-status=\"init\">\n<div style=\"display: none;\">\n<input type=\"hidden\" name=\"_wpcf7\" value=\"3911\" \/>\n<input type=\"hidden\" name=\"_wpcf7_version\" value=\"5.9.8\" \/>\n<input type=\"hidden\" name=\"_wpcf7_locale\" value=\"fr_FR\" \/>\n<input type=\"hidden\" name=\"_wpcf7_unit_tag\" value=\"wpcf7-f3911-o1\" \/>\n<input type=\"hidden\" name=\"_wpcf7_container_post\" value=\"0\" \/>\n<input type=\"hidden\" name=\"_wpcf7_posted_data_hash\" value=\"\" \/>\n<input type=\"hidden\" name=\"_wpcf7_recaptcha_response\" value=\"\" \/>\n<\/div>\n<div class=\"clearfix\">\n\t<div id=\"left-50\">\n\t\t<p>Pr\u00e9nom* <span class=\"wpcf7-form-control-wrap\" data-name=\"your-name\"><input size=\"40\" maxlength=\"400\" class=\"wpcf7-form-control wpcf7-text wpcf7-validates-as-required\" aria-required=\"true\" aria-invalid=\"false\" value=\"\" type=\"text\" name=\"your-name\" \/><\/span>\n\t\t<\/p>\n\t<\/div>\n\t<div id=\"right-50\">\n\t\t<p>Nom* <span class=\"wpcf7-form-control-wrap\" data-name=\"your-surname\"><input size=\"40\" maxlength=\"400\" class=\"wpcf7-form-control wpcf7-text wpcf7-validates-as-required\" aria-required=\"true\" aria-invalid=\"false\" value=\"\" type=\"text\" name=\"your-surname\" \/><\/span>\n\t\t<\/p>\n\t<\/div>\n\t<div id=\"left-50\">\n\t\t<p>T\u00e9l\u00e9phone* <span class=\"wpcf7-form-control-wrap\" data-name=\"tel-247\"><input size=\"40\" maxlength=\"400\" class=\"wpcf7-form-control wpcf7-tel wpcf7-validates-as-required wpcf7-text wpcf7-validates-as-tel\" aria-required=\"true\" aria-invalid=\"false\" value=\"\" type=\"tel\" name=\"tel-247\" \/><\/span>\n\t\t<\/p>\n\t<\/div>\n\t<div id=\"right-50\">\n\t\t<p>Emplacement* <span class=\"wpcf7-form-control-wrap\" data-name=\"your-location\"><input size=\"40\" maxlength=\"400\" class=\"wpcf7-form-control wpcf7-text wpcf7-validates-as-required\" aria-required=\"true\" aria-invalid=\"false\" value=\"\" type=\"text\" name=\"your-location\" \/><\/span>\n\t\t<\/p>\n\t<\/div>\n\t<div id=\"left-50\">\n\t\t<p>E-mail* <span class=\"wpcf7-form-control-wrap\" data-name=\"your-email\"><input size=\"40\" maxlength=\"400\" class=\"wpcf7-form-control wpcf7-email wpcf7-validates-as-required wpcf7-text wpcf7-validates-as-email\" aria-required=\"true\" aria-invalid=\"false\" value=\"\" type=\"email\" name=\"your-email\" \/><\/span>\n\t\t<\/p>\n\t<\/div>\n\t<div id=\"right-50\">\n\t\t<p>Position de travail <span class=\"wpcf7-form-control-wrap\" data-name=\"your-work\"><input size=\"40\" maxlength=\"400\" class=\"wpcf7-form-control wpcf7-text\" aria-invalid=\"false\" value=\"\" type=\"text\" name=\"your-work\" \/><\/span>\n\t\t<\/p>\n\t<\/div>\n\t<div>\n\t\t<p>Note <span class=\"wpcf7-form-control-wrap\" data-name=\"your-message\"><textarea cols=\"40\" rows=\"10\" maxlength=\"2000\" class=\"wpcf7-form-control wpcf7-textarea\" aria-invalid=\"false\" name=\"your-message\"><\/textarea><\/span>\n\t\t<\/p>\n\t<\/div>\n\t<p><span class=\"wpcf7-form-control-wrap\" data-name=\"acceptance-868\"><span class=\"wpcf7-form-control wpcf7-acceptance\"><span class=\"wpcf7-list-item\"><input type=\"checkbox\" name=\"acceptance-868\" value=\"1\" aria-invalid=\"false\" \/><\/span><\/span><\/span> J'accepte le traitement des donn\u00e9es personnelles conform\u00e9ment \u00e0 l'art. 13 du d\u00e9cret l\u00e9gislatif 196\/2003 et le r\u00e8glement UE 2016\/679, aux fins n\u00e9cessaires \u00e0 la fourniture du service, dans les informations fournies.\n\t<\/p>\n\t<div>\n\t\n\t<\/div>\n\t<p>&nbsp;\n\t<\/p>\n\t<p><input class=\"wpcf7-form-control wpcf7-submit has-spinner\" type=\"submit\" value=\"Soumettre\" \/>\n\t<\/p>\n<\/div><input type='hidden' class='wpcf7-pum' value='{\"closepopup\":false,\"closedelay\":0,\"openpopup\":false,\"openpopup_id\":0}' \/><div class=\"wpcf7-response-output\" aria-hidden=\"true\"><\/div>\n<\/form>\n<\/div>\n<\/div><\/div><\/div><\/div><\/section>\n","protected":false},"excerpt":{"rendered":"Zone r\u00e9serv\u00e9e Bienvenue dans la zone r\u00e9serv\u00e9e OF outdoorkitchens. L&#8217;acc\u00e8s est limit\u00e9 aux utilisateurs autoris\u00e9s uniquement. Pour obtenir les identifiants, remplissez le formulaire en pr\u00e9cisant la demande dans les notes. A l&#8217;int\u00e9rieur, du mat\u00e9riel commercial constamment mis \u00e0 jour et une section outlet exclusive ! Login Reserved AreaLogin OF Configurator Pr\u00e9nom* Nom* T\u00e9l\u00e9phone* Emplacement* E-mail*...","protected":false},"author":1,"featured_media":0,"parent":0,"menu_order":0,"comment_status":"closed","ping_status":"closed","template":"","meta":{"om_disable_all_campaigns":false,"_uf_show_specific_survey":0,"_uf_disable_surveys":false,"footnotes":""},"class_list":["post-3416","page","type-page","status-publish","hentry"],"yoast_head":"<!-- This site is optimized with the Yoast SEO plugin v23.4 - https:\/\/yoast.com\/wordpress\/plugins\/seo\/ -->\n<title>Zone r\u00e9serv\u00e9e - OF Outdoorkitchens<\/title>\n<meta name=\"robots\" content=\"index, follow, max-snippet:-1, max-image-preview:large, max-video-preview:-1\" \/>\n<link rel=\"canonical\" href=\"https:\/\/www.ofoutdoorkitchens.com\/fr\/zone-reservee\/\" \/>\n<meta property=\"og:locale\" content=\"fr_FR\" \/>\n<meta property=\"og:type\" content=\"article\" \/>\n<meta property=\"og:title\" content=\"Zone r\u00e9serv\u00e9e - OF Outdoorkitchens\" \/>\n<meta property=\"og:url\" content=\"https:\/\/www.ofoutdoorkitchens.com\/fr\/zone-reservee\/\" \/>\n<meta property=\"og:site_name\" content=\"OF Outdoorkitchens\" \/>\n<meta property=\"article:publisher\" content=\"https:\/\/www.facebook.com\/ofoutdoorkitchens\" \/>\n<meta property=\"article:modified_time\" content=\"2024-06-18T15:44:54+00:00\" \/>\n<meta name=\"twitter:card\" content=\"summary_large_image\" \/>\n<meta name=\"twitter:label1\" content=\"Dur\u00e9e de lecture estim\u00e9e\" \/>\n\t<meta name=\"twitter:data1\" content=\"1 minute\" \/>\n<!-- \/ Yoast SEO plugin. -->","yoast_head_json":{"title":"Zone r\u00e9serv\u00e9e - OF Outdoorkitchens","robots":{"index":"index","follow":"follow","max-snippet":"max-snippet:-1","max-image-preview":"max-image-preview:large","max-video-preview":"max-video-preview:-1"},"canonical":"https:\/\/www.ofoutdoorkitchens.com\/fr\/zone-reservee\/","og_locale":"fr_FR","og_type":"article","og_title":"Zone r\u00e9serv\u00e9e - OF Outdoorkitchens","og_url":"https:\/\/www.ofoutdoorkitchens.com\/fr\/zone-reservee\/","og_site_name":"OF Outdoorkitchens","article_publisher":"https:\/\/www.facebook.com\/ofoutdoorkitchens","article_modified_time":"2024-06-18T15:44:54+00:00","twitter_card":"summary_large_image","twitter_misc":{"Dur\u00e9e de lecture estim\u00e9e":"1 minute"},"schema":{"@context":"https:\/\/schema.org","@graph":[{"@type":"WebPage","@id":"https:\/\/www.ofoutdoorkitchens.com\/fr\/zone-reservee\/","url":"https:\/\/www.ofoutdoorkitchens.com\/fr\/zone-reservee\/","name":"Zone r\u00e9serv\u00e9e - OF Outdoorkitchens","isPartOf":{"@id":"https:\/\/www.ofoutdoorkitchens.com\/fr\/#website"},"datePublished":"2023-03-14T16:08:15+00:00","dateModified":"2024-06-18T15:44:54+00:00","breadcrumb":{"@id":"https:\/\/www.ofoutdoorkitchens.com\/fr\/zone-reservee\/#breadcrumb"},"inLanguage":"fr-FR","potentialAction":[{"@type":"ReadAction","target":["https:\/\/www.ofoutdoorkitchens.com\/fr\/zone-reservee\/"]}]},{"@type":"BreadcrumbList","@id":"https:\/\/www.ofoutdoorkitchens.com\/fr\/zone-reservee\/#breadcrumb","itemListElement":[{"@type":"ListItem","position":1,"name":"Home","item":"https:\/\/www.ofoutdoorkitchens.com\/fr\/"},{"@type":"ListItem","position":2,"name":"Zone r\u00e9serv\u00e9e"}]},{"@type":"WebSite","@id":"https:\/\/www.ofoutdoorkitchens.com\/fr\/#website","url":"https:\/\/www.ofoutdoorkitchens.com\/fr\/","name":"OF Outdoorkitchens","description":"","publisher":{"@id":"https:\/\/www.ofoutdoorkitchens.com\/fr\/#organization"},"potentialAction":[{"@type":"SearchAction","target":{"@type":"EntryPoint","urlTemplate":"https:\/\/www.ofoutdoorkitchens.com\/fr\/?s={search_term_string}"},"query-input":{"@type":"PropertyValueSpecification","valueRequired":true,"valueName":"search_term_string"}}],"inLanguage":"fr-FR"},{"@type":"Organization","@id":"https:\/\/www.ofoutdoorkitchens.com\/fr\/#organization","name":"OF Outdoorkitchens","url":"https:\/\/www.ofoutdoorkitchens.com\/fr\/","logo":{"@type":"ImageObject","inLanguage":"fr-FR","@id":"https:\/\/www.ofoutdoorkitchens.com\/fr\/#\/schema\/logo\/image\/","url":"https:\/\/www.ofoutdoorkitchens.com\/wp-content\/uploads\/2023\/03\/logo-OF-2023-def150.png","contentUrl":"https:\/\/www.ofoutdoorkitchens.com\/wp-content\/uploads\/2023\/03\/logo-OF-2023-def150.png","width":150,"height":150,"caption":"OF Outdoorkitchens"},"image":{"@id":"https:\/\/www.ofoutdoorkitchens.com\/fr\/#\/schema\/logo\/image\/"},"sameAs":["https:\/\/www.facebook.com\/ofoutdoorkitchens","https:\/\/www.instagram.com\/of.outdoorkitchens\/","https:\/\/www.linkedin.com\/company\/of-out-door-kitchens\/"]}]}},"_links":{"self":[{"href":"https:\/\/www.ofoutdoorkitchens.com\/fr\/wp-json\/wp\/v2\/pages\/3416","targetHints":{"allow":["GET"]}}],"collection":[{"href":"https:\/\/www.ofoutdoorkitchens.com\/fr\/wp-json\/wp\/v2\/pages"}],"about":[{"href":"https:\/\/www.ofoutdoorkitchens.com\/fr\/wp-json\/wp\/v2\/types\/page"}],"author":[{"embeddable":true,"href":"https:\/\/www.ofoutdoorkitchens.com\/fr\/wp-json\/wp\/v2\/users\/1"}],"replies":[{"embeddable":true,"href":"https:\/\/www.ofoutdoorkitchens.com\/fr\/wp-json\/wp\/v2\/comments?post=3416"}],"version-history":[{"count":10,"href":"https:\/\/www.ofoutdoorkitchens.com\/fr\/wp-json\/wp\/v2\/pages\/3416\/revisions"}],"predecessor-version":[{"id":7364,"href":"https:\/\/www.ofoutdoorkitchens.com\/fr\/wp-json\/wp\/v2\/pages\/3416\/revisions\/7364"}],"wp:attachment":[{"href":"https:\/\/www.ofoutdoorkitchens.com\/fr\/wp-json\/wp\/v2\/media?parent=3416"}],"curies":[{"name":"wp","href":"https:\/\/api.w.org\/{rel}","templated":true}]}}