{"id":3405,"date":"2023-01-24T12:27:20","date_gmt":"2023-01-24T11:27:20","guid":{"rendered":"https:\/\/www.ofoutdoorkitchens.com\/outdoor-kitchens\/"},"modified":"2023-06-30T10:59:27","modified_gmt":"2023-06-30T08:59:27","slug":"cuisines-dexterieur","status":"publish","type":"page","link":"https:\/\/www.ofoutdoorkitchens.com\/fr\/cuisines-dexterieur\/","title":{"rendered":"Cuisines d&#8217;ext\u00e9rieur"},"content":{"rendered":"<section class=\"l-section wpb_row height_large\"><div class=\"l-section-h i-cf\"><div class=\"g-cols vc_row via_grid cols_1 laptops-cols_inherit tablets-cols_inherit mobiles-cols_1 valign_top type_default stacking_default\"><div class=\"wpb_column vc_column_container\"><div class=\"vc_column-inner\"><div class=\"wpb_text_column\"><div class=\"wpb_wrapper\"><h1 style=\"text-align: left;\">Les Cuisines d&#8217;Ext\u00e9rieur<\/h1>\n<\/div><\/div><div class=\"wpb_text_column\"><div class=\"wpb_wrapper\"><h2>Les mod\u00e8les pr\u00eats \u00e0 l&#8217;emploi<\/h2>\n<\/div><\/div><div class=\"w-separator size_medium\"><\/div><div class=\"wpb_text_column\"><div class=\"wpb_wrapper\"><p>OF outdoorkitchens met au centre de son projet d&#8217;habitation le &#8220;beau&#8221; uni au mat\u00e9riel \u00e9ternel par excellence, l&#8217;acier, le tout combin\u00e9 avec un design d&#8217;avant-garde et des solutions esth\u00e9tiques de premier ordre. Le centre du projet est en effet la gestion modulaire des espaces et de la contention, comme jusqu&#8217;\u00e0 pr\u00e9sent seulement \u00e0 l&#8217;int\u00e9rieur du logement \u00e9tait possible. OF donne une nouvelle saveur \u00e0 la vie de la maison, en \u00e9largissant ses limites \u00e0 l&#8217;espace ext\u00e9rieur, en alliant convivialit\u00e9, personnalit\u00e9 et libert\u00e9 de la vie en plein air sans renoncer \u00e0 aucun des conforts auxquels nous sommes habitu\u00e9s: du barbecue professionnel \u00e0 tous les outils n\u00e9cessaires pour cuisiner en plein air.<\/p>\n<p>Voil\u00e0 pourquoi choisir OF outdoorkitchens:<\/p>\n<p>Les cuisines OF outdoorkitchens, toujours de grande valeur et finies avec grand soin;<\/p>\n<p>Elles sont modulaires et donc construites &#8220;en s\u00e9rie&#8221;. Les bases \u00e0 une ou deux vantaux disponibles en 3 tailles. Nous avons \u00e9galement diff\u00e9rents types de tiroirs avec une seul constante: l\u2019 acier inox.<\/p>\n<p>OF outdoorkitchens b\u00e9n\u00e9ficie de toute l&#8217;exp\u00e9rience et de la technologie d&#8217;Officine Fanesi, pour garantir, m\u00eame \u00e0 l&#8217;ext\u00e9rieur, la gestion modulaire des espaces typique de l&#8217;environnement int\u00e9rieur;<\/p>\n<p>OF outdoorkitchens est particuli\u00e8rement attentive au prix et \u00e0 la facilit\u00e9 de proposition. Une entreprise intelligente bas\u00e9e sur le concept de modularit\u00e9.<\/p>\n<\/div><\/div><div class=\"w-grid type_grid layout_344 cols_3 ratio_1x1\" id=\"us_grid_1\" style=\"--gap:20px;\" data-filterable=\"true\"><style>@media (max-width:1024px){#us_grid_1 .w-grid-item{width:50%}#us_grid_1 .w-grid-item.size_2x1,#us_grid_1 .w-grid-item.size_2x2{width:100%}}@media (max-width:600px){#us_grid_1 .w-grid-list{margin:0}#us_grid_1 .w-grid-item{width:100%;padding:0;margin-bottom:var(--gap,0px)}}#us_grid_1 .w-grid-item-h:before{padding-bottom:100%}.layout_344 .w-grid-item-h:before{padding-bottom:100%}@media (min-width:601px){.layout_344 .w-grid-item.size_1x2 .w-grid-item-h:before{padding-bottom:calc(200% + var(--gap,0px) * 2)}.layout_344 .w-grid-item.size_2x1 .w-grid-item-h:before{padding-bottom:calc(50% - var(--gap,0px) * 1)}.layout_344 .w-grid-item.size_2x2 .w-grid-item-h:before{padding-bottom:calc(100% - var(--gap,0px) * 0)}}.layout_344 .w-grid-item-h{}.layout_344 .usg_post_image_1{transition-duration:0.25s;transform-origin:50% 50%;transform:scale(1) translate(0%,0%)}.layout_344 .w-grid-item-h:hover .usg_post_image_1{transform:scale(1) translate(0%,0%);opacity:0.1}.layout_344 .usg_post_title_1{transition-duration:0.25s;transform-origin:50% 50%;transform:scale(1) translate(0%,-50%);opacity:0}.layout_344 .w-grid-item-h:hover .usg_post_title_1{transform:scale(1) translate(0%,0%);opacity:1}.layout_344 .usg_post_taxonomy_1{transition-duration:0.25s;transform-origin:50% 50%;transform:scale(1) translate(0%,75%);opacity:0}.layout_344 .w-grid-item-h:hover .usg_post_taxonomy_1{transform:scale(1) translate(0%,0%);opacity:0.9}.layout_344 .usg_post_content_1{transition-duration:0.3s;transform-origin:50% 50%;transform:scale(1) translate(0%,0%);opacity:0}.layout_344 .w-grid-item-h:hover .usg_post_content_1{transform:scale(1) translate(0%,0%);opacity:1}.layout_344 .usg_post_image_1{position:absolute!important;left:0!important;top:0!important;bottom:0!important;right:0!important}.layout_344 .usg_vwrapper_1{position:absolute!important;top:0!important;right:0!important;bottom:0!important;left:0!important;padding:4rem!important}.layout_344 .usg_post_title_1{color:inherit!important;font-size:1.4rem!important}<\/style><div class=\"w-grid-list\">\t<article class=\"w-grid-item size_1x1 post-3446 us_portfolio type-us_portfolio status-publish has-post-thumbnail hentry us_portfolio_category-cuisines-dexterieur\" data-id=\"3446\">\r\n\t\t<div class=\"w-grid-item-h\">\r\n\t\t\t\t\t\t\t<a href=\"https:\/\/www.ofoutdoorkitchens.com\/fr\/portfolio\/via-nolfi-527\/\" class=\"w-grid-item-anchor\" aria-label=\"Via Nolfi 527\"><\/a>\r\n\t\t\t\t\t\t<div class=\"w-post-elm post_image usg_post_image_1 stretched\"><img loading=\"lazy\" decoding=\"async\" width=\"1024\" height=\"724\" src=\"https:\/\/www.ofoutdoorkitchens.com\/wp-content\/uploads\/2023\/03\/527_PP-1024x724.jpg\" class=\"attachment-large size-large wp-post-image\" alt=\"\" srcset=\"https:\/\/www.ofoutdoorkitchens.com\/wp-content\/uploads\/2023\/03\/527_PP-1024x724.jpg 1024w, https:\/\/www.ofoutdoorkitchens.com\/wp-content\/uploads\/2023\/03\/527_PP-300x212.jpg 300w, https:\/\/www.ofoutdoorkitchens.com\/wp-content\/uploads\/2023\/03\/527_PP-scaled.jpg 1280w\" sizes=\"auto, (max-width: 1024px) 100vw, 1024px\" \/><\/div><div class=\"w-vwrapper usg_vwrapper_1 grid_style_12 align_center valign_middle\"><h2 class=\"w-post-elm post_title usg_post_title_1 has_text_color entry-title color_link_inherit\">Via Nolfi 527<\/h2><div class=\"w-post-elm post_taxonomy usg_post_taxonomy_1 style_simple color_link_inherit\"><a class=\"term-54 term-cuisines-dexterieur\" href=\"https:\/\/www.ofoutdoorkitchens.com\/fr\/portfolio_category\/cuisines-dexterieur\/\">Cuisines d'ext\u00e9rieur<\/a><\/div><div class=\"w-post-elm post_content usg_post_content_1\">DIMENSIONES: L 210,8 CM<\/div><\/div>\t\t<\/div>\r\n\t\t\t<\/article>\r\n\t<article class=\"w-grid-item size_1x1 post-3535 us_portfolio type-us_portfolio status-publish has-post-thumbnail hentry us_portfolio_category-cuisines-dexterieur\" data-id=\"3535\">\r\n\t\t<div class=\"w-grid-item-h\">\r\n\t\t\t\t\t\t\t<a href=\"https:\/\/www.ofoutdoorkitchens.com\/fr\/portfolio\/via-nolfi-528\/\" class=\"w-grid-item-anchor\" aria-label=\"Via Nolfi 528\"><\/a>\r\n\t\t\t\t\t\t<div class=\"w-post-elm post_image usg_post_image_1 stretched\"><img loading=\"lazy\" decoding=\"async\" width=\"1024\" height=\"722\" src=\"https:\/\/www.ofoutdoorkitchens.com\/wp-content\/uploads\/2023\/01\/528_PP-1024x722.jpg\" class=\"attachment-large size-large wp-post-image\" alt=\"\" srcset=\"https:\/\/www.ofoutdoorkitchens.com\/wp-content\/uploads\/2023\/01\/528_PP-1024x722.jpg 1024w, https:\/\/www.ofoutdoorkitchens.com\/wp-content\/uploads\/2023\/01\/528_PP-300x211.jpg 300w, https:\/\/www.ofoutdoorkitchens.com\/wp-content\/uploads\/2023\/01\/528_PP-scaled.jpg 1280w\" sizes=\"auto, (max-width: 1024px) 100vw, 1024px\" \/><\/div><div class=\"w-vwrapper usg_vwrapper_1 grid_style_12 align_center valign_middle\"><h2 class=\"w-post-elm post_title usg_post_title_1 has_text_color entry-title color_link_inherit\">Via Nolfi 528<\/h2><div class=\"w-post-elm post_taxonomy usg_post_taxonomy_1 style_simple color_link_inherit\"><a class=\"term-54 term-cuisines-dexterieur\" href=\"https:\/\/www.ofoutdoorkitchens.com\/fr\/portfolio_category\/cuisines-dexterieur\/\">Cuisines d'ext\u00e9rieur<\/a><\/div><div class=\"w-post-elm post_content usg_post_content_1\">DIMENSIONES:\u00a0L 330,8 CM<\/div><\/div>\t\t<\/div>\r\n\t\t\t<\/article>\r\n\t<article class=\"w-grid-item size_1x1 post-3533 us_portfolio type-us_portfolio status-publish has-post-thumbnail hentry us_portfolio_category-cuisines-dexterieur\" data-id=\"3533\">\r\n\t\t<div class=\"w-grid-item-h\">\r\n\t\t\t\t\t\t\t<a href=\"https:\/\/www.ofoutdoorkitchens.com\/fr\/portfolio\/via-nolfi-529\/\" class=\"w-grid-item-anchor\" aria-label=\"Via Nolfi 529\"><\/a>\r\n\t\t\t\t\t\t<div class=\"w-post-elm post_image usg_post_image_1 stretched\"><img loading=\"lazy\" decoding=\"async\" width=\"800\" height=\"600\" src=\"https:\/\/www.ofoutdoorkitchens.com\/wp-content\/uploads\/2023\/01\/via-nolfi-529-ok.jpg\" class=\"attachment-large size-large wp-post-image\" alt=\"\" srcset=\"https:\/\/www.ofoutdoorkitchens.com\/wp-content\/uploads\/2023\/01\/via-nolfi-529-ok.jpg 800w, https:\/\/www.ofoutdoorkitchens.com\/wp-content\/uploads\/2023\/01\/via-nolfi-529-ok-300x225.jpg 300w\" sizes=\"auto, (max-width: 800px) 100vw, 800px\" \/><\/div><div class=\"w-vwrapper usg_vwrapper_1 grid_style_12 align_center valign_middle\"><h2 class=\"w-post-elm post_title usg_post_title_1 has_text_color entry-title color_link_inherit\">Via Nolfi 529<\/h2><div class=\"w-post-elm post_taxonomy usg_post_taxonomy_1 style_simple color_link_inherit\"><a class=\"term-54 term-cuisines-dexterieur\" href=\"https:\/\/www.ofoutdoorkitchens.com\/fr\/portfolio_category\/cuisines-dexterieur\/\">Cuisines d'ext\u00e9rieur<\/a><\/div><div class=\"w-post-elm post_content usg_post_content_1\">DIMENSIONES:\u00a0L 270,8 CM<\/div><\/div>\t\t<\/div>\r\n\t\t\t<\/article>\r\n\t<article class=\"w-grid-item size_1x1 post-3531 us_portfolio type-us_portfolio status-publish has-post-thumbnail hentry us_portfolio_category-cuisines-dexterieur\" data-id=\"3531\">\r\n\t\t<div class=\"w-grid-item-h\">\r\n\t\t\t\t\t\t\t<a href=\"https:\/\/www.ofoutdoorkitchens.com\/fr\/portfolio\/via-nolfi-530\/\" class=\"w-grid-item-anchor\" aria-label=\"Via Nolfi 530\"><\/a>\r\n\t\t\t\t\t\t<div class=\"w-post-elm post_image usg_post_image_1 stretched\"><img loading=\"lazy\" decoding=\"async\" width=\"1024\" height=\"777\" src=\"https:\/\/www.ofoutdoorkitchens.com\/wp-content\/uploads\/2023\/01\/via-nolfi-530-14-1024x777.jpg\" class=\"attachment-large size-large wp-post-image\" alt=\"\" srcset=\"https:\/\/www.ofoutdoorkitchens.com\/wp-content\/uploads\/2023\/01\/via-nolfi-530-14-1024x777.jpg 1024w, https:\/\/www.ofoutdoorkitchens.com\/wp-content\/uploads\/2023\/01\/via-nolfi-530-14-300x228.jpg 300w, https:\/\/www.ofoutdoorkitchens.com\/wp-content\/uploads\/2023\/01\/via-nolfi-530-14.jpg 1200w\" sizes=\"auto, (max-width: 1024px) 100vw, 1024px\" \/><\/div><div class=\"w-vwrapper usg_vwrapper_1 grid_style_12 align_center valign_middle\"><h2 class=\"w-post-elm post_title usg_post_title_1 has_text_color entry-title color_link_inherit\">Via Nolfi 530<\/h2><div class=\"w-post-elm post_taxonomy usg_post_taxonomy_1 style_simple color_link_inherit\"><a class=\"term-54 term-cuisines-dexterieur\" href=\"https:\/\/www.ofoutdoorkitchens.com\/fr\/portfolio_category\/cuisines-dexterieur\/\">Cuisines d'ext\u00e9rieur<\/a><\/div><div class=\"w-post-elm post_content usg_post_content_1\">DIMENSIONES: L 270,8 CM<\/div><\/div>\t\t<\/div>\r\n\t\t\t<\/article>\r\n\t<article class=\"w-grid-item size_1x1 post-3444 us_portfolio type-us_portfolio status-publish has-post-thumbnail hentry us_portfolio_category-cuisines-dexterieur\" data-id=\"3444\">\r\n\t\t<div class=\"w-grid-item-h\">\r\n\t\t\t\t\t\t\t<a href=\"https:\/\/www.ofoutdoorkitchens.com\/fr\/portfolio\/via-nolfi-531\/\" class=\"w-grid-item-anchor\" aria-label=\"Via Nolfi 531\"><\/a>\r\n\t\t\t\t\t\t<div class=\"w-post-elm post_image usg_post_image_1 stretched\"><img loading=\"lazy\" decoding=\"async\" width=\"800\" height=\"600\" src=\"https:\/\/www.ofoutdoorkitchens.com\/wp-content\/uploads\/2023\/03\/via-nolfi-531.jpg\" class=\"attachment-large size-large wp-post-image\" alt=\"\" srcset=\"https:\/\/www.ofoutdoorkitchens.com\/wp-content\/uploads\/2023\/03\/via-nolfi-531.jpg 800w, https:\/\/www.ofoutdoorkitchens.com\/wp-content\/uploads\/2023\/03\/via-nolfi-531-300x225.jpg 300w\" sizes=\"auto, (max-width: 800px) 100vw, 800px\" \/><\/div><div class=\"w-vwrapper usg_vwrapper_1 grid_style_12 align_center valign_middle\"><h2 class=\"w-post-elm post_title usg_post_title_1 has_text_color entry-title color_link_inherit\">Via Nolfi 531<\/h2><div class=\"w-post-elm post_taxonomy usg_post_taxonomy_1 style_simple color_link_inherit\"><a class=\"term-54 term-cuisines-dexterieur\" href=\"https:\/\/www.ofoutdoorkitchens.com\/fr\/portfolio_category\/cuisines-dexterieur\/\">Cuisines d'ext\u00e9rieur<\/a><\/div><div class=\"w-post-elm post_content usg_post_content_1\">DIMENSIONES: L 270,8 CM<\/div><\/div>\t\t<\/div>\r\n\t\t\t<\/article>\r\n<\/div><div class=\"w-grid-preloader\">\t<div class=\"g-preloader type_1\">\r\n\t\t<div><\/div>\r\n\t<\/div>\r\n\t<\/div>\t<div class=\"w-grid-json hidden\" onclick='return {&quot;action&quot;:&quot;us_ajax_grid&quot;,&quot;infinite_scroll&quot;:0,&quot;max_num_pages&quot;:1,&quot;pagination&quot;:&quot;none&quot;,&quot;template_vars&quot;:{&quot;columns&quot;:&quot;3&quot;,&quot;exclude_items&quot;:&quot;none&quot;,&quot;img_size&quot;:&quot;large&quot;,&quot;ignore_items_size&quot;:0,&quot;items_layout&quot;:&quot;344&quot;,&quot;items_offset&quot;:&quot;1&quot;,&quot;load_animation&quot;:&quot;none&quot;,&quot;overriding_link&quot;:&quot;%7B%22type%22%3A%22post%22%7D&quot;,&quot;post_id&quot;:0,&quot;query_args&quot;:{&quot;post_type&quot;:[&quot;us_portfolio&quot;],&quot;tax_query&quot;:[{&quot;taxonomy&quot;:&quot;us_portfolio_category&quot;,&quot;field&quot;:&quot;slug&quot;,&quot;terms&quot;:[&quot;cucine-esterno-en&quot;]}],&quot;post_status&quot;:[&quot;publish&quot;,&quot;mapped&quot;,&quot;needs_update&quot;],&quot;posts_per_page&quot;:&quot;10&quot;},&quot;orderby_query_args&quot;:{&quot;orderby&quot;:{&quot;title&quot;:&quot;ASC&quot;},&quot;order&quot;:&quot;ASC&quot;},&quot;type&quot;:&quot;grid&quot;,&quot;us_grid_post_type&quot;:&quot;us_portfolio&quot;,&quot;us_grid_ajax_index&quot;:1,&quot;us_grid_filter_query_string&quot;:null,&quot;us_grid_index&quot;:1,&quot;page_args&quot;:[],&quot;lang&quot;:&quot;fr&quot;}}'><\/div>\r\n\t<\/div><div class=\"w-separator size_medium with_line width_default thick_1 style_solid color_border align_center\"><div class=\"w-separator-h\"><\/div><\/div><\/div><\/div><\/div><\/div><\/section><section class=\"l-section wpb_row height_auto\" id=\"personaliz\"><div class=\"l-section-h i-cf\"><div class=\"g-cols vc_row via_grid cols_1-2 laptops-cols_inherit tablets-cols_inherit mobiles-cols_1 valign_top type_default stacking_default\"><div class=\"wpb_column vc_column_container\"><div class=\"vc_column-inner\"><div class=\"wpb_text_column\"><div class=\"wpb_wrapper\"><h2>Cuisines \u00e0 personnaliser<\/h2>\n<\/div><\/div><div class=\"w-separator size_medium\"><\/div><div class=\"wpb_text_column\"><div class=\"wpb_wrapper\"><p><strong>Ta cuisine en acier.<\/strong><br \/>\n<strong>Seulement \u00e0 toi<\/strong><\/p>\n<p>Aucune de nos cuisines d&#8217;ext\u00e9rieur standard en acier ne r\u00e9pond \u00e0 tes exigences de style et d&#8217;espace?<br \/>\nPas de probl\u00e8me.<br \/>\nAvec OF outdoorkitchens tu peux concevoir ta solution dans les moindres d\u00e9tails et finitions. Ce sera ta cuisine en acier. Seulement \u00e0 toi.<br \/>\nAu sens propre du terme<\/p>\n<p>&nbsp;<\/p>\n<p><strong>D\u00e9couvre toutes les possibilit\u00e9s de personnalisation.<\/strong><\/p>\n<\/div><\/div><div class=\"w-separator size_medium\"><\/div><div class=\"w-btn-wrapper align_none\"><a class=\"w-btn us-btn-style_1 icon_atright\" title=\"Outdoor kitchens to customize\" href=\"https:\/\/www.ofoutdoorkitchens.com\/fr\/cuisines-a-personnaliser\/\"><span class=\"w-btn-label\">Voir toutes les options<\/span><i class=\"far fa-long-arrow-right\"><\/i><\/a><\/div><\/div><\/div><div class=\"wpb_column vc_column_container\"><div class=\"vc_column-inner\"><div class=\"w-image align_none\"><div class=\"w-image-h\"><img decoding=\"async\" width=\"1280\" height=\"998\" src=\"https:\/\/www.ofoutdoorkitchens.com\/wp-content\/uploads\/2023\/03\/OF_cucina-tecnica-personaliz2.jpg\" class=\"attachment-full size-full\" alt=\"\" loading=\"lazy\" srcset=\"https:\/\/www.ofoutdoorkitchens.com\/wp-content\/uploads\/2023\/03\/OF_cucina-tecnica-personaliz2.jpg 1280w, https:\/\/www.ofoutdoorkitchens.com\/wp-content\/uploads\/2023\/03\/OF_cucina-tecnica-personaliz2-300x234.jpg 300w, https:\/\/www.ofoutdoorkitchens.com\/wp-content\/uploads\/2023\/03\/OF_cucina-tecnica-personaliz2-1024x798.jpg 1024w\" sizes=\"auto, (max-width: 1280px) 100vw, 1280px\" \/><\/div><\/div><\/div><\/div><\/div><\/div><\/section><section class=\"l-section wpb_row height_auto\"><div class=\"l-section-h i-cf\"><div class=\"g-cols vc_row via_grid cols_1 laptops-cols_inherit tablets-cols_inherit mobiles-cols_1 valign_top type_default stacking_default\"><div class=\"wpb_column vc_column_container\"><div class=\"vc_column-inner\"><div class=\"w-separator size_medium with_line width_default thick_1 style_solid color_border align_center\"><div class=\"w-separator-h\"><\/div><\/div><\/div><\/div><\/div><\/div><\/section><section class=\"l-section wpb_row height_auto\"><div class=\"l-section-h i-cf\"><div class=\"g-cols vc_row via_grid cols_1 laptops-cols_inherit tablets-cols_inherit mobiles-cols_1 valign_top type_default stacking_default\"><div class=\"wpb_column vc_column_container\"><div class=\"vc_column-inner\"><div class=\"w-hwrapper valign_top align_none\" style=\"--hwrapper-gap:1.20rem\"><div class=\"w-btn-wrapper align_none\"><a class=\"w-btn us-btn-style_1 icon_atright\" title=\"Download catalogue\" target=\"_blank\" rel=\"nofollow\" href=\"https:\/\/www.ofoutdoorkitchens.com\/fr\/telecharger-le-catalogue\/\"><span class=\"w-btn-label\">T\u00e9l\u00e9charger le catalogue 2023<\/span><i class=\"fas fa-long-arrow-down\"><\/i><\/a><\/div><div class=\"w-btn-wrapper align_none\"><a class=\"w-btn us-btn-style_1 icon_atright\" title=\"istruzioni montaggio\" href=\"https:\/\/www.ofoutdoorkitchens.com\/fr\/instructions-de-montage\/\"><span class=\"w-btn-label\">Instructions de montage<\/span><i class=\"fas fa-long-arrow-down\"><\/i><\/a><\/div><div class=\"w-btn-wrapper align_none\"><a class=\"w-btn us-btn-style_1 icon_atright\" title=\"Cleaning\" href=\"https:\/\/www.ofoutdoorkitchens.com\/fr\/nettoyage\/\"><span class=\"w-btn-label\">Nettoyage<\/span><i class=\"fas fa-long-arrow-down\"><\/i><\/a><\/div><\/div><div class=\"w-separator size_medium\"><\/div><\/div><\/div><\/div><\/div><\/section>\n","protected":false},"excerpt":{"rendered":"DIMENSIONES: L 270,8 CM Cuisine d&#8217;ext\u00e9rieur en acier inox d\u00e9labr\u00e9 compl\u00e8te de base vantail gauche (60cm) avec cuisini\u00e8re \u00e0 gaz, base \u00e0 deux vantaux (90cm) avec barbecue 4 feux, base frigo (62cm), base \u00e9vier (60cm) avec \u00e9vier sur plan et robinet \u201csquare\u201d. \u00c9galement disponible dans la version \u00eelot. \u00c9galement disponible avec \u00e9vier \u00e0 gauche (Via...","protected":false},"author":1,"featured_media":0,"parent":0,"menu_order":0,"comment_status":"closed","ping_status":"closed","template":"","meta":{"om_disable_all_campaigns":false,"_uf_show_specific_survey":0,"_uf_disable_surveys":false,"footnotes":""},"class_list":["post-3405","page","type-page","status-publish","hentry"],"yoast_head":"<!-- This site is optimized with the Yoast SEO plugin v23.4 - https:\/\/yoast.com\/wordpress\/plugins\/seo\/ -->\n<title>Cuisines d&#039;ext\u00e9rieur - OF Outdoorkitchens<\/title>\n<meta name=\"robots\" content=\"index, follow, max-snippet:-1, max-image-preview:large, max-video-preview:-1\" \/>\n<link rel=\"canonical\" href=\"https:\/\/www.ofoutdoorkitchens.com\/fr\/cuisines-dexterieur\/\" \/>\n<meta property=\"og:locale\" content=\"fr_FR\" \/>\n<meta property=\"og:type\" content=\"article\" \/>\n<meta property=\"og:title\" content=\"Cuisines d&#039;ext\u00e9rieur - OF Outdoorkitchens\" \/>\n<meta property=\"og:url\" content=\"https:\/\/www.ofoutdoorkitchens.com\/fr\/cuisines-dexterieur\/\" \/>\n<meta property=\"og:site_name\" content=\"OF Outdoorkitchens\" \/>\n<meta property=\"article:publisher\" content=\"https:\/\/www.facebook.com\/ofoutdoorkitchens\" \/>\n<meta property=\"article:modified_time\" content=\"2023-06-30T08:59:27+00:00\" \/>\n<meta name=\"twitter:card\" content=\"summary_large_image\" \/>\n<meta name=\"twitter:label1\" content=\"Dur\u00e9e de lecture estim\u00e9e\" \/>\n\t<meta name=\"twitter:data1\" content=\"2 minutes\" \/>\n<!-- \/ Yoast SEO plugin. -->","yoast_head_json":{"title":"Cuisines d'ext\u00e9rieur - OF Outdoorkitchens","robots":{"index":"index","follow":"follow","max-snippet":"max-snippet:-1","max-image-preview":"max-image-preview:large","max-video-preview":"max-video-preview:-1"},"canonical":"https:\/\/www.ofoutdoorkitchens.com\/fr\/cuisines-dexterieur\/","og_locale":"fr_FR","og_type":"article","og_title":"Cuisines d'ext\u00e9rieur - OF Outdoorkitchens","og_url":"https:\/\/www.ofoutdoorkitchens.com\/fr\/cuisines-dexterieur\/","og_site_name":"OF Outdoorkitchens","article_publisher":"https:\/\/www.facebook.com\/ofoutdoorkitchens","article_modified_time":"2023-06-30T08:59:27+00:00","twitter_card":"summary_large_image","twitter_misc":{"Dur\u00e9e de lecture estim\u00e9e":"2 minutes"},"schema":{"@context":"https:\/\/schema.org","@graph":[{"@type":"WebPage","@id":"https:\/\/www.ofoutdoorkitchens.com\/fr\/cuisines-dexterieur\/","url":"https:\/\/www.ofoutdoorkitchens.com\/fr\/cuisines-dexterieur\/","name":"Cuisines d'ext\u00e9rieur - OF Outdoorkitchens","isPartOf":{"@id":"https:\/\/www.ofoutdoorkitchens.com\/fr\/#website"},"datePublished":"2023-01-24T11:27:20+00:00","dateModified":"2023-06-30T08:59:27+00:00","breadcrumb":{"@id":"https:\/\/www.ofoutdoorkitchens.com\/fr\/cuisines-dexterieur\/#breadcrumb"},"inLanguage":"fr-FR","potentialAction":[{"@type":"ReadAction","target":["https:\/\/www.ofoutdoorkitchens.com\/fr\/cuisines-dexterieur\/"]}]},{"@type":"BreadcrumbList","@id":"https:\/\/www.ofoutdoorkitchens.com\/fr\/cuisines-dexterieur\/#breadcrumb","itemListElement":[{"@type":"ListItem","position":1,"name":"Home","item":"https:\/\/www.ofoutdoorkitchens.com\/fr\/"},{"@type":"ListItem","position":2,"name":"Cuisines d&#8217;ext\u00e9rieur"}]},{"@type":"WebSite","@id":"https:\/\/www.ofoutdoorkitchens.com\/fr\/#website","url":"https:\/\/www.ofoutdoorkitchens.com\/fr\/","name":"OF Outdoorkitchens","description":"","publisher":{"@id":"https:\/\/www.ofoutdoorkitchens.com\/fr\/#organization"},"potentialAction":[{"@type":"SearchAction","target":{"@type":"EntryPoint","urlTemplate":"https:\/\/www.ofoutdoorkitchens.com\/fr\/?s={search_term_string}"},"query-input":{"@type":"PropertyValueSpecification","valueRequired":true,"valueName":"search_term_string"}}],"inLanguage":"fr-FR"},{"@type":"Organization","@id":"https:\/\/www.ofoutdoorkitchens.com\/fr\/#organization","name":"OF Outdoorkitchens","url":"https:\/\/www.ofoutdoorkitchens.com\/fr\/","logo":{"@type":"ImageObject","inLanguage":"fr-FR","@id":"https:\/\/www.ofoutdoorkitchens.com\/fr\/#\/schema\/logo\/image\/","url":"https:\/\/www.ofoutdoorkitchens.com\/wp-content\/uploads\/2023\/03\/logo-OF-2023-def150.png","contentUrl":"https:\/\/www.ofoutdoorkitchens.com\/wp-content\/uploads\/2023\/03\/logo-OF-2023-def150.png","width":150,"height":150,"caption":"OF Outdoorkitchens"},"image":{"@id":"https:\/\/www.ofoutdoorkitchens.com\/fr\/#\/schema\/logo\/image\/"},"sameAs":["https:\/\/www.facebook.com\/ofoutdoorkitchens","https:\/\/www.instagram.com\/of.outdoorkitchens\/","https:\/\/www.linkedin.com\/company\/of-out-door-kitchens\/"]}]}},"_links":{"self":[{"href":"https:\/\/www.ofoutdoorkitchens.com\/fr\/wp-json\/wp\/v2\/pages\/3405","targetHints":{"allow":["GET"]}}],"collection":[{"href":"https:\/\/www.ofoutdoorkitchens.com\/fr\/wp-json\/wp\/v2\/pages"}],"about":[{"href":"https:\/\/www.ofoutdoorkitchens.com\/fr\/wp-json\/wp\/v2\/types\/page"}],"author":[{"embeddable":true,"href":"https:\/\/www.ofoutdoorkitchens.com\/fr\/wp-json\/wp\/v2\/users\/1"}],"replies":[{"embeddable":true,"href":"https:\/\/www.ofoutdoorkitchens.com\/fr\/wp-json\/wp\/v2\/comments?post=3405"}],"version-history":[{"count":7,"href":"https:\/\/www.ofoutdoorkitchens.com\/fr\/wp-json\/wp\/v2\/pages\/3405\/revisions"}],"predecessor-version":[{"id":3856,"href":"https:\/\/www.ofoutdoorkitchens.com\/fr\/wp-json\/wp\/v2\/pages\/3405\/revisions\/3856"}],"wp:attachment":[{"href":"https:\/\/www.ofoutdoorkitchens.com\/fr\/wp-json\/wp\/v2\/media?parent=3405"}],"curies":[{"name":"wp","href":"https:\/\/api.w.org\/{rel}","templated":true}]}}