{"id":3326,"date":"2023-01-10T16:54:56","date_gmt":"2023-01-10T15:54:56","guid":{"rendered":"https:\/\/www.ofoutdoorkitchens.com\/azienda\/"},"modified":"2023-06-30T11:04:37","modified_gmt":"2023-06-30T09:04:37","slug":"entreprise","status":"publish","type":"page","link":"https:\/\/www.ofoutdoorkitchens.com\/fr\/entreprise\/","title":{"rendered":"Entreprise"},"content":{"rendered":"<section class=\"l-section wpb_row height_medium\"><div class=\"l-section-h i-cf\"><div class=\"g-cols vc_row via_grid cols_1 laptops-cols_inherit tablets-cols_inherit mobiles-cols_1 valign_top type_default stacking_default\"><div class=\"wpb_column vc_column_container\"><div class=\"vc_column-inner\"><div class=\"wpb_text_column\"><div class=\"wpb_wrapper\"><h1>Entreprise<\/h1>\n<\/div><\/div><div class=\"wpb_text_column\"><div class=\"wpb_wrapper\"><h2>Cuisines modulaires en acier inox made in Italy<\/h2>\n<\/div><\/div><div class=\"w-separator size_medium\"><\/div><div class=\"wpb_text_column\"><div class=\"wpb_wrapper\"><p>Lin\u00e9arit\u00e9 et \u00e9l\u00e9gance, design d&#8217;avant-garde et fonctionnalit\u00e9. La durabilit\u00e9 de l&#8217;acier inox s&#8217;unit \u00e0 la perfection g\u00e9om\u00e9trique des lignes dans la cr\u00e9ation de solutions esth\u00e9tiques de premier ordre.<br \/>\nOF outdoorkitchens est un spin off d&#8217;Officine Fanesi, une entreprise sp\u00e9cialis\u00e9e dans la production de cuisines personnalisables en acier inox.<br \/>\nOF est particuli\u00e8rement attentive au prix et \u00e0 la facilit\u00e9 de proposition. Nous avons pens\u00e9 \u00e0 une entreprise intelligente \u00e0 lire et \u00e0 proposer, bas\u00e9e sur le concept fondamental de modularit\u00e9. Pour cela, nous pr\u00e9sentons une pluralit\u00e9 de compositions en diff\u00e9rentes mesures de longueur et en version soit en support qu&#8217;en \u00eele. Le d\u00e9nominateur commun de ces compositions est la pr\u00e9sence de trois exigences fondamentales de la cuisson, de la disponibilit\u00e9 de l&#8217;eau et de la contenance. Nous proposons des versions, destin\u00e9es \u00e0 un usage plus o moins exigeant, qui pr\u00e9sentent des typologies diversifi\u00e9es d&#8217;accessoires et d&#8217;\u00e9lectrom\u00e9nagers, en fonction desquels les cuisines ont, \u00e9videmment, des dimensions diff\u00e9rentes.<\/p>\n<\/div><\/div><\/div><\/div><\/div><\/div><\/section><section class=\"l-section wpb_row height_auto\"><div class=\"l-section-h i-cf\"><div class=\"g-cols vc_row via_grid cols_2 laptops-cols_inherit tablets-cols_inherit mobiles-cols_1 valign_top type_default stacking_default\"><div class=\"wpb_column vc_column_container\"><div class=\"vc_column-inner\"><div class=\"w-image align_center\"><div class=\"w-image-h\"><img decoding=\"async\" width=\"800\" height=\"534\" src=\"https:\/\/www.ofoutdoorkitchens.com\/wp-content\/uploads\/2023\/03\/6-azienda.jpg\" class=\"attachment-full size-full\" alt=\"\" loading=\"lazy\" srcset=\"https:\/\/www.ofoutdoorkitchens.com\/wp-content\/uploads\/2023\/03\/6-azienda.jpg 800w, https:\/\/www.ofoutdoorkitchens.com\/wp-content\/uploads\/2023\/03\/6-azienda-300x200.jpg 300w\" sizes=\"auto, (max-width: 800px) 100vw, 800px\" \/><\/div><\/div><\/div><\/div><div class=\"wpb_column vc_column_container\"><div class=\"vc_column-inner\"><div class=\"wpb_text_column\"><div class=\"wpb_wrapper\"><p><strong>Qui sommes-nous<\/strong><\/p>\n<p>TECNOZETA S.R.L. na\u00eet en se sp\u00e9cialisant dans la production et la commercialisation de mobilier m\u00e9tallique pour ateliers et activit\u00e9s commerciales du secteur de la m\u00e9tallurgie. L&#8217;entreprise est aujourd&#8217;hui sp\u00e9cialis\u00e9e dans la production et la vente de cuisines d&#8217;ext\u00e9rieur. L&#8217;activit\u00e9 productive est de plus en plus ax\u00e9e sur le travail de la t\u00f4le, de l&#8217;acier inox et de l&#8217;aluminium, produisant principalement des cuisines et des meubles en acier inox, des tiroirs de travail, des armoires avec \u00e9tag\u00e8res, des porte-outils. Pr\u00e9voyant aussi la conception de solutions sp\u00e9cifiques et hautement personnalis\u00e9es en fonction des exigences du client.<\/p>\n<p>Les cuisines d&#8217;ext\u00e9rieur OF sont enti\u00e8rement made in Italy; elles sont r\u00e9alis\u00e9es en interne et ont \u00e0 la base une fili\u00e8re d&#8217;approvisionnement concentr\u00e9e sur le territoire national.<\/p>\n<\/div><\/div><\/div><\/div><\/div><\/div><\/section><section class=\"l-section wpb_row height_auto\"><div class=\"l-section-h i-cf\"><div class=\"g-cols vc_row via_grid cols_2 laptops-cols_inherit tablets-cols_inherit mobiles-cols_1 valign_top type_default stacking_default\"><div class=\"wpb_column vc_column_container\"><div class=\"vc_column-inner\"><div class=\"w-separator size_medium\"><\/div><div class=\"wpb_text_column\"><div class=\"wpb_wrapper\"><p><strong>De l&#8217;industrialisation aux cuisines sur mesure en acier inox et au-del\u00e0.<\/strong><\/p>\n<p>Chaque client OF peut personnaliser sa cuisine en cr\u00e9ant son propre m\u00e9lange. Leader dans la production de cuisines d&#8217;ext\u00e9rieur, OF outdoorkitchens pr\u00e9sente un nouveau et r\u00e9volutionnaire concept d&#8217;utilisation et de jouissance des espaces ext\u00e9rieurs. A son service, elle a toute l&#8217;exp\u00e9rience et la technologie d&#8217;Officine Fanesi, pour garantir, m\u00eame \u00e0 l&#8217;ext\u00e9rieur, la gestion modulaire des espaces typique de l&#8217;environnement int\u00e9rieur.<\/p>\n<p>Excellence, custom made, qualit\u00e9 des m\u00e9taux et des finitions, recherche et exp\u00e9rimentation: telles sont les caract\u00e9ristiques qui inspirent Officine Fanesi. En revanche, les cuisines OF outdoorkitchens, toujours de grande valeur et finies avec grand soin, ont la particularit\u00e9 d&#8217;\u00eatre modulaires et donc construites &#8220;&#8221;en s\u00e9rie&#8221;&#8221;. Un produit plus \u00e9conomique, simple \u00e0 g\u00e9rer et accessible \u00e0 tous.<\/p>\n<\/div><\/div><div class=\"w-separator size_medium\"><\/div><div class=\"w-image align_center\"><div class=\"w-image-h\"><img decoding=\"async\" width=\"600\" height=\"400\" src=\"https:\/\/www.ofoutdoorkitchens.com\/wp-content\/uploads\/2023\/03\/azienda-OF-3-1.jpg\" class=\"attachment-full size-full\" alt=\"\" loading=\"lazy\" srcset=\"https:\/\/www.ofoutdoorkitchens.com\/wp-content\/uploads\/2023\/03\/azienda-OF-3-1.jpg 600w, https:\/\/www.ofoutdoorkitchens.com\/wp-content\/uploads\/2023\/03\/azienda-OF-3-1-300x200.jpg 300w\" sizes=\"auto, (max-width: 600px) 100vw, 600px\" \/><\/div><\/div><\/div><\/div><div class=\"wpb_column vc_column_container\"><div class=\"vc_column-inner\"><div class=\"w-image align_center\"><div class=\"w-image-h\"><img decoding=\"async\" width=\"600\" height=\"600\" src=\"https:\/\/www.ofoutdoorkitchens.com\/wp-content\/uploads\/2023\/03\/azienda-OF-2-1.jpg\" class=\"attachment-full size-full\" alt=\"\" loading=\"lazy\" srcset=\"https:\/\/www.ofoutdoorkitchens.com\/wp-content\/uploads\/2023\/03\/azienda-OF-2-1.jpg 600w, https:\/\/www.ofoutdoorkitchens.com\/wp-content\/uploads\/2023\/03\/azienda-OF-2-1-300x300.jpg 300w, https:\/\/www.ofoutdoorkitchens.com\/wp-content\/uploads\/2023\/03\/azienda-OF-2-1-150x150.jpg 150w\" sizes=\"auto, (max-width: 600px) 100vw, 600px\" \/><\/div><\/div><div class=\"w-separator size_medium\"><\/div><div class=\"w-image align_center\"><div class=\"w-image-h\"><img decoding=\"async\" width=\"600\" height=\"400\" src=\"https:\/\/www.ofoutdoorkitchens.com\/wp-content\/uploads\/2023\/03\/azienda-OF-4b.jpg\" class=\"attachment-full size-full\" alt=\"\" loading=\"lazy\" srcset=\"https:\/\/www.ofoutdoorkitchens.com\/wp-content\/uploads\/2023\/03\/azienda-OF-4b.jpg 600w, https:\/\/www.ofoutdoorkitchens.com\/wp-content\/uploads\/2023\/03\/azienda-OF-4b-300x200.jpg 300w\" sizes=\"auto, (max-width: 600px) 100vw, 600px\" \/><\/div><\/div><\/div><\/div><\/div><\/div><\/section><section class=\"l-section wpb_row height_medium\"><div class=\"l-section-h i-cf\"><div class=\"g-cols vc_row via_grid cols_1 laptops-cols_inherit tablets-cols_inherit mobiles-cols_1 valign_top type_default stacking_default\"><div class=\"wpb_column vc_column_container\"><div class=\"vc_column-inner\"><div class=\"w-btn-wrapper align_center\"><a class=\"w-btn us-btn-style_1 icon_atright\" title=\"Contatti\" href=\"https:\/\/www.ofoutdoorkitchens.com\/fr\/contacts\/\"><span class=\"w-btn-label\">Contactez-nous pour plus d&#8217;informations<\/span><i class=\"far fa-long-arrow-right\"><\/i><\/a><\/div><\/div><\/div><\/div><\/div><\/section>\n","protected":false},"excerpt":{"rendered":"Entreprise Cuisines modulaires en acier inox made in Italy Lin\u00e9arit\u00e9 et \u00e9l\u00e9gance, design d&#8217;avant-garde et fonctionnalit\u00e9. La durabilit\u00e9 de l&#8217;acier inox s&#8217;unit \u00e0 la perfection g\u00e9om\u00e9trique des lignes dans la cr\u00e9ation de solutions esth\u00e9tiques de premier ordre. OF outdoorkitchens est un spin off d&#8217;Officine Fanesi, une entreprise sp\u00e9cialis\u00e9e dans la production de cuisines personnalisables en...","protected":false},"author":1,"featured_media":0,"parent":0,"menu_order":0,"comment_status":"closed","ping_status":"open","template":"","meta":{"om_disable_all_campaigns":false,"_uf_show_specific_survey":0,"_uf_disable_surveys":false,"footnotes":""},"class_list":["post-3326","page","type-page","status-publish","hentry"],"yoast_head":"<!-- This site is optimized with the Yoast SEO plugin v23.4 - https:\/\/yoast.com\/wordpress\/plugins\/seo\/ -->\n<title>Entreprise - OF Outdoorkitchens<\/title>\n<meta name=\"robots\" content=\"index, follow, max-snippet:-1, max-image-preview:large, max-video-preview:-1\" \/>\n<link rel=\"canonical\" href=\"https:\/\/www.ofoutdoorkitchens.com\/fr\/entreprise\/\" \/>\n<meta property=\"og:locale\" content=\"fr_FR\" \/>\n<meta property=\"og:type\" content=\"article\" \/>\n<meta property=\"og:title\" content=\"Entreprise - OF Outdoorkitchens\" \/>\n<meta property=\"og:url\" content=\"https:\/\/www.ofoutdoorkitchens.com\/fr\/entreprise\/\" \/>\n<meta property=\"og:site_name\" content=\"OF Outdoorkitchens\" \/>\n<meta property=\"article:publisher\" content=\"https:\/\/www.facebook.com\/ofoutdoorkitchens\" \/>\n<meta property=\"article:modified_time\" content=\"2023-06-30T09:04:37+00:00\" \/>\n<meta name=\"twitter:card\" content=\"summary_large_image\" \/>\n<meta name=\"twitter:label1\" content=\"Dur\u00e9e de lecture estim\u00e9e\" \/>\n\t<meta name=\"twitter:data1\" content=\"2 minutes\" \/>\n<!-- \/ Yoast SEO plugin. -->","yoast_head_json":{"title":"Entreprise - OF Outdoorkitchens","robots":{"index":"index","follow":"follow","max-snippet":"max-snippet:-1","max-image-preview":"max-image-preview:large","max-video-preview":"max-video-preview:-1"},"canonical":"https:\/\/www.ofoutdoorkitchens.com\/fr\/entreprise\/","og_locale":"fr_FR","og_type":"article","og_title":"Entreprise - OF Outdoorkitchens","og_url":"https:\/\/www.ofoutdoorkitchens.com\/fr\/entreprise\/","og_site_name":"OF Outdoorkitchens","article_publisher":"https:\/\/www.facebook.com\/ofoutdoorkitchens","article_modified_time":"2023-06-30T09:04:37+00:00","twitter_card":"summary_large_image","twitter_misc":{"Dur\u00e9e de lecture estim\u00e9e":"2 minutes"},"schema":{"@context":"https:\/\/schema.org","@graph":[{"@type":"WebPage","@id":"https:\/\/www.ofoutdoorkitchens.com\/fr\/entreprise\/","url":"https:\/\/www.ofoutdoorkitchens.com\/fr\/entreprise\/","name":"Entreprise - OF Outdoorkitchens","isPartOf":{"@id":"https:\/\/www.ofoutdoorkitchens.com\/fr\/#website"},"datePublished":"2023-01-10T15:54:56+00:00","dateModified":"2023-06-30T09:04:37+00:00","breadcrumb":{"@id":"https:\/\/www.ofoutdoorkitchens.com\/fr\/entreprise\/#breadcrumb"},"inLanguage":"fr-FR","potentialAction":[{"@type":"ReadAction","target":["https:\/\/www.ofoutdoorkitchens.com\/fr\/entreprise\/"]}]},{"@type":"BreadcrumbList","@id":"https:\/\/www.ofoutdoorkitchens.com\/fr\/entreprise\/#breadcrumb","itemListElement":[{"@type":"ListItem","position":1,"name":"Home","item":"https:\/\/www.ofoutdoorkitchens.com\/fr\/"},{"@type":"ListItem","position":2,"name":"Entreprise"}]},{"@type":"WebSite","@id":"https:\/\/www.ofoutdoorkitchens.com\/fr\/#website","url":"https:\/\/www.ofoutdoorkitchens.com\/fr\/","name":"OF Outdoorkitchens","description":"","publisher":{"@id":"https:\/\/www.ofoutdoorkitchens.com\/fr\/#organization"},"potentialAction":[{"@type":"SearchAction","target":{"@type":"EntryPoint","urlTemplate":"https:\/\/www.ofoutdoorkitchens.com\/fr\/?s={search_term_string}"},"query-input":{"@type":"PropertyValueSpecification","valueRequired":true,"valueName":"search_term_string"}}],"inLanguage":"fr-FR"},{"@type":"Organization","@id":"https:\/\/www.ofoutdoorkitchens.com\/fr\/#organization","name":"OF Outdoorkitchens","url":"https:\/\/www.ofoutdoorkitchens.com\/fr\/","logo":{"@type":"ImageObject","inLanguage":"fr-FR","@id":"https:\/\/www.ofoutdoorkitchens.com\/fr\/#\/schema\/logo\/image\/","url":"https:\/\/www.ofoutdoorkitchens.com\/wp-content\/uploads\/2023\/03\/logo-OF-2023-def150.png","contentUrl":"https:\/\/www.ofoutdoorkitchens.com\/wp-content\/uploads\/2023\/03\/logo-OF-2023-def150.png","width":150,"height":150,"caption":"OF Outdoorkitchens"},"image":{"@id":"https:\/\/www.ofoutdoorkitchens.com\/fr\/#\/schema\/logo\/image\/"},"sameAs":["https:\/\/www.facebook.com\/ofoutdoorkitchens","https:\/\/www.instagram.com\/of.outdoorkitchens\/","https:\/\/www.linkedin.com\/company\/of-out-door-kitchens\/"]}]}},"_links":{"self":[{"href":"https:\/\/www.ofoutdoorkitchens.com\/fr\/wp-json\/wp\/v2\/pages\/3326","targetHints":{"allow":["GET"]}}],"collection":[{"href":"https:\/\/www.ofoutdoorkitchens.com\/fr\/wp-json\/wp\/v2\/pages"}],"about":[{"href":"https:\/\/www.ofoutdoorkitchens.com\/fr\/wp-json\/wp\/v2\/types\/page"}],"author":[{"embeddable":true,"href":"https:\/\/www.ofoutdoorkitchens.com\/fr\/wp-json\/wp\/v2\/users\/1"}],"replies":[{"embeddable":true,"href":"https:\/\/www.ofoutdoorkitchens.com\/fr\/wp-json\/wp\/v2\/comments?post=3326"}],"version-history":[{"count":3,"href":"https:\/\/www.ofoutdoorkitchens.com\/fr\/wp-json\/wp\/v2\/pages\/3326\/revisions"}],"predecessor-version":[{"id":3857,"href":"https:\/\/www.ofoutdoorkitchens.com\/fr\/wp-json\/wp\/v2\/pages\/3326\/revisions\/3857"}],"wp:attachment":[{"href":"https:\/\/www.ofoutdoorkitchens.com\/fr\/wp-json\/wp\/v2\/media?parent=3326"}],"curies":[{"name":"wp","href":"https:\/\/api.w.org\/{rel}","templated":true}]}}