{"id":3323,"date":"2023-01-19T17:36:04","date_gmt":"2023-01-19T16:36:04","guid":{"rendered":"https:\/\/www.ofoutdoorkitchens.com\/contacts\/"},"modified":"2023-06-30T10:23:17","modified_gmt":"2023-06-30T08:23:17","slug":"contacts","status":"publish","type":"page","link":"https:\/\/www.ofoutdoorkitchens.com\/fr\/contacts\/","title":{"rendered":"Contacts"},"content":{"rendered":"<section class=\"l-section wpb_row height_medium\"><div class=\"l-section-h i-cf\"><div class=\"g-cols vc_row via_grid cols_1-2 laptops-cols_inherit tablets-cols_inherit mobiles-cols_1 valign_top type_default stacking_default\"><div class=\"wpb_column vc_column_container\"><div class=\"vc_column-inner\"><div class=\"wpb_text_column\"><div class=\"wpb_wrapper\"><h4>OF OUTDOORKITCHENS<\/h4>\n<\/div><\/div><div class=\"w-separator size_medium\"><\/div><div class=\"w-contacts\"><div class=\"w-contacts-list\"><div class=\"w-contacts-item for_address\"><span class=\"w-contacts-item-value\">Via del Progresso, 1 - Calcinelli 61036 Colli al Metauro (PU)<\/span><\/div><div class=\"w-contacts-item for_phone\"><span class=\"w-contacts-item-value\">(+39) 0721 891907<\/span><\/div><div class=\"w-contacts-item for_email\"><span class=\"w-contacts-item-value\"><a href=\"mailto:info@ofoutdoorkitchens.com\">info@ofoutdoorkitchens.com<\/a><\/span><\/div><\/div><\/div><\/div><\/div><div class=\"wpb_column vc_column_container\"><div class=\"vc_column-inner\"><div class=\"wpb_text_column\"><div class=\"wpb_wrapper\"><h4><span class=\"HwtZe\" lang=\"fr\"><span class=\"jCAhz ChMk0b\"><span class=\"ryNqvb\">REMPLISSEZ LE FORMULAIRE POUR NOUS CONTACTER<\/span><\/span><\/span><\/h4>\n<\/div><\/div><div class=\"w-separator size_medium\"><\/div>\n<div class=\"wpcf7 no-js\" id=\"wpcf7-f3783-o1\" lang=\"fr-FR\" dir=\"ltr\">\n<div class=\"screen-reader-response\"><p role=\"status\" aria-live=\"polite\" aria-atomic=\"true\"><\/p> <ul><\/ul><\/div>\n<form action=\"\/fr\/wp-json\/wp\/v2\/pages\/3323#wpcf7-f3783-o1\" method=\"post\" class=\"wpcf7-form init\" aria-label=\"Formulaire de contact\" novalidate=\"novalidate\" data-status=\"init\">\n<div style=\"display: none;\">\n<input type=\"hidden\" name=\"_wpcf7\" value=\"3783\" \/>\n<input type=\"hidden\" name=\"_wpcf7_version\" value=\"5.9.8\" \/>\n<input type=\"hidden\" name=\"_wpcf7_locale\" value=\"fr_FR\" \/>\n<input type=\"hidden\" name=\"_wpcf7_unit_tag\" value=\"wpcf7-f3783-o1\" \/>\n<input type=\"hidden\" name=\"_wpcf7_container_post\" value=\"0\" \/>\n<input type=\"hidden\" name=\"_wpcf7_posted_data_hash\" value=\"\" \/>\n<input type=\"hidden\" name=\"_wpcf7_recaptcha_response\" value=\"\" \/>\n<\/div>\n<div class=\"clearfix\">\n\t<div id=\"left-50\">\n\t\t<p>Nom et surnom* <span class=\"wpcf7-form-control-wrap\" data-name=\"your-name\"><input size=\"40\" maxlength=\"400\" class=\"wpcf7-form-control wpcf7-text wpcf7-validates-as-required\" aria-required=\"true\" aria-invalid=\"false\" value=\"\" type=\"text\" name=\"your-name\" \/><\/span>\n\t\t<\/p>\n\t<\/div>\n\t<div id=\"right-50\">\n\t\t<p>Emplacement* <span class=\"wpcf7-form-control-wrap\" data-name=\"your-location\"><input size=\"40\" maxlength=\"400\" class=\"wpcf7-form-control wpcf7-text wpcf7-validates-as-required\" aria-required=\"true\" aria-invalid=\"false\" value=\"\" type=\"text\" name=\"your-location\" \/><\/span>\n\t\t<\/p>\n\t<\/div>\n\t<div id=\"left-50\">\n\t\t<p>T\u00e9l\u00e9phone* <span class=\"wpcf7-form-control-wrap\" data-name=\"tel-247\"><input size=\"40\" maxlength=\"400\" class=\"wpcf7-form-control wpcf7-tel wpcf7-validates-as-required wpcf7-text wpcf7-validates-as-tel\" aria-required=\"true\" aria-invalid=\"false\" value=\"\" type=\"tel\" name=\"tel-247\" \/><\/span>\n\t\t<\/p>\n\t<\/div>\n\t<div id=\"right-50\">\n\t\t<p>E-mail* <span class=\"wpcf7-form-control-wrap\" data-name=\"your-email\"><input size=\"40\" maxlength=\"400\" class=\"wpcf7-form-control wpcf7-email wpcf7-validates-as-required wpcf7-text wpcf7-validates-as-email\" aria-required=\"true\" aria-invalid=\"false\" value=\"\" type=\"email\" name=\"your-email\" \/><\/span>\n\t\t<\/p>\n\t<\/div>\n<\/div>\n<div id=\"left-50\">\n\t<p>Objet* <span class=\"wpcf7-form-control-wrap\" data-name=\"your-oggetto\"><input size=\"40\" maxlength=\"400\" class=\"wpcf7-form-control wpcf7-text wpcf7-validates-as-required\" aria-required=\"true\" aria-invalid=\"false\" value=\"\" type=\"text\" name=\"your-oggetto\" \/><\/span>\n\t<\/p>\n<\/div>\n<div id=\"right-50\">\n\t<p>Travail <span class=\"wpcf7-form-control-wrap\" data-name=\"your-work\"><input size=\"40\" maxlength=\"400\" class=\"wpcf7-form-control wpcf7-text\" aria-invalid=\"false\" value=\"\" type=\"text\" name=\"your-work\" \/><\/span>\n\t<\/p>\n<\/div>\n<div>\n\t<p>Demande* <span class=\"wpcf7-form-control-wrap\" data-name=\"your-message\"><textarea cols=\"40\" rows=\"10\" maxlength=\"2000\" class=\"wpcf7-form-control wpcf7-textarea\" aria-invalid=\"false\" name=\"your-message\"><\/textarea><\/span>\n\t<\/p>\n<\/div>\n<p><span class=\"wpcf7-form-control-wrap\" data-name=\"acceptance-868\"><span class=\"wpcf7-form-control wpcf7-acceptance\"><span class=\"wpcf7-list-item\"><input type=\"checkbox\" name=\"acceptance-868\" value=\"1\" aria-invalid=\"false\" \/><\/span><\/span><\/span> J'accepte le traitement des donn\u00e9es personnelles conform\u00e9ment \u00e0 l'art. 13 du d\u00e9cret l\u00e9gislatif 196\/2003 et le r\u00e8glement UE 2016\/679, aux fins n\u00e9cessaires \u00e0 la fourniture du service, dans les informations fournies.\n<\/p>\n<div>\n\n<\/div>\n<p>&nbsp;\n<\/p>\n<p><input class=\"wpcf7-form-control wpcf7-submit has-spinner\" type=\"submit\" value=\"Envoyer le message\" \/>\n<\/p><input type='hidden' class='wpcf7-pum' value='{\"closepopup\":false,\"closedelay\":0,\"openpopup\":false,\"openpopup_id\":0}' \/><div class=\"wpcf7-response-output\" aria-hidden=\"true\"><\/div>\n<\/form>\n<\/div>\n<\/div><\/div><\/div><\/div><\/section>\n","protected":false},"excerpt":{"rendered":"OF OUTDOORKITCHENS Via del Progresso, 1 - Calcinelli 61036 Colli al Metauro (PU)(+39) 0721 891907info@ofoutdoorkitchens.comREMPLISSEZ LE FORMULAIRE POUR NOUS CONTACTER Nom et surnom* Emplacement* T\u00e9l\u00e9phone* E-mail* Objet* Travail Demande* J'accepte le traitement des donn\u00e9es personnelles conform\u00e9ment \u00e0 l'art. 13 du d\u00e9cret l\u00e9gislatif 196\/2003 et le r\u00e8glement UE 2016\/679, aux fins n\u00e9cessaires \u00e0 la fourniture du...","protected":false},"author":1,"featured_media":0,"parent":0,"menu_order":0,"comment_status":"closed","ping_status":"closed","template":"","meta":{"om_disable_all_campaigns":false,"_uf_show_specific_survey":0,"_uf_disable_surveys":false,"footnotes":""},"class_list":["post-3323","page","type-page","status-publish","hentry"],"yoast_head":"<!-- This site is optimized with the Yoast SEO plugin v23.4 - https:\/\/yoast.com\/wordpress\/plugins\/seo\/ -->\n<title>Contacts - OF Outdoorkitchens<\/title>\n<meta name=\"robots\" content=\"index, follow, max-snippet:-1, max-image-preview:large, max-video-preview:-1\" \/>\n<link rel=\"canonical\" href=\"https:\/\/www.ofoutdoorkitchens.com\/fr\/contacts\/\" \/>\n<meta property=\"og:locale\" content=\"fr_FR\" \/>\n<meta property=\"og:type\" content=\"article\" \/>\n<meta property=\"og:title\" content=\"Contacts - OF Outdoorkitchens\" \/>\n<meta property=\"og:url\" content=\"https:\/\/www.ofoutdoorkitchens.com\/fr\/contacts\/\" \/>\n<meta property=\"og:site_name\" content=\"OF Outdoorkitchens\" \/>\n<meta property=\"article:publisher\" content=\"https:\/\/www.facebook.com\/ofoutdoorkitchens\" \/>\n<meta property=\"article:modified_time\" content=\"2023-06-30T08:23:17+00:00\" \/>\n<meta name=\"twitter:card\" content=\"summary_large_image\" \/>\n<meta name=\"twitter:label1\" content=\"Dur\u00e9e de lecture estim\u00e9e\" \/>\n\t<meta name=\"twitter:data1\" content=\"1 minute\" \/>\n<!-- \/ Yoast SEO plugin. -->","yoast_head_json":{"title":"Contacts - OF Outdoorkitchens","robots":{"index":"index","follow":"follow","max-snippet":"max-snippet:-1","max-image-preview":"max-image-preview:large","max-video-preview":"max-video-preview:-1"},"canonical":"https:\/\/www.ofoutdoorkitchens.com\/fr\/contacts\/","og_locale":"fr_FR","og_type":"article","og_title":"Contacts - OF Outdoorkitchens","og_url":"https:\/\/www.ofoutdoorkitchens.com\/fr\/contacts\/","og_site_name":"OF Outdoorkitchens","article_publisher":"https:\/\/www.facebook.com\/ofoutdoorkitchens","article_modified_time":"2023-06-30T08:23:17+00:00","twitter_card":"summary_large_image","twitter_misc":{"Dur\u00e9e de lecture estim\u00e9e":"1 minute"},"schema":{"@context":"https:\/\/schema.org","@graph":[{"@type":"WebPage","@id":"https:\/\/www.ofoutdoorkitchens.com\/fr\/contacts\/","url":"https:\/\/www.ofoutdoorkitchens.com\/fr\/contacts\/","name":"Contacts - OF Outdoorkitchens","isPartOf":{"@id":"https:\/\/www.ofoutdoorkitchens.com\/fr\/#website"},"datePublished":"2023-01-19T16:36:04+00:00","dateModified":"2023-06-30T08:23:17+00:00","breadcrumb":{"@id":"https:\/\/www.ofoutdoorkitchens.com\/fr\/contacts\/#breadcrumb"},"inLanguage":"fr-FR","potentialAction":[{"@type":"ReadAction","target":["https:\/\/www.ofoutdoorkitchens.com\/fr\/contacts\/"]}]},{"@type":"BreadcrumbList","@id":"https:\/\/www.ofoutdoorkitchens.com\/fr\/contacts\/#breadcrumb","itemListElement":[{"@type":"ListItem","position":1,"name":"Home","item":"https:\/\/www.ofoutdoorkitchens.com\/fr\/"},{"@type":"ListItem","position":2,"name":"Contacts"}]},{"@type":"WebSite","@id":"https:\/\/www.ofoutdoorkitchens.com\/fr\/#website","url":"https:\/\/www.ofoutdoorkitchens.com\/fr\/","name":"OF Outdoorkitchens","description":"","publisher":{"@id":"https:\/\/www.ofoutdoorkitchens.com\/fr\/#organization"},"potentialAction":[{"@type":"SearchAction","target":{"@type":"EntryPoint","urlTemplate":"https:\/\/www.ofoutdoorkitchens.com\/fr\/?s={search_term_string}"},"query-input":{"@type":"PropertyValueSpecification","valueRequired":true,"valueName":"search_term_string"}}],"inLanguage":"fr-FR"},{"@type":"Organization","@id":"https:\/\/www.ofoutdoorkitchens.com\/fr\/#organization","name":"OF Outdoorkitchens","url":"https:\/\/www.ofoutdoorkitchens.com\/fr\/","logo":{"@type":"ImageObject","inLanguage":"fr-FR","@id":"https:\/\/www.ofoutdoorkitchens.com\/fr\/#\/schema\/logo\/image\/","url":"https:\/\/www.ofoutdoorkitchens.com\/wp-content\/uploads\/2023\/03\/logo-OF-2023-def150.png","contentUrl":"https:\/\/www.ofoutdoorkitchens.com\/wp-content\/uploads\/2023\/03\/logo-OF-2023-def150.png","width":150,"height":150,"caption":"OF Outdoorkitchens"},"image":{"@id":"https:\/\/www.ofoutdoorkitchens.com\/fr\/#\/schema\/logo\/image\/"},"sameAs":["https:\/\/www.facebook.com\/ofoutdoorkitchens","https:\/\/www.instagram.com\/of.outdoorkitchens\/","https:\/\/www.linkedin.com\/company\/of-out-door-kitchens\/"]}]}},"_links":{"self":[{"href":"https:\/\/www.ofoutdoorkitchens.com\/fr\/wp-json\/wp\/v2\/pages\/3323","targetHints":{"allow":["GET"]}}],"collection":[{"href":"https:\/\/www.ofoutdoorkitchens.com\/fr\/wp-json\/wp\/v2\/pages"}],"about":[{"href":"https:\/\/www.ofoutdoorkitchens.com\/fr\/wp-json\/wp\/v2\/types\/page"}],"author":[{"embeddable":true,"href":"https:\/\/www.ofoutdoorkitchens.com\/fr\/wp-json\/wp\/v2\/users\/1"}],"replies":[{"embeddable":true,"href":"https:\/\/www.ofoutdoorkitchens.com\/fr\/wp-json\/wp\/v2\/comments?post=3323"}],"version-history":[{"count":3,"href":"https:\/\/www.ofoutdoorkitchens.com\/fr\/wp-json\/wp\/v2\/pages\/3323\/revisions"}],"predecessor-version":[{"id":3784,"href":"https:\/\/www.ofoutdoorkitchens.com\/fr\/wp-json\/wp\/v2\/pages\/3323\/revisions\/3784"}],"wp:attachment":[{"href":"https:\/\/www.ofoutdoorkitchens.com\/fr\/wp-json\/wp\/v2\/media?parent=3323"}],"curies":[{"name":"wp","href":"https:\/\/api.w.org\/{rel}","templated":true}]}}