{"id":6362,"date":"2024-03-08T13:23:00","date_gmt":"2024-03-08T12:23:00","guid":{"rendered":"https:\/\/www.ofoutdoorkitchens.com\/?page_id=6362"},"modified":"2024-12-19T23:16:54","modified_gmt":"2024-12-19T22:16:54","slug":"porta-maggiore","status":"publish","type":"page","link":"https:\/\/www.ofoutdoorkitchens.com\/es\/porta-maggiore\/","title":{"rendered":"Porta Maggiore"},"content":{"rendered":"<section class=\"l-section wpb_row height_large\"><div class=\"l-section-h i-cf\"><div class=\"g-cols vc_row via_grid cols_2-1 laptops-cols_inherit tablets-cols_inherit mobiles-cols_1 valign_top type_default stacking_default\"><div class=\"wpb_column vc_column_container\"><div class=\"vc_column-inner\"><div class=\"w-slider style_none fit_contain nav_none count_7\"><div class=\"w-slider-h\"><div class=\"royalSlider\"><div class=\"rsContent\"><a class=\"rsImg\" data-rsw=\"1280\" data-rsh=\"960\" data-rsBigImg=\"https:\/\/www.ofoutdoorkitchens.com\/wp-content\/uploads\/2024\/06\/1570782-mod-ok-def_Rid-scaled.jpg\" href=\"https:\/\/www.ofoutdoorkitchens.com\/wp-content\/uploads\/2024\/06\/1570782-mod-ok-def_Rid-scaled.jpg\"><span data-alt=\"Cucina Mod. Porta Maggiore Bianco\"><\/span><\/a><\/div><div class=\"rsContent\"><a class=\"rsImg\" data-rsw=\"1280\" data-rsh=\"854\" data-rsBigImg=\"https:\/\/www.ofoutdoorkitchens.com\/wp-content\/uploads\/2024\/06\/1570858-mod-ok-def_Rid-scaled.jpg\" href=\"https:\/\/www.ofoutdoorkitchens.com\/wp-content\/uploads\/2024\/06\/1570858-mod-ok-def_Rid-scaled.jpg\"><span data-alt=\"Cucina Mod. Porta Maggiore Bianco\"><\/span><\/a><\/div><div class=\"rsContent\"><a class=\"rsImg\" data-rsw=\"1280\" data-rsh=\"698\" data-rsBigImg=\"https:\/\/www.ofoutdoorkitchens.com\/wp-content\/uploads\/2024\/06\/1570759-mod-ok-def-pannello-grigio_Rid-scaled.jpg\" href=\"https:\/\/www.ofoutdoorkitchens.com\/wp-content\/uploads\/2024\/06\/1570759-mod-ok-def-pannello-grigio_Rid-scaled.jpg\"><span data-alt=\"Cucina Mod. Porta Maggiore Bianco\"><\/span><\/a><\/div><div class=\"rsContent\"><a class=\"rsImg\" data-rsw=\"1280\" data-rsh=\"853\" data-rsBigImg=\"https:\/\/www.ofoutdoorkitchens.com\/wp-content\/uploads\/2024\/06\/1570940-mod-ok-def-piano-chiuso_Rid-scaled.jpg\" href=\"https:\/\/www.ofoutdoorkitchens.com\/wp-content\/uploads\/2024\/06\/1570940-mod-ok-def-piano-chiuso_Rid-scaled.jpg\"><span data-alt=\"Cucina Mod. Porta Maggiore Grigio Scuro\"><\/span><\/a><\/div><div class=\"rsContent\"><a class=\"rsImg\" data-rsw=\"1280\" data-rsh=\"793\" data-rsBigImg=\"https:\/\/www.ofoutdoorkitchens.com\/wp-content\/uploads\/2024\/06\/1570907-mod-ok-def-con-lavabo2_Rid-scaled.jpg\" href=\"https:\/\/www.ofoutdoorkitchens.com\/wp-content\/uploads\/2024\/06\/1570907-mod-ok-def-con-lavabo2_Rid-scaled.jpg\"><span data-alt=\"Cucina Mod. Porta Maggiore Grigio Scuro 3\"><\/span><\/a><\/div><div class=\"rsContent\"><a class=\"rsImg\" data-rsw=\"1280\" data-rsh=\"853\" data-rsBigImg=\"https:\/\/www.ofoutdoorkitchens.com\/wp-content\/uploads\/2024\/06\/1570918-mod-ok-def_Rid-scaled.jpg\" href=\"https:\/\/www.ofoutdoorkitchens.com\/wp-content\/uploads\/2024\/06\/1570918-mod-ok-def_Rid-scaled.jpg\"><span data-alt=\"Cucina Mod. Porta Maggiore Grigio Scuro 2\"><\/span><\/a><\/div><div class=\"rsContent\"><a class=\"rsImg\" data-rsw=\"1280\" data-rsh=\"809\" data-rsBigImg=\"https:\/\/www.ofoutdoorkitchens.com\/wp-content\/uploads\/2024\/06\/1570923-mod-ok-def_Rid-scaled.jpg\" href=\"https:\/\/www.ofoutdoorkitchens.com\/wp-content\/uploads\/2024\/06\/1570923-mod-ok-def_Rid-scaled.jpg\"><span data-alt=\"Cucina Mod. Porta Maggiore Grigio Scuro 3\"><\/span><\/a><\/div><\/div><img decoding=\"async\" src=\"https:\/\/www.ofoutdoorkitchens.com\/wp-content\/uploads\/2024\/06\/1570782-mod-ok-def_Rid-scaled.jpg\" width=\"1280\" height=\"960\" alt=\"Cucina Mod. Porta Maggiore Bianco\" loading=\"lazy\"><\/div><div class=\"w-slider-json\" onclick='return {&quot;autoScaleSlider&quot;:true,&quot;addActiveClass&quot;:true,&quot;loop&quot;:true,&quot;fadeInLoadedSlide&quot;:false,&quot;slidesSpacing&quot;:0,&quot;imageScalePadding&quot;:0,&quot;numImagesToPreload&quot;:2,&quot;arrowsNav&quot;:true,&quot;arrowsNavAutoHide&quot;:false,&quot;transitionType&quot;:&quot;move&quot;,&quot;transitionSpeed&quot;:250,&quot;block&quot;:{&quot;moveEffect&quot;:&quot;none&quot;,&quot;speed&quot;:300},&quot;thumbs&quot;:{&quot;fitInViewport&quot;:false,&quot;firstMargin&quot;:false,&quot;spacing&quot;:4},&quot;controlNavigation&quot;:&quot;none&quot;,&quot;fullscreen&quot;:{&quot;enabled&quot;:true},&quot;autoScaleSliderWidth&quot;:1280,&quot;autoScaleSliderHeight&quot;:960}'><\/div><\/div><\/div><\/div><div class=\"wpb_column vc_column_container\"><div class=\"vc_column-inner\"><div class=\"wpb_text_column\"><div class=\"wpb_wrapper\"><h2><span style=\"color: #5e5e5e;\"><strong>Porta Maggiore<\/strong><\/span><\/h2>\n<\/div><\/div><div class=\"wpb_text_column\"><div class=\"wpb_wrapper\"><p>Sum\u00e9rgete en la elegancia atemporal de la cocina &#8220;Porta Maggiore&#8221; de OF OutdoorKitchens. Inspirada en la majestuosa Puerta Medieval que da la bienvenida a la ciudad de Fano, esta creaci\u00f3n encarna la fusi\u00f3n perfecta entre historia y modernidad. Disfrute del lujo de un espacio que rezuma clase y sofisticaci\u00f3n. Porta Maggiore ha sido cuidadosamente concebida para cumplir con los m\u00e1s altos est\u00e1ndares de dise\u00f1o y funcionalidad. Cada detalle ha sido cuidadosamente estudiado, desde las l\u00edneas elegantes hasta los acentos distintivos de los tiradores integrados en el perfil de los frentes de puertas y cajones, para ofrecer una experiencia inigualable. Elaborada con materiales de primera calidad y una artesan\u00eda de precisi\u00f3n inigualable, esta obra maestra es un testimonio del orgullo y la dedicaci\u00f3n de OF a su ciudad natal. Con Porta Maggiore, OF contin\u00faa elevando el arte del dise\u00f1o a nuevas alturas, un testimonio de su constante b\u00fasqueda de la excelencia y la innovaci\u00f3n en el campo de las soluciones a medida.<\/p>\n<\/div><\/div><\/div><\/div><\/div><\/div><\/section><section class=\"l-section wpb_row height_auto\"><div class=\"l-section-h i-cf\"><div class=\"g-cols vc_row via_grid cols_1 laptops-cols_inherit tablets-cols_inherit mobiles-cols_1 valign_top type_default stacking_default\"><div class=\"wpb_column vc_column_container\"><div class=\"vc_column-inner\"><div class=\"w-hwrapper valign_top align_none\" style=\"--hwrapper-gap:1.20rem\"><div class=\"w-btn-wrapper align_none\"><a class=\"w-btn us-btn-style_1 icon_atright\" target=\"_blank\" rel=\"nofollow\" title=\"Download catalogue\" href=\"https:\/\/www.ofoutdoorkitchens.com\/wp-content\/uploads\/2024\/06\/OF-outdoorkitchens-Catalogo-Tecnico-2023.pdf\"><span class=\"w-btn-label\">Descarga el cat\u00e1logo 2023<\/span><i class=\"fas fa-long-arrow-down\"><\/i><\/a><\/div><div class=\"w-btn-wrapper align_none\"><a class=\"w-btn us-btn-style_1 icon_atright\" title=\"istruzioni montaggio\" href=\"https:\/\/www.ofoutdoorkitchens.com\/es\/instrucciones-de-montaje\/\"><span class=\"w-btn-label\">Instrucciones de montaje<\/span><i class=\"fas fa-long-arrow-down\"><\/i><\/a><\/div><div class=\"w-btn-wrapper align_none\"><a class=\"w-btn us-btn-style_1 icon_atright\" title=\"Cleaning\" href=\"https:\/\/www.ofoutdoorkitchens.com\/es\/limpieza\/\"><span class=\"w-btn-label\">Limpieza<\/span><i class=\"fas fa-long-arrow-down\"><\/i><\/a><\/div><\/div><\/div><\/div><\/div><\/div><\/section><section class=\"l-section wpb_row height_auto\"><div class=\"l-section-h i-cf\"><div class=\"g-cols vc_row via_grid cols_1 laptops-cols_inherit tablets-cols_inherit mobiles-cols_1 valign_top type_default stacking_default\"><div class=\"wpb_column vc_column_container\"><div class=\"vc_column-inner\"><div class=\"w-separator size_medium with_line width_default thick_1 style_solid color_border align_center\"><div class=\"w-separator-h\"><\/div><\/div><\/div><\/div><\/div><\/div><\/section><section class=\"l-section wpb_row height_auto\" id=\"personaliz\"><div class=\"l-section-h i-cf\"><div class=\"g-cols vc_row via_grid cols_1-2 laptops-cols_inherit tablets-cols_inherit mobiles-cols_1 valign_top type_default stacking_default\"><div class=\"wpb_column vc_column_container\"><div class=\"vc_column-inner\"><div class=\"wpb_text_column\"><div class=\"wpb_wrapper\"><h2>Cocinas para personalizar<\/h2>\n<\/div><\/div><div class=\"w-separator size_medium\"><\/div><div class=\"wpb_text_column\"><div class=\"wpb_wrapper\"><p><strong>Tu cocina de acero.<\/strong><br \/>\n<strong>S\u00f3lo tuya<\/strong><\/p>\n<p>Ninguna de nuestras cocinas de exterior est\u00e1ndar de acero satisface tus necesidades de estilo y de espacio?<br \/>\nNo hay problema.<br \/>\nCon OF outdoorkitchens puedes dise\u00f1ar tu soluci\u00f3n en cada detalle y acabado. Ser\u00e1 tu cocina de acero. S\u00f3lo tuya.<br \/>\nEn el verdadero sentido de la palabra.<\/p>\n<p>&nbsp;<\/p>\n<p><strong>Descubre todas las posibilidades de personalizaci\u00f3n.<\/strong><\/p>\n<\/div><\/div><div class=\"w-separator size_medium\"><\/div><div class=\"w-btn-wrapper align_none\"><a class=\"w-btn us-btn-style_1 icon_atright\" title=\"Outdoor kitchens to customize\" href=\"https:\/\/www.ofoutdoorkitchens.com\/es\/cocinas-para-personalizar\/\"><span class=\"w-btn-label\">Ver todas las opciones<\/span><i class=\"far fa-long-arrow-right\"><\/i><\/a><\/div><\/div><\/div><div class=\"wpb_column vc_column_container\"><div class=\"vc_column-inner\"><div class=\"w-image align_none\"><div class=\"w-image-h\"><img decoding=\"async\" width=\"1280\" height=\"998\" src=\"https:\/\/www.ofoutdoorkitchens.com\/wp-content\/uploads\/2023\/03\/OF_cucina-tecnica-personaliz2.jpg\" class=\"attachment-full size-full\" alt=\"\" loading=\"lazy\" srcset=\"https:\/\/www.ofoutdoorkitchens.com\/wp-content\/uploads\/2023\/03\/OF_cucina-tecnica-personaliz2.jpg 1280w, https:\/\/www.ofoutdoorkitchens.com\/wp-content\/uploads\/2023\/03\/OF_cucina-tecnica-personaliz2-300x234.jpg 300w, https:\/\/www.ofoutdoorkitchens.com\/wp-content\/uploads\/2023\/03\/OF_cucina-tecnica-personaliz2-1024x798.jpg 1024w\" sizes=\"auto, (max-width: 1280px) 100vw, 1280px\" \/><\/div><\/div><\/div><\/div><\/div><\/div><\/section><section class=\"l-section wpb_row height_medium\"><div class=\"l-section-h i-cf\"><div class=\"g-cols vc_row via_grid cols_1 laptops-cols_inherit tablets-cols_inherit mobiles-cols_1 valign_top type_default stacking_default\"><div class=\"wpb_column vc_column_container\"><div class=\"vc_column-inner\"><div class=\"w-video align_none ratio_16x9 has_iframe\"><div class=\"w-video-h\"><iframe title=\"Youtube video player\" src=\"\/\/www.youtube.com\/embed\/22-OeQr-MzU?autoplay=0&controls=1&origin=https:\/\/www.ofoutdoorkitchens.com\/es\/&loop=0&mute=0\" allowfullscreen=\"1\" loading=\"lazy\"><\/iframe><\/div><div class=\"w-video-icon\" style=\"font-size:1.5rem;background:rgba(0,0,0,0.5);color:#fff\"><\/div><\/div><\/div><\/div><\/div><\/div><\/section>\n","protected":false},"excerpt":{"rendered":"Porta Maggiore Sum\u00e9rgete en la elegancia atemporal de la cocina &#8220;Porta Maggiore&#8221; de OF OutdoorKitchens. Inspirada en la majestuosa Puerta Medieval que da la bienvenida a la ciudad de Fano, esta creaci\u00f3n encarna la fusi\u00f3n perfecta entre historia y modernidad. Disfrute del lujo de un espacio que rezuma clase y sofisticaci\u00f3n. Porta Maggiore ha sido...","protected":false},"author":1,"featured_media":0,"parent":0,"menu_order":0,"comment_status":"closed","ping_status":"closed","template":"","meta":{"om_disable_all_campaigns":false,"_uf_show_specific_survey":0,"_uf_disable_surveys":false,"footnotes":""},"class_list":["post-6362","page","type-page","status-publish","hentry"],"yoast_head":"<!-- This site is optimized with the Yoast SEO plugin v23.4 - https:\/\/yoast.com\/wordpress\/plugins\/seo\/ -->\n<title>Porta Maggiore - OF Outdoorkitchens<\/title>\n<meta name=\"robots\" content=\"index, follow, max-snippet:-1, max-image-preview:large, max-video-preview:-1\" \/>\n<link rel=\"canonical\" href=\"https:\/\/www.ofoutdoorkitchens.com\/es\/porta-maggiore\/\" \/>\n<meta property=\"og:locale\" content=\"es_ES\" \/>\n<meta property=\"og:type\" content=\"article\" \/>\n<meta property=\"og:title\" content=\"Porta Maggiore - OF Outdoorkitchens\" \/>\n<meta property=\"og:url\" content=\"https:\/\/www.ofoutdoorkitchens.com\/es\/porta-maggiore\/\" \/>\n<meta property=\"og:site_name\" content=\"OF Outdoorkitchens\" \/>\n<meta property=\"article:publisher\" content=\"https:\/\/www.facebook.com\/ofoutdoorkitchens\" \/>\n<meta property=\"article:modified_time\" content=\"2024-12-19T22:16:54+00:00\" \/>\n<meta name=\"twitter:card\" content=\"summary_large_image\" \/>\n<meta name=\"twitter:label1\" content=\"Tiempo de lectura\" \/>\n\t<meta name=\"twitter:data1\" content=\"2 minutos\" \/>\n<!-- \/ Yoast SEO plugin. -->","yoast_head_json":{"title":"Porta Maggiore - OF Outdoorkitchens","robots":{"index":"index","follow":"follow","max-snippet":"max-snippet:-1","max-image-preview":"max-image-preview:large","max-video-preview":"max-video-preview:-1"},"canonical":"https:\/\/www.ofoutdoorkitchens.com\/es\/porta-maggiore\/","og_locale":"es_ES","og_type":"article","og_title":"Porta Maggiore - OF Outdoorkitchens","og_url":"https:\/\/www.ofoutdoorkitchens.com\/es\/porta-maggiore\/","og_site_name":"OF Outdoorkitchens","article_publisher":"https:\/\/www.facebook.com\/ofoutdoorkitchens","article_modified_time":"2024-12-19T22:16:54+00:00","twitter_card":"summary_large_image","twitter_misc":{"Tiempo de lectura":"2 minutos"},"schema":{"@context":"https:\/\/schema.org","@graph":[{"@type":"WebPage","@id":"https:\/\/www.ofoutdoorkitchens.com\/es\/porta-maggiore\/","url":"https:\/\/www.ofoutdoorkitchens.com\/es\/porta-maggiore\/","name":"Porta Maggiore - OF Outdoorkitchens","isPartOf":{"@id":"https:\/\/www.ofoutdoorkitchens.com\/es\/#website"},"datePublished":"2024-03-08T12:23:00+00:00","dateModified":"2024-12-19T22:16:54+00:00","breadcrumb":{"@id":"https:\/\/www.ofoutdoorkitchens.com\/es\/porta-maggiore\/#breadcrumb"},"inLanguage":"es","potentialAction":[{"@type":"ReadAction","target":["https:\/\/www.ofoutdoorkitchens.com\/es\/porta-maggiore\/"]}]},{"@type":"BreadcrumbList","@id":"https:\/\/www.ofoutdoorkitchens.com\/es\/porta-maggiore\/#breadcrumb","itemListElement":[{"@type":"ListItem","position":1,"name":"Home","item":"https:\/\/www.ofoutdoorkitchens.com\/es\/"},{"@type":"ListItem","position":2,"name":"Porta Maggiore"}]},{"@type":"WebSite","@id":"https:\/\/www.ofoutdoorkitchens.com\/es\/#website","url":"https:\/\/www.ofoutdoorkitchens.com\/es\/","name":"OF Outdoorkitchens","description":"","publisher":{"@id":"https:\/\/www.ofoutdoorkitchens.com\/es\/#organization"},"potentialAction":[{"@type":"SearchAction","target":{"@type":"EntryPoint","urlTemplate":"https:\/\/www.ofoutdoorkitchens.com\/es\/?s={search_term_string}"},"query-input":{"@type":"PropertyValueSpecification","valueRequired":true,"valueName":"search_term_string"}}],"inLanguage":"es"},{"@type":"Organization","@id":"https:\/\/www.ofoutdoorkitchens.com\/es\/#organization","name":"OF Outdoorkitchens","url":"https:\/\/www.ofoutdoorkitchens.com\/es\/","logo":{"@type":"ImageObject","inLanguage":"es","@id":"https:\/\/www.ofoutdoorkitchens.com\/es\/#\/schema\/logo\/image\/","url":"https:\/\/www.ofoutdoorkitchens.com\/wp-content\/uploads\/2023\/03\/logo-OF-2023-def150.png","contentUrl":"https:\/\/www.ofoutdoorkitchens.com\/wp-content\/uploads\/2023\/03\/logo-OF-2023-def150.png","width":150,"height":150,"caption":"OF Outdoorkitchens"},"image":{"@id":"https:\/\/www.ofoutdoorkitchens.com\/es\/#\/schema\/logo\/image\/"},"sameAs":["https:\/\/www.facebook.com\/ofoutdoorkitchens","https:\/\/www.instagram.com\/of.outdoorkitchens\/","https:\/\/www.linkedin.com\/company\/of-out-door-kitchens\/"]}]}},"_links":{"self":[{"href":"https:\/\/www.ofoutdoorkitchens.com\/es\/wp-json\/wp\/v2\/pages\/6362","targetHints":{"allow":["GET"]}}],"collection":[{"href":"https:\/\/www.ofoutdoorkitchens.com\/es\/wp-json\/wp\/v2\/pages"}],"about":[{"href":"https:\/\/www.ofoutdoorkitchens.com\/es\/wp-json\/wp\/v2\/types\/page"}],"author":[{"embeddable":true,"href":"https:\/\/www.ofoutdoorkitchens.com\/es\/wp-json\/wp\/v2\/users\/1"}],"replies":[{"embeddable":true,"href":"https:\/\/www.ofoutdoorkitchens.com\/es\/wp-json\/wp\/v2\/comments?post=6362"}],"version-history":[{"count":7,"href":"https:\/\/www.ofoutdoorkitchens.com\/es\/wp-json\/wp\/v2\/pages\/6362\/revisions"}],"predecessor-version":[{"id":8261,"href":"https:\/\/www.ofoutdoorkitchens.com\/es\/wp-json\/wp\/v2\/pages\/6362\/revisions\/8261"}],"wp:attachment":[{"href":"https:\/\/www.ofoutdoorkitchens.com\/es\/wp-json\/wp\/v2\/media?parent=6362"}],"curies":[{"name":"wp","href":"https:\/\/api.w.org\/{rel}","templated":true}]}}