{"id":5386,"date":"2024-01-11T15:40:44","date_gmt":"2024-01-11T14:40:44","guid":{"rendered":"https:\/\/www.ofoutdoorkitchens.com\/?page_id=5386"},"modified":"2024-02-01T11:44:54","modified_gmt":"2024-02-01T10:44:54","slug":"neveras-congeladores","status":"publish","type":"page","link":"https:\/\/www.ofoutdoorkitchens.com\/es\/neveras-congeladores\/","title":{"rendered":"Neveras \/ Congeladores"},"content":{"rendered":"<section class=\"l-section wpb_row height_medium\"><div class=\"l-section-h i-cf\"><div class=\"g-cols vc_row via_grid cols_1 laptops-cols_inherit tablets-cols_inherit mobiles-cols_1 valign_top type_default stacking_default\"><div class=\"wpb_column vc_column_container\"><div class=\"vc_column-inner\"><div class=\"wpb_text_column\"><div class=\"wpb_wrapper\"><h1 style=\"text-align: left;\">Neveras y Congeladores<\/h1>\n<\/div><\/div><div class=\"w-separator size_medium\"><\/div><div class=\"wpb_text_column\"><div class=\"wpb_wrapper\"><p>OF outdoorkitchens realiza bases y puertas para electrodom\u00e9sticos con garant\u00eda de compra. La protecci\u00f3n contra los agentes atmosf\u00e9ricos est\u00e1 asegurada por la impermeabilidad de la caja de acero inoxidable.<\/p>\n<\/div><\/div><div class=\"w-separator size_medium\"><\/div><div class=\"wpb_text_column\"><div class=\"wpb_wrapper\"><h4><strong>NEVERAS<\/strong><\/h4>\n<ol>\n<li><strong>AEG<\/strong> | Nevera AEG SKB582F1AF <a href=\"https:\/\/www.ofoutdoorkitchens.com\/wp-content\/uploads\/2024\/01\/Datasheet_SKB582F1AF-1.pdf\">FICHA T\u00c9CNICA<\/a><\/li>\n<li><strong>Smeg <\/strong>| Nevera Smeg U8L080DF <a href=\"https:\/\/www.ofoutdoorkitchens.com\/wp-content\/uploads\/2024\/02\/ING-U8L080DF-frigo-Smeg.pdf\">FICHA T\u00c9CNICA<\/a><\/li>\n<li><strong>Napoleon<\/strong> | Nevera de exterior libre instalaci\u00f3n mono temperatura Napoleon BC45AA<\/li>\n<\/ol>\n<\/div><\/div><div class=\"w-separator size_medium\"><\/div><div class=\"wpb_text_column\"><div class=\"wpb_wrapper\"><h4><strong>CONGELADORES<\/strong><\/h4>\n<ol>\n<li><strong>AEG<\/strong> | Congelador AEG ABB682F1AF <a href=\"https:\/\/www.ofoutdoorkitchens.com\/wp-content\/uploads\/2024\/01\/Datasheet_ABB682F1AF-1.pdf\">FICHA T\u00c9CNICA<\/a><\/li>\n<li><strong>AEG<\/strong> | Nevera\/Congelador AEG SFB682E1AF <a href=\"https:\/\/www.ofoutdoorkitchens.com\/wp-content\/uploads\/2024\/01\/Datasheet_SFB682E1AF-1.pdf\">FICHA T\u00c9CNICA<\/a><\/li>\n<li><strong>Bosch <\/strong>| Nevera\/Congelador Bosch KIV86NSF0 <a href=\"https:\/\/www.ofoutdoorkitchens.com\/wp-content\/uploads\/2024\/02\/ING-KIV86NSF0.pdf\">FICHA T\u00c9CNICA<\/a><\/li>\n<\/ol>\n<\/div><\/div><\/div><\/div><\/div><\/div><\/section><section class=\"l-section wpb_row height_medium\"><div class=\"l-section-h i-cf\"><div class=\"g-cols vc_row via_grid cols_1 laptops-cols_inherit tablets-cols_inherit mobiles-cols_1 valign_top type_default stacking_default\"><div class=\"wpb_column vc_column_container\"><div class=\"vc_column-inner\"><div class=\"w-separator size_medium with_line width_default thick_1 style_solid color_border align_center\"><div class=\"w-separator-h\"><\/div><\/div><div class=\"w-btn-wrapper align_center\"><a class=\"w-btn us-btn-style_1 icon_atleft\" title=\"Contactos\" href=\"https:\/\/www.ofoutdoorkitchens.com\/es\/?page_id=4203 \"><i class=\"far fa-long-arrow-left\"><\/i><span class=\"w-btn-label\">Vuelve atr\u00e1s<\/span><\/a><\/div><\/div><\/div><\/div><\/div><\/section>\n","protected":false},"excerpt":{"rendered":"Neveras y Congeladores OF outdoorkitchens realiza bases y puertas para electrodom\u00e9sticos con garant\u00eda de compra. La protecci\u00f3n contra los agentes atmosf\u00e9ricos est\u00e1 asegurada por la impermeabilidad de la caja de acero inoxidable. NEVERAS AEG | Nevera AEG SKB582F1AF FICHA T\u00c9CNICA Smeg | Nevera Smeg U8L080DF FICHA T\u00c9CNICA Napoleon | Nevera de exterior libre instalaci\u00f3n mono...","protected":false},"author":1,"featured_media":0,"parent":0,"menu_order":0,"comment_status":"closed","ping_status":"open","template":"","meta":{"om_disable_all_campaigns":false,"_uf_show_specific_survey":0,"_uf_disable_surveys":false,"footnotes":""},"class_list":["post-5386","page","type-page","status-publish","hentry"],"yoast_head":"<!-- This site is optimized with the Yoast SEO plugin v23.4 - https:\/\/yoast.com\/wordpress\/plugins\/seo\/ -->\n<title>Neveras \/ Congeladores - OF Outdoorkitchens<\/title>\n<meta name=\"robots\" content=\"index, follow, max-snippet:-1, max-image-preview:large, max-video-preview:-1\" \/>\n<link rel=\"canonical\" href=\"https:\/\/www.ofoutdoorkitchens.com\/es\/neveras-congeladores\/\" \/>\n<meta property=\"og:locale\" content=\"es_ES\" \/>\n<meta property=\"og:type\" content=\"article\" \/>\n<meta property=\"og:title\" content=\"Neveras \/ Congeladores - OF Outdoorkitchens\" \/>\n<meta property=\"og:url\" content=\"https:\/\/www.ofoutdoorkitchens.com\/es\/neveras-congeladores\/\" \/>\n<meta property=\"og:site_name\" content=\"OF Outdoorkitchens\" \/>\n<meta property=\"article:publisher\" content=\"https:\/\/www.facebook.com\/ofoutdoorkitchens\" \/>\n<meta property=\"article:modified_time\" content=\"2024-02-01T10:44:54+00:00\" \/>\n<meta name=\"twitter:card\" content=\"summary_large_image\" \/>\n<meta name=\"twitter:label1\" content=\"Tiempo de lectura\" \/>\n\t<meta name=\"twitter:data1\" content=\"2 minutos\" \/>\n<!-- \/ Yoast SEO plugin. -->","yoast_head_json":{"title":"Neveras \/ Congeladores - OF Outdoorkitchens","robots":{"index":"index","follow":"follow","max-snippet":"max-snippet:-1","max-image-preview":"max-image-preview:large","max-video-preview":"max-video-preview:-1"},"canonical":"https:\/\/www.ofoutdoorkitchens.com\/es\/neveras-congeladores\/","og_locale":"es_ES","og_type":"article","og_title":"Neveras \/ Congeladores - OF Outdoorkitchens","og_url":"https:\/\/www.ofoutdoorkitchens.com\/es\/neveras-congeladores\/","og_site_name":"OF Outdoorkitchens","article_publisher":"https:\/\/www.facebook.com\/ofoutdoorkitchens","article_modified_time":"2024-02-01T10:44:54+00:00","twitter_card":"summary_large_image","twitter_misc":{"Tiempo de lectura":"2 minutos"},"schema":{"@context":"https:\/\/schema.org","@graph":[{"@type":"WebPage","@id":"https:\/\/www.ofoutdoorkitchens.com\/es\/neveras-congeladores\/","url":"https:\/\/www.ofoutdoorkitchens.com\/es\/neveras-congeladores\/","name":"Neveras \/ Congeladores - OF Outdoorkitchens","isPartOf":{"@id":"https:\/\/www.ofoutdoorkitchens.com\/es\/#website"},"datePublished":"2024-01-11T14:40:44+00:00","dateModified":"2024-02-01T10:44:54+00:00","breadcrumb":{"@id":"https:\/\/www.ofoutdoorkitchens.com\/es\/neveras-congeladores\/#breadcrumb"},"inLanguage":"es","potentialAction":[{"@type":"ReadAction","target":["https:\/\/www.ofoutdoorkitchens.com\/es\/neveras-congeladores\/"]}]},{"@type":"BreadcrumbList","@id":"https:\/\/www.ofoutdoorkitchens.com\/es\/neveras-congeladores\/#breadcrumb","itemListElement":[{"@type":"ListItem","position":1,"name":"Home","item":"https:\/\/www.ofoutdoorkitchens.com\/es\/"},{"@type":"ListItem","position":2,"name":"Neveras \/ Congeladores"}]},{"@type":"WebSite","@id":"https:\/\/www.ofoutdoorkitchens.com\/es\/#website","url":"https:\/\/www.ofoutdoorkitchens.com\/es\/","name":"OF Outdoorkitchens","description":"","publisher":{"@id":"https:\/\/www.ofoutdoorkitchens.com\/es\/#organization"},"potentialAction":[{"@type":"SearchAction","target":{"@type":"EntryPoint","urlTemplate":"https:\/\/www.ofoutdoorkitchens.com\/es\/?s={search_term_string}"},"query-input":{"@type":"PropertyValueSpecification","valueRequired":true,"valueName":"search_term_string"}}],"inLanguage":"es"},{"@type":"Organization","@id":"https:\/\/www.ofoutdoorkitchens.com\/es\/#organization","name":"OF Outdoorkitchens","url":"https:\/\/www.ofoutdoorkitchens.com\/es\/","logo":{"@type":"ImageObject","inLanguage":"es","@id":"https:\/\/www.ofoutdoorkitchens.com\/es\/#\/schema\/logo\/image\/","url":"https:\/\/www.ofoutdoorkitchens.com\/wp-content\/uploads\/2023\/03\/logo-OF-2023-def150.png","contentUrl":"https:\/\/www.ofoutdoorkitchens.com\/wp-content\/uploads\/2023\/03\/logo-OF-2023-def150.png","width":150,"height":150,"caption":"OF Outdoorkitchens"},"image":{"@id":"https:\/\/www.ofoutdoorkitchens.com\/es\/#\/schema\/logo\/image\/"},"sameAs":["https:\/\/www.facebook.com\/ofoutdoorkitchens","https:\/\/www.instagram.com\/of.outdoorkitchens\/","https:\/\/www.linkedin.com\/company\/of-out-door-kitchens\/"]}]}},"_links":{"self":[{"href":"https:\/\/www.ofoutdoorkitchens.com\/es\/wp-json\/wp\/v2\/pages\/5386","targetHints":{"allow":["GET"]}}],"collection":[{"href":"https:\/\/www.ofoutdoorkitchens.com\/es\/wp-json\/wp\/v2\/pages"}],"about":[{"href":"https:\/\/www.ofoutdoorkitchens.com\/es\/wp-json\/wp\/v2\/types\/page"}],"author":[{"embeddable":true,"href":"https:\/\/www.ofoutdoorkitchens.com\/es\/wp-json\/wp\/v2\/users\/1"}],"replies":[{"embeddable":true,"href":"https:\/\/www.ofoutdoorkitchens.com\/es\/wp-json\/wp\/v2\/comments?post=5386"}],"version-history":[{"count":12,"href":"https:\/\/www.ofoutdoorkitchens.com\/es\/wp-json\/wp\/v2\/pages\/5386\/revisions"}],"predecessor-version":[{"id":5965,"href":"https:\/\/www.ofoutdoorkitchens.com\/es\/wp-json\/wp\/v2\/pages\/5386\/revisions\/5965"}],"wp:attachment":[{"href":"https:\/\/www.ofoutdoorkitchens.com\/es\/wp-json\/wp\/v2\/media?parent=5386"}],"curies":[{"name":"wp","href":"https:\/\/api.w.org\/{rel}","templated":true}]}}