{"id":5225,"date":"2024-01-11T12:05:01","date_gmt":"2024-01-11T11:05:01","guid":{"rendered":"https:\/\/www.ofoutdoorkitchens.com\/?page_id=5225"},"modified":"2024-02-01T12:21:14","modified_gmt":"2024-02-01T11:21:14","slug":"placas-de-coccion-freidoras","status":"publish","type":"page","link":"https:\/\/www.ofoutdoorkitchens.com\/es\/placas-de-coccion-freidoras\/","title":{"rendered":"Placas de cocci\u00f3n \/ Freidoras"},"content":{"rendered":"<section class=\"l-section wpb_row height_medium\"><div class=\"l-section-h i-cf\"><div class=\"g-cols vc_row via_grid cols_1 laptops-cols_inherit tablets-cols_inherit mobiles-cols_1 valign_top type_default stacking_default\"><div class=\"wpb_column vc_column_container\"><div class=\"vc_column-inner\"><div class=\"wpb_text_column\"><div class=\"wpb_wrapper\"><h1 style=\"text-align: left;\">Placas de cocci\u00f3n y Freidoras<\/h1>\n<\/div><\/div><div class=\"w-separator size_medium\"><\/div><div class=\"wpb_text_column\"><div class=\"wpb_wrapper\"><p>OF outdoorkitchens realiza encimeras perforadas para placas de cocci\u00f3n y freidoras.<\/p>\n<\/div><\/div><div class=\"w-separator size_medium\"><\/div><div class=\"wpb_text_column\"><div class=\"wpb_wrapper\"><h4><strong>PLACAS DE COCCI\u00d3N<\/strong><\/h4>\n<p><strong>FREESTANDING<\/strong><\/p>\n<ol>\n<li><strong>Barazza<\/strong> | Placa de gas freestanding 1 quemador Barazza Thalas 1PTF1 40cm &#8211; acero inoxidable 316 <a href=\"https:\/\/www.ofoutdoorkitchens.com\/wp-content\/uploads\/2024\/01\/1PTF1.pdf\">FICHA T\u00c9CNICA<\/a><\/li>\n<li><strong>Barazza<\/strong> | Placa de gas freestanding 2 quemadores Barazza Thalas 1PTF2 40cm &#8211; acero inoxidable 316 <a href=\"https:\/\/www.ofoutdoorkitchens.com\/wp-content\/uploads\/2024\/01\/1PTF2.pdf\">FICHA T\u00c9CNICA<\/a><\/li>\n<li><strong>Barazza<\/strong> | Placa de barbacoa freestanding con resistencia el\u00e9ctrica Barazza Thalas 1PTFBQ 40cm &#8211; acero inoxidable 316 <a href=\"https:\/\/www.ofoutdoorkitchens.com\/wp-content\/uploads\/2024\/01\/1PTFBQ.pdf\">FICHA T\u00c9CNICA<\/a><\/li>\n<li><strong>Barazza <\/strong>| Placa de inducci\u00f3n freestanding Barazza Thalas 1PTFID 40cm 2 zonas &#8211; acero inoxidable 316 <a href=\"https:\/\/www.ofoutdoorkitchens.com\/wp-content\/uploads\/2024\/01\/1PTFID.pdf\">FICHA T\u00c9CNICA<\/a><\/li>\n<li><strong>Barazza <\/strong>| Teppanyaki freestanding Barazza Thalas 1PTFTK 40cm &#8211; acero inoxidable 316 <a href=\"https:\/\/www.ofoutdoorkitchens.com\/wp-content\/uploads\/2024\/01\/1PTFTK.pdf\">FICHA T\u00c9CNICA<\/a><\/li>\n<li><strong>Electrolux <\/strong>| Placa de inducci\u00f3n negra 60cm 4 zonas Electrolux CIL61443C + tapa <a href=\"https:\/\/www.ofoutdoorkitchens.com\/wp-content\/uploads\/2024\/01\/Datasheet_CIL61443C.pdf\">FICHA T\u00c9CNICA<\/a><\/li>\n<li><strong>Electrolux <\/strong>| Placa de inducci\u00f3n blanca 60cm 4 zonas Electrolux EIL63443BW + tapa <a href=\"https:\/\/www.ofoutdoorkitchens.com\/wp-content\/uploads\/2024\/01\/Datasheet_EIL63443BW.pdf\">FICHA T\u00c9CNICA<\/a><\/li>\n<li><strong>Electrolux <\/strong>| Placa de gas 4 quemadores KGS6434SX con tapa de acero inoxidable <a href=\"https:\/\/www.ofoutdoorkitchens.com\/wp-content\/uploads\/2024\/01\/Datasheet_KGS6434SX.pdf\">FICHA T\u00c9CNICA<\/a><\/li>\n<li><strong>Electrolux <\/strong>| Placa de gas 1 quemador triple corona Electrolux EGG3213N con tapa de acero inoxidable <a href=\"https:\/\/www.ofoutdoorkitchens.com\/wp-content\/uploads\/2024\/01\/Datasheet_EGG3213N.pdf\">FICHA T\u00c9CNICA<\/a><\/li>\n<li><strong>Electrolux <\/strong>| Placa de gas 2 quemadores EGG3222N con tapa de acero inoxidable <a href=\"https:\/\/www.ofoutdoorkitchens.com\/wp-content\/uploads\/2024\/01\/Datasheet_EGG3222N.pdf\">FICHA T\u00c9CNICA<\/a><\/li>\n<li><strong>Electrolux <\/strong>| Placa de inducci\u00f3n Domino 29cm Electrolux LIT30231C con tapa de acero inoxidable <a href=\"https:\/\/www.ofoutdoorkitchens.com\/wp-content\/uploads\/2024\/01\/Datasheet_LIT30231C.pdf\">FICHA T\u00c9CNICA<\/a><\/li>\n<\/ol>\n<p><strong>EMPOTRADAS <\/strong><\/p>\n<ol>\n<li><strong>Barazza<\/strong> | Placa de gas empotrada 1 quemador Barazza Thalas 1PTI1 37cm &#8211; acero inoxidable 316 <a href=\"https:\/\/www.ofoutdoorkitchens.com\/wp-content\/uploads\/2024\/01\/1PTI1.pdf\">FICHA T\u00c9CNICA<\/a><\/li>\n<li><strong>Barazza<\/strong> | Placa de gas empotrada 2 quemadores Barazza Thalas 1PTI2 37cm &#8211; acero inoxidable 316 <a href=\"https:\/\/www.ofoutdoorkitchens.com\/wp-content\/uploads\/2024\/01\/1PTI2.pdf\">FICHA T\u00c9CNICA<\/a><\/li>\n<li><strong>Barazza <\/strong>| Placa de barbacoa empotrada con resistencia el\u00e9ctrica Barazza Thalas 1PTIBQ 37cm &#8211; acero inoxidable 316 <a href=\"https:\/\/www.ofoutdoorkitchens.com\/wp-content\/uploads\/2024\/01\/1PTIBQ.pdf\">FICHA T\u00c9CNICA<\/a><\/li>\n<li><strong>Barazza <\/strong>| Placa de inducci\u00f3n empotrada Barazza Thalas 1PTIID 37cm 2 zonas &#8211; acero inoxidable 316 <a href=\"https:\/\/www.ofoutdoorkitchens.com\/wp-content\/uploads\/2024\/01\/1PTIID.pdf\">FICHA T\u00c9CNICA<\/a><\/li>\n<li><strong>Barazza <\/strong>| Teppanyaki empotrada Barazza Thalas 1PTITK 37cm &#8211; acero inoxidable 316 <a href=\"https:\/\/www.ofoutdoorkitchens.com\/wp-content\/uploads\/2024\/01\/1PTITK-1.pdf\">FICHA T\u00c9CNICA<\/a><\/li>\n<\/ol>\n<\/div><\/div><div class=\"w-separator size_medium\"><\/div><div class=\"wpb_text_column\"><div class=\"wpb_wrapper\"><h4><strong>FREIDORAS<\/strong><\/h4>\n<ol>\n<li><strong>Dolcevita<\/strong> | Freidora el\u00e9ctrica Dolcevita ODFIN (220 V &#8211; 2 LT) con tapa de acero inoxidable<\/li>\n<\/ol>\n<\/div><\/div><\/div><\/div><\/div><\/div><\/section><section class=\"l-section wpb_row height_medium\"><div class=\"l-section-h i-cf\"><div class=\"g-cols vc_row via_grid cols_1 laptops-cols_inherit tablets-cols_inherit mobiles-cols_1 valign_top type_default stacking_default\"><div class=\"wpb_column vc_column_container\"><div class=\"vc_column-inner\"><div class=\"w-separator size_medium with_line width_default thick_1 style_solid color_border align_center\"><div class=\"w-separator-h\"><\/div><\/div><div class=\"w-btn-wrapper align_center\"><a class=\"w-btn us-btn-style_1 icon_atleft\" title=\"Contactos\" href=\"https:\/\/www.ofoutdoorkitchens.com\/es\/?page_id=4203 \"><i class=\"far fa-long-arrow-left\"><\/i><span class=\"w-btn-label\">Vuelve atr\u00e1s<\/span><\/a><\/div><\/div><\/div><\/div><\/div><\/section>\n","protected":false},"excerpt":{"rendered":"Placas de cocci\u00f3n y Freidoras OF outdoorkitchens realiza encimeras perforadas para placas de cocci\u00f3n y freidoras. PLACAS DE COCCI\u00d3N FREESTANDING Barazza | Placa de gas freestanding 1 quemador Barazza Thalas 1PTF1 40cm &#8211; acero inoxidable 316 FICHA T\u00c9CNICA Barazza | Placa de gas freestanding 2 quemadores Barazza Thalas 1PTF2 40cm &#8211; acero inoxidable 316 FICHA...","protected":false},"author":1,"featured_media":0,"parent":0,"menu_order":0,"comment_status":"closed","ping_status":"open","template":"","meta":{"om_disable_all_campaigns":false,"_uf_show_specific_survey":0,"_uf_disable_surveys":false,"footnotes":""},"class_list":["post-5225","page","type-page","status-publish","hentry"],"yoast_head":"<!-- This site is optimized with the Yoast SEO plugin v23.4 - https:\/\/yoast.com\/wordpress\/plugins\/seo\/ -->\n<title>Placas de cocci\u00f3n \/ Freidoras - OF Outdoorkitchens<\/title>\n<meta name=\"robots\" content=\"index, follow, max-snippet:-1, max-image-preview:large, max-video-preview:-1\" \/>\n<link rel=\"canonical\" href=\"https:\/\/www.ofoutdoorkitchens.com\/es\/placas-de-coccion-freidoras\/\" \/>\n<meta property=\"og:locale\" content=\"es_ES\" \/>\n<meta property=\"og:type\" content=\"article\" \/>\n<meta property=\"og:title\" content=\"Placas de cocci\u00f3n \/ Freidoras - OF Outdoorkitchens\" \/>\n<meta property=\"og:url\" content=\"https:\/\/www.ofoutdoorkitchens.com\/es\/placas-de-coccion-freidoras\/\" \/>\n<meta property=\"og:site_name\" content=\"OF Outdoorkitchens\" \/>\n<meta property=\"article:publisher\" content=\"https:\/\/www.facebook.com\/ofoutdoorkitchens\" \/>\n<meta property=\"article:modified_time\" content=\"2024-02-01T11:21:14+00:00\" \/>\n<meta name=\"twitter:card\" content=\"summary_large_image\" \/>\n<meta name=\"twitter:label1\" content=\"Tiempo de lectura\" \/>\n\t<meta name=\"twitter:data1\" content=\"2 minutos\" \/>\n<!-- \/ Yoast SEO plugin. -->","yoast_head_json":{"title":"Placas de cocci\u00f3n \/ Freidoras - OF Outdoorkitchens","robots":{"index":"index","follow":"follow","max-snippet":"max-snippet:-1","max-image-preview":"max-image-preview:large","max-video-preview":"max-video-preview:-1"},"canonical":"https:\/\/www.ofoutdoorkitchens.com\/es\/placas-de-coccion-freidoras\/","og_locale":"es_ES","og_type":"article","og_title":"Placas de cocci\u00f3n \/ Freidoras - OF Outdoorkitchens","og_url":"https:\/\/www.ofoutdoorkitchens.com\/es\/placas-de-coccion-freidoras\/","og_site_name":"OF Outdoorkitchens","article_publisher":"https:\/\/www.facebook.com\/ofoutdoorkitchens","article_modified_time":"2024-02-01T11:21:14+00:00","twitter_card":"summary_large_image","twitter_misc":{"Tiempo de lectura":"2 minutos"},"schema":{"@context":"https:\/\/schema.org","@graph":[{"@type":"WebPage","@id":"https:\/\/www.ofoutdoorkitchens.com\/es\/placas-de-coccion-freidoras\/","url":"https:\/\/www.ofoutdoorkitchens.com\/es\/placas-de-coccion-freidoras\/","name":"Placas de cocci\u00f3n \/ Freidoras - OF Outdoorkitchens","isPartOf":{"@id":"https:\/\/www.ofoutdoorkitchens.com\/es\/#website"},"datePublished":"2024-01-11T11:05:01+00:00","dateModified":"2024-02-01T11:21:14+00:00","breadcrumb":{"@id":"https:\/\/www.ofoutdoorkitchens.com\/es\/placas-de-coccion-freidoras\/#breadcrumb"},"inLanguage":"es","potentialAction":[{"@type":"ReadAction","target":["https:\/\/www.ofoutdoorkitchens.com\/es\/placas-de-coccion-freidoras\/"]}]},{"@type":"BreadcrumbList","@id":"https:\/\/www.ofoutdoorkitchens.com\/es\/placas-de-coccion-freidoras\/#breadcrumb","itemListElement":[{"@type":"ListItem","position":1,"name":"Home","item":"https:\/\/www.ofoutdoorkitchens.com\/es\/"},{"@type":"ListItem","position":2,"name":"Placas de cocci\u00f3n \/ Freidoras"}]},{"@type":"WebSite","@id":"https:\/\/www.ofoutdoorkitchens.com\/es\/#website","url":"https:\/\/www.ofoutdoorkitchens.com\/es\/","name":"OF Outdoorkitchens","description":"","publisher":{"@id":"https:\/\/www.ofoutdoorkitchens.com\/es\/#organization"},"potentialAction":[{"@type":"SearchAction","target":{"@type":"EntryPoint","urlTemplate":"https:\/\/www.ofoutdoorkitchens.com\/es\/?s={search_term_string}"},"query-input":{"@type":"PropertyValueSpecification","valueRequired":true,"valueName":"search_term_string"}}],"inLanguage":"es"},{"@type":"Organization","@id":"https:\/\/www.ofoutdoorkitchens.com\/es\/#organization","name":"OF Outdoorkitchens","url":"https:\/\/www.ofoutdoorkitchens.com\/es\/","logo":{"@type":"ImageObject","inLanguage":"es","@id":"https:\/\/www.ofoutdoorkitchens.com\/es\/#\/schema\/logo\/image\/","url":"https:\/\/www.ofoutdoorkitchens.com\/wp-content\/uploads\/2023\/03\/logo-OF-2023-def150.png","contentUrl":"https:\/\/www.ofoutdoorkitchens.com\/wp-content\/uploads\/2023\/03\/logo-OF-2023-def150.png","width":150,"height":150,"caption":"OF Outdoorkitchens"},"image":{"@id":"https:\/\/www.ofoutdoorkitchens.com\/es\/#\/schema\/logo\/image\/"},"sameAs":["https:\/\/www.facebook.com\/ofoutdoorkitchens","https:\/\/www.instagram.com\/of.outdoorkitchens\/","https:\/\/www.linkedin.com\/company\/of-out-door-kitchens\/"]}]}},"_links":{"self":[{"href":"https:\/\/www.ofoutdoorkitchens.com\/es\/wp-json\/wp\/v2\/pages\/5225","targetHints":{"allow":["GET"]}}],"collection":[{"href":"https:\/\/www.ofoutdoorkitchens.com\/es\/wp-json\/wp\/v2\/pages"}],"about":[{"href":"https:\/\/www.ofoutdoorkitchens.com\/es\/wp-json\/wp\/v2\/types\/page"}],"author":[{"embeddable":true,"href":"https:\/\/www.ofoutdoorkitchens.com\/es\/wp-json\/wp\/v2\/users\/1"}],"replies":[{"embeddable":true,"href":"https:\/\/www.ofoutdoorkitchens.com\/es\/wp-json\/wp\/v2\/comments?post=5225"}],"version-history":[{"count":7,"href":"https:\/\/www.ofoutdoorkitchens.com\/es\/wp-json\/wp\/v2\/pages\/5225\/revisions"}],"predecessor-version":[{"id":5969,"href":"https:\/\/www.ofoutdoorkitchens.com\/es\/wp-json\/wp\/v2\/pages\/5225\/revisions\/5969"}],"wp:attachment":[{"href":"https:\/\/www.ofoutdoorkitchens.com\/es\/wp-json\/wp\/v2\/media?parent=5225"}],"curies":[{"name":"wp","href":"https:\/\/api.w.org\/{rel}","templated":true}]}}