{"id":3406,"date":"2023-01-24T12:27:20","date_gmt":"2023-01-24T11:27:20","guid":{"rendered":"https:\/\/www.ofoutdoorkitchens.com\/outdoor-kitchens\/"},"modified":"2023-07-03T11:01:49","modified_gmt":"2023-07-03T09:01:49","slug":"cocinas-de-exterior","status":"publish","type":"page","link":"https:\/\/www.ofoutdoorkitchens.com\/es\/cocinas-de-exterior\/","title":{"rendered":"Cocinas de exterior"},"content":{"rendered":"<section class=\"l-section wpb_row height_large\"><div class=\"l-section-h i-cf\"><div class=\"g-cols vc_row via_grid cols_1 laptops-cols_inherit tablets-cols_inherit mobiles-cols_1 valign_top type_default stacking_default\"><div class=\"wpb_column vc_column_container\"><div class=\"vc_column-inner\"><div class=\"wpb_text_column\"><div class=\"wpb_wrapper\"><h1 style=\"text-align: left;\">Las Cocinas de Exterior<\/h1>\n<\/div><\/div><div class=\"wpb_text_column\"><div class=\"wpb_wrapper\"><h2>Los modelos listos para pedir<\/h2>\n<\/div><\/div><div class=\"w-separator size_medium\"><\/div><div class=\"wpb_text_column\"><div class=\"wpb_wrapper\"><p>OF outdoorkitchens es l\u00edder en la producci\u00f3n de cocinas de exterior modulares de acero inoxidable.<\/p>\n<p>OF outdoorkitchens sit\u00faa en el centro de su proyecto de vivienda la &#8220;belleza&#8221; combinada con el material eterno por antonomasia, el acero, todo ello unido a un dise\u00f1o vanguardista y soluciones est\u00e9ticas de primer orden. De hecho, el n\u00facleo del proyecto es la gesti\u00f3n modular del espacio y la contenci\u00f3n, que hasta ahora s\u00f3lo era posible en el interior de las viviendas.<\/p>\n<p>OF da un nuevo sabor a la vida en casa, ampliando sus l\u00edmites al espacio exterior y combinando convivialidad, personalidad y libertad, sin renunciar a ninguna de las comodidades a las que estamos acostumbrados: de la barbacoa profesional a todas las herramientas necesarias para cocinar al aire libre.<\/p>\n<p><strong>Es por eso que elegir OF outdoorkitchens:<\/strong><\/p>\n<p>Las cocinas OF outdoorkitchens, siempre de gran calidad y acabadas con gran cuidado;<\/p>\n<p>Son modulares y, por lo tanto, construidas &#8220;en serie&#8221;. Las bases a una o dos puertas disponibles en 3 tama\u00f1os. Tambi\u00e9n tenemos diferentes tipos de cajoneras con una \u00fanica constante: el acero inoxidable.<\/p>\n<p>OF outdoorkitchens cuenta con toda la experiencia y la tecnolog\u00eda de Officine Fanesi, para garantizar, tambi\u00e9n en el exterior, la gesti\u00f3n modular de los espacios t\u00edpica del ambiente interior;<\/p>\n<p>OF outdoorkitchens presta especial atenci\u00f3n al precio y a la facilidad de la propuesta. Una empresa inteligente basada en el concepto de modularidad<\/p>\n<\/div><\/div><div class=\"w-grid type_grid layout_344 cols_3 ratio_1x1\" id=\"us_grid_1\" style=\"--gap:20px;\" data-filterable=\"true\"><style>@media (max-width:1024px){#us_grid_1 .w-grid-item{width:50%}#us_grid_1 .w-grid-item.size_2x1,#us_grid_1 .w-grid-item.size_2x2{width:100%}}@media (max-width:600px){#us_grid_1 .w-grid-list{margin:0}#us_grid_1 .w-grid-item{width:100%;padding:0;margin-bottom:var(--gap,0px)}}#us_grid_1 .w-grid-item-h:before{padding-bottom:100%}.layout_344 .w-grid-item-h:before{padding-bottom:100%}@media (min-width:601px){.layout_344 .w-grid-item.size_1x2 .w-grid-item-h:before{padding-bottom:calc(200% + var(--gap,0px) * 2)}.layout_344 .w-grid-item.size_2x1 .w-grid-item-h:before{padding-bottom:calc(50% - var(--gap,0px) * 1)}.layout_344 .w-grid-item.size_2x2 .w-grid-item-h:before{padding-bottom:calc(100% - var(--gap,0px) * 0)}}.layout_344 .w-grid-item-h{}.layout_344 .usg_post_image_1{transition-duration:0.25s;transform-origin:50% 50%;transform:scale(1) translate(0%,0%)}.layout_344 .w-grid-item-h:hover .usg_post_image_1{transform:scale(1) translate(0%,0%);opacity:0.1}.layout_344 .usg_post_title_1{transition-duration:0.25s;transform-origin:50% 50%;transform:scale(1) translate(0%,-50%);opacity:0}.layout_344 .w-grid-item-h:hover .usg_post_title_1{transform:scale(1) translate(0%,0%);opacity:1}.layout_344 .usg_post_taxonomy_1{transition-duration:0.25s;transform-origin:50% 50%;transform:scale(1) translate(0%,75%);opacity:0}.layout_344 .w-grid-item-h:hover .usg_post_taxonomy_1{transform:scale(1) translate(0%,0%);opacity:0.9}.layout_344 .usg_post_content_1{transition-duration:0.3s;transform-origin:50% 50%;transform:scale(1) translate(0%,0%);opacity:0}.layout_344 .w-grid-item-h:hover .usg_post_content_1{transform:scale(1) translate(0%,0%);opacity:1}.layout_344 .usg_post_image_1{position:absolute!important;left:0!important;top:0!important;bottom:0!important;right:0!important}.layout_344 .usg_vwrapper_1{position:absolute!important;top:0!important;right:0!important;bottom:0!important;left:0!important;padding:4rem!important}.layout_344 .usg_post_title_1{color:inherit!important;font-size:1.4rem!important}<\/style><div class=\"w-grid-list\">\t<article class=\"w-grid-item size_1x1 post-3447 us_portfolio type-us_portfolio status-publish has-post-thumbnail hentry us_portfolio_category-cocinas-de-exterior\" data-id=\"3447\">\r\n\t\t<div class=\"w-grid-item-h\">\r\n\t\t\t\t\t\t\t<a href=\"https:\/\/www.ofoutdoorkitchens.com\/es\/portfolio\/via-nolfi-527\/\" class=\"w-grid-item-anchor\" aria-label=\"Via Nolfi 527\"><\/a>\r\n\t\t\t\t\t\t<div class=\"w-post-elm post_image usg_post_image_1 stretched\"><img loading=\"lazy\" decoding=\"async\" width=\"1024\" height=\"724\" src=\"https:\/\/www.ofoutdoorkitchens.com\/wp-content\/uploads\/2023\/03\/527_PP-1024x724.jpg\" class=\"attachment-large size-large wp-post-image\" alt=\"\" srcset=\"https:\/\/www.ofoutdoorkitchens.com\/wp-content\/uploads\/2023\/03\/527_PP-1024x724.jpg 1024w, https:\/\/www.ofoutdoorkitchens.com\/wp-content\/uploads\/2023\/03\/527_PP-300x212.jpg 300w, https:\/\/www.ofoutdoorkitchens.com\/wp-content\/uploads\/2023\/03\/527_PP-scaled.jpg 1280w\" sizes=\"auto, (max-width: 1024px) 100vw, 1024px\" \/><\/div><div class=\"w-vwrapper usg_vwrapper_1 grid_style_12 align_center valign_middle\"><h2 class=\"w-post-elm post_title usg_post_title_1 has_text_color entry-title color_link_inherit\">Via Nolfi 527<\/h2><div class=\"w-post-elm post_taxonomy usg_post_taxonomy_1 style_simple color_link_inherit\"><a class=\"term-55 term-cocinas-de-exterior\" href=\"https:\/\/www.ofoutdoorkitchens.com\/es\/portfolio_category\/cocinas-de-exterior\/\">Cocinas de exterior<\/a><\/div><div class=\"w-post-elm post_content usg_post_content_1\">DIMENSIONES: L 210,8 CM<\/div><\/div>\t\t<\/div>\r\n\t\t\t<\/article>\r\n\t<article class=\"w-grid-item size_1x1 post-3536 us_portfolio type-us_portfolio status-publish has-post-thumbnail hentry us_portfolio_category-cocinas-de-exterior\" data-id=\"3536\">\r\n\t\t<div class=\"w-grid-item-h\">\r\n\t\t\t\t\t\t\t<a href=\"https:\/\/www.ofoutdoorkitchens.com\/es\/portfolio\/via-nolfi-528\/\" class=\"w-grid-item-anchor\" aria-label=\"Via Nolfi 528\"><\/a>\r\n\t\t\t\t\t\t<div class=\"w-post-elm post_image usg_post_image_1 stretched\"><img loading=\"lazy\" decoding=\"async\" width=\"1024\" height=\"722\" src=\"https:\/\/www.ofoutdoorkitchens.com\/wp-content\/uploads\/2023\/01\/528_PP-1024x722.jpg\" class=\"attachment-large size-large wp-post-image\" alt=\"\" srcset=\"https:\/\/www.ofoutdoorkitchens.com\/wp-content\/uploads\/2023\/01\/528_PP-1024x722.jpg 1024w, https:\/\/www.ofoutdoorkitchens.com\/wp-content\/uploads\/2023\/01\/528_PP-300x211.jpg 300w, https:\/\/www.ofoutdoorkitchens.com\/wp-content\/uploads\/2023\/01\/528_PP-scaled.jpg 1280w\" sizes=\"auto, (max-width: 1024px) 100vw, 1024px\" \/><\/div><div class=\"w-vwrapper usg_vwrapper_1 grid_style_12 align_center valign_middle\"><h2 class=\"w-post-elm post_title usg_post_title_1 has_text_color entry-title color_link_inherit\">Via Nolfi 528<\/h2><div class=\"w-post-elm post_taxonomy usg_post_taxonomy_1 style_simple color_link_inherit\"><a class=\"term-55 term-cocinas-de-exterior\" href=\"https:\/\/www.ofoutdoorkitchens.com\/es\/portfolio_category\/cocinas-de-exterior\/\">Cocinas de exterior<\/a><\/div><div class=\"w-post-elm post_content usg_post_content_1\">DIMENSIONES:\u00a0L 330,8 CM<\/div><\/div>\t\t<\/div>\r\n\t\t\t<\/article>\r\n\t<article class=\"w-grid-item size_1x1 post-3534 us_portfolio type-us_portfolio status-publish has-post-thumbnail hentry us_portfolio_category-cocinas-de-exterior\" data-id=\"3534\">\r\n\t\t<div class=\"w-grid-item-h\">\r\n\t\t\t\t\t\t\t<a href=\"https:\/\/www.ofoutdoorkitchens.com\/es\/portfolio\/via-nolfi-529\/\" class=\"w-grid-item-anchor\" aria-label=\"Via Nolfi 529\"><\/a>\r\n\t\t\t\t\t\t<div class=\"w-post-elm post_image usg_post_image_1 stretched\"><img loading=\"lazy\" decoding=\"async\" width=\"800\" height=\"600\" src=\"https:\/\/www.ofoutdoorkitchens.com\/wp-content\/uploads\/2023\/01\/via-nolfi-529-ok.jpg\" class=\"attachment-large size-large wp-post-image\" alt=\"\" srcset=\"https:\/\/www.ofoutdoorkitchens.com\/wp-content\/uploads\/2023\/01\/via-nolfi-529-ok.jpg 800w, https:\/\/www.ofoutdoorkitchens.com\/wp-content\/uploads\/2023\/01\/via-nolfi-529-ok-300x225.jpg 300w\" sizes=\"auto, (max-width: 800px) 100vw, 800px\" \/><\/div><div class=\"w-vwrapper usg_vwrapper_1 grid_style_12 align_center valign_middle\"><h2 class=\"w-post-elm post_title usg_post_title_1 has_text_color entry-title color_link_inherit\">Via Nolfi 529<\/h2><div class=\"w-post-elm post_taxonomy usg_post_taxonomy_1 style_simple color_link_inherit\"><a class=\"term-55 term-cocinas-de-exterior\" href=\"https:\/\/www.ofoutdoorkitchens.com\/es\/portfolio_category\/cocinas-de-exterior\/\">Cocinas de exterior<\/a><\/div><div class=\"w-post-elm post_content usg_post_content_1\">DIMENSIONES:\u00a0L 270,8 CM<\/div><\/div>\t\t<\/div>\r\n\t\t\t<\/article>\r\n\t<article class=\"w-grid-item size_1x1 post-3532 us_portfolio type-us_portfolio status-publish has-post-thumbnail hentry us_portfolio_category-cocinas-de-exterior\" data-id=\"3532\">\r\n\t\t<div class=\"w-grid-item-h\">\r\n\t\t\t\t\t\t\t<a href=\"https:\/\/www.ofoutdoorkitchens.com\/es\/portfolio\/via-nolfi-530\/\" class=\"w-grid-item-anchor\" aria-label=\"Via Nolfi 530\"><\/a>\r\n\t\t\t\t\t\t<div class=\"w-post-elm post_image usg_post_image_1 stretched\"><img loading=\"lazy\" decoding=\"async\" width=\"1024\" height=\"777\" src=\"https:\/\/www.ofoutdoorkitchens.com\/wp-content\/uploads\/2023\/01\/via-nolfi-530-14-1024x777.jpg\" class=\"attachment-large size-large wp-post-image\" alt=\"\" srcset=\"https:\/\/www.ofoutdoorkitchens.com\/wp-content\/uploads\/2023\/01\/via-nolfi-530-14-1024x777.jpg 1024w, https:\/\/www.ofoutdoorkitchens.com\/wp-content\/uploads\/2023\/01\/via-nolfi-530-14-300x228.jpg 300w, https:\/\/www.ofoutdoorkitchens.com\/wp-content\/uploads\/2023\/01\/via-nolfi-530-14.jpg 1200w\" sizes=\"auto, (max-width: 1024px) 100vw, 1024px\" \/><\/div><div class=\"w-vwrapper usg_vwrapper_1 grid_style_12 align_center valign_middle\"><h2 class=\"w-post-elm post_title usg_post_title_1 has_text_color entry-title color_link_inherit\">Via Nolfi 530<\/h2><div class=\"w-post-elm post_taxonomy usg_post_taxonomy_1 style_simple color_link_inherit\"><a class=\"term-55 term-cocinas-de-exterior\" href=\"https:\/\/www.ofoutdoorkitchens.com\/es\/portfolio_category\/cocinas-de-exterior\/\">Cocinas de exterior<\/a><\/div><div class=\"w-post-elm post_content usg_post_content_1\">DIMENSIONES: L 270,8 CM<\/div><\/div>\t\t<\/div>\r\n\t\t\t<\/article>\r\n\t<article class=\"w-grid-item size_1x1 post-3445 us_portfolio type-us_portfolio status-publish has-post-thumbnail hentry us_portfolio_category-cocinas-de-exterior\" data-id=\"3445\">\r\n\t\t<div class=\"w-grid-item-h\">\r\n\t\t\t\t\t\t\t<a href=\"https:\/\/www.ofoutdoorkitchens.com\/es\/portfolio\/via-nolfi-531\/\" class=\"w-grid-item-anchor\" aria-label=\"Via Nolfi 531\"><\/a>\r\n\t\t\t\t\t\t<div class=\"w-post-elm post_image usg_post_image_1 stretched\"><img loading=\"lazy\" decoding=\"async\" width=\"800\" height=\"600\" src=\"https:\/\/www.ofoutdoorkitchens.com\/wp-content\/uploads\/2023\/03\/via-nolfi-531.jpg\" class=\"attachment-large size-large wp-post-image\" alt=\"\" srcset=\"https:\/\/www.ofoutdoorkitchens.com\/wp-content\/uploads\/2023\/03\/via-nolfi-531.jpg 800w, https:\/\/www.ofoutdoorkitchens.com\/wp-content\/uploads\/2023\/03\/via-nolfi-531-300x225.jpg 300w\" sizes=\"auto, (max-width: 800px) 100vw, 800px\" \/><\/div><div class=\"w-vwrapper usg_vwrapper_1 grid_style_12 align_center valign_middle\"><h2 class=\"w-post-elm post_title usg_post_title_1 has_text_color entry-title color_link_inherit\">Via Nolfi 531<\/h2><div class=\"w-post-elm post_taxonomy usg_post_taxonomy_1 style_simple color_link_inherit\"><a class=\"term-55 term-cocinas-de-exterior\" href=\"https:\/\/www.ofoutdoorkitchens.com\/es\/portfolio_category\/cocinas-de-exterior\/\">Cocinas de exterior<\/a><\/div><div class=\"w-post-elm post_content usg_post_content_1\">DIMENSIONES: L 270,8 CM<\/div><\/div>\t\t<\/div>\r\n\t\t\t<\/article>\r\n<\/div><div class=\"w-grid-preloader\">\t<div class=\"g-preloader type_1\">\r\n\t\t<div><\/div>\r\n\t<\/div>\r\n\t<\/div>\t<div class=\"w-grid-json hidden\" onclick='return {&quot;action&quot;:&quot;us_ajax_grid&quot;,&quot;infinite_scroll&quot;:0,&quot;max_num_pages&quot;:1,&quot;pagination&quot;:&quot;none&quot;,&quot;template_vars&quot;:{&quot;columns&quot;:&quot;3&quot;,&quot;exclude_items&quot;:&quot;none&quot;,&quot;img_size&quot;:&quot;large&quot;,&quot;ignore_items_size&quot;:0,&quot;items_layout&quot;:&quot;344&quot;,&quot;items_offset&quot;:&quot;1&quot;,&quot;load_animation&quot;:&quot;none&quot;,&quot;overriding_link&quot;:&quot;%7B%22type%22%3A%22post%22%7D&quot;,&quot;post_id&quot;:0,&quot;query_args&quot;:{&quot;post_type&quot;:[&quot;us_portfolio&quot;],&quot;tax_query&quot;:[{&quot;taxonomy&quot;:&quot;us_portfolio_category&quot;,&quot;field&quot;:&quot;slug&quot;,&quot;terms&quot;:[&quot;cucine-esterno-en&quot;]}],&quot;post_status&quot;:[&quot;publish&quot;,&quot;mapped&quot;,&quot;needs_update&quot;],&quot;posts_per_page&quot;:&quot;10&quot;},&quot;orderby_query_args&quot;:{&quot;orderby&quot;:{&quot;title&quot;:&quot;ASC&quot;},&quot;order&quot;:&quot;ASC&quot;},&quot;type&quot;:&quot;grid&quot;,&quot;us_grid_post_type&quot;:&quot;us_portfolio&quot;,&quot;us_grid_ajax_index&quot;:1,&quot;us_grid_filter_query_string&quot;:null,&quot;us_grid_index&quot;:1,&quot;page_args&quot;:[],&quot;lang&quot;:&quot;es&quot;}}'><\/div>\r\n\t<\/div><div class=\"w-separator size_medium with_line width_default thick_1 style_solid color_border align_center\"><div class=\"w-separator-h\"><\/div><\/div><\/div><\/div><\/div><\/div><\/section><section class=\"l-section wpb_row height_auto\" id=\"personaliz\"><div class=\"l-section-h i-cf\"><div class=\"g-cols vc_row via_grid cols_1-2 laptops-cols_inherit tablets-cols_inherit mobiles-cols_1 valign_top type_default stacking_default\"><div class=\"wpb_column vc_column_container\"><div class=\"vc_column-inner\"><div class=\"wpb_text_column\"><div class=\"wpb_wrapper\"><h2>Cocinas para personalizar<\/h2>\n<\/div><\/div><div class=\"w-separator size_medium\"><\/div><div class=\"wpb_text_column\"><div class=\"wpb_wrapper\"><p><strong>Tu cocina de acero.<\/strong><br \/>\n<strong>S\u00f3lo tuya<\/strong><\/p>\n<p>\u00bfNinguna de nuestras cocinas de exterior est\u00e1ndar de acero satisface tus necesidades de estilo y de espacio?<br \/>\nNo hay problema.<br \/>\nCon OF outdoorkitchens puedes dise\u00f1ar tu soluci\u00f3n en cada detalle y acabado. Ser\u00e1 tu cocina de acero. S\u00f3lo tuya.<br \/>\nEn el verdadero sentido de la palabra.<\/p>\n<p>&nbsp;<\/p>\n<p><strong>Descubre todas las posibilidades de personalizaci\u00f3n.<\/strong><\/p>\n<\/div><\/div><div class=\"w-separator size_medium\"><\/div><div class=\"w-btn-wrapper align_none\"><a class=\"w-btn us-btn-style_1 icon_atright\" title=\"Outdoor kitchens to customize\" href=\"https:\/\/www.ofoutdoorkitchens.com\/es\/cocinas-para-personalizar\/\"><span class=\"w-btn-label\">Ver todas las opciones<\/span><i class=\"far fa-long-arrow-right\"><\/i><\/a><\/div><\/div><\/div><div class=\"wpb_column vc_column_container\"><div class=\"vc_column-inner\"><div class=\"w-image align_none\"><div class=\"w-image-h\"><img decoding=\"async\" width=\"1280\" height=\"998\" src=\"https:\/\/www.ofoutdoorkitchens.com\/wp-content\/uploads\/2023\/03\/OF_cucina-tecnica-personaliz2.jpg\" class=\"attachment-full size-full\" alt=\"\" loading=\"lazy\" srcset=\"https:\/\/www.ofoutdoorkitchens.com\/wp-content\/uploads\/2023\/03\/OF_cucina-tecnica-personaliz2.jpg 1280w, https:\/\/www.ofoutdoorkitchens.com\/wp-content\/uploads\/2023\/03\/OF_cucina-tecnica-personaliz2-300x234.jpg 300w, https:\/\/www.ofoutdoorkitchens.com\/wp-content\/uploads\/2023\/03\/OF_cucina-tecnica-personaliz2-1024x798.jpg 1024w\" sizes=\"auto, (max-width: 1280px) 100vw, 1280px\" \/><\/div><\/div><\/div><\/div><\/div><\/div><\/section><section class=\"l-section wpb_row height_auto\"><div class=\"l-section-h i-cf\"><div class=\"g-cols vc_row via_grid cols_1 laptops-cols_inherit tablets-cols_inherit mobiles-cols_1 valign_top type_default stacking_default\"><div class=\"wpb_column vc_column_container\"><div class=\"vc_column-inner\"><div class=\"w-separator size_medium with_line width_default thick_1 style_solid color_border align_center\"><div class=\"w-separator-h\"><\/div><\/div><\/div><\/div><\/div><\/div><\/section><section class=\"l-section wpb_row height_auto\"><div class=\"l-section-h i-cf\"><div class=\"g-cols vc_row via_grid cols_1 laptops-cols_inherit tablets-cols_inherit mobiles-cols_1 valign_top type_default stacking_default\"><div class=\"wpb_column vc_column_container\"><div class=\"vc_column-inner\"><div class=\"w-hwrapper valign_top align_none\" style=\"--hwrapper-gap:1.20rem\"><div class=\"w-btn-wrapper align_none\"><a class=\"w-btn us-btn-style_1 icon_atright\" title=\"Download catalogue\" target=\"_blank\" rel=\"nofollow\" href=\"https:\/\/www.ofoutdoorkitchens.com\/es\/descargar-catalogos\/\"><span class=\"w-btn-label\">Descarga el cat\u00e1logo 2023<\/span><i class=\"fas fa-long-arrow-down\"><\/i><\/a><\/div><div class=\"w-btn-wrapper align_none\"><a class=\"w-btn us-btn-style_1 icon_atright\" title=\"istruzioni montaggio\" href=\"https:\/\/www.ofoutdoorkitchens.com\/es\/instrucciones-de-montaje\/\"><span class=\"w-btn-label\">Instrucciones de montaje<\/span><i class=\"fas fa-long-arrow-down\"><\/i><\/a><\/div><div class=\"w-btn-wrapper align_none\"><a class=\"w-btn us-btn-style_1 icon_atright\" title=\"Cleaning\" href=\"https:\/\/www.ofoutdoorkitchens.com\/es\/limpieza\/\"><span class=\"w-btn-label\">Limpieza<\/span><i class=\"fas fa-long-arrow-down\"><\/i><\/a><\/div><\/div><div class=\"w-separator size_medium\"><\/div><\/div><\/div><\/div><\/div><\/section>\n","protected":false},"excerpt":{"rendered":"DIMENSIONES: L 270,8 CM Cocina de exterior de acero inoxidable delabr\u00e9 compuesta por base puerta izquierda (60cm) con placa de gas, base dos puertas (90cm) con barbacoa de cuatro quemadores, base nevera (62cm), base fregadero (60cm) con fregadero sobre encimera y grifo \u201csquare\u201d. Tambi\u00e9n disponible en la versi\u00f3n en isla. Tambi\u00e9n disponible con fregadero a...","protected":false},"author":1,"featured_media":0,"parent":0,"menu_order":0,"comment_status":"closed","ping_status":"closed","template":"","meta":{"om_disable_all_campaigns":false,"_uf_show_specific_survey":0,"_uf_disable_surveys":false,"footnotes":""},"class_list":["post-3406","page","type-page","status-publish","hentry"],"yoast_head":"<!-- This site is optimized with the Yoast SEO plugin v23.4 - https:\/\/yoast.com\/wordpress\/plugins\/seo\/ -->\n<title>Cocinas de exterior - OF Outdoorkitchens<\/title>\n<meta name=\"robots\" content=\"index, follow, max-snippet:-1, max-image-preview:large, max-video-preview:-1\" \/>\n<link rel=\"canonical\" href=\"https:\/\/www.ofoutdoorkitchens.com\/es\/cocinas-de-exterior\/\" \/>\n<meta property=\"og:locale\" content=\"es_ES\" \/>\n<meta property=\"og:type\" content=\"article\" \/>\n<meta property=\"og:title\" content=\"Cocinas de exterior - OF Outdoorkitchens\" \/>\n<meta property=\"og:url\" content=\"https:\/\/www.ofoutdoorkitchens.com\/es\/cocinas-de-exterior\/\" \/>\n<meta property=\"og:site_name\" content=\"OF Outdoorkitchens\" \/>\n<meta property=\"article:publisher\" content=\"https:\/\/www.facebook.com\/ofoutdoorkitchens\" \/>\n<meta property=\"article:modified_time\" content=\"2023-07-03T09:01:49+00:00\" \/>\n<meta name=\"twitter:card\" content=\"summary_large_image\" \/>\n<meta name=\"twitter:label1\" content=\"Tiempo de lectura\" \/>\n\t<meta name=\"twitter:data1\" content=\"2 minutos\" \/>\n<!-- \/ Yoast SEO plugin. -->","yoast_head_json":{"title":"Cocinas de exterior - OF Outdoorkitchens","robots":{"index":"index","follow":"follow","max-snippet":"max-snippet:-1","max-image-preview":"max-image-preview:large","max-video-preview":"max-video-preview:-1"},"canonical":"https:\/\/www.ofoutdoorkitchens.com\/es\/cocinas-de-exterior\/","og_locale":"es_ES","og_type":"article","og_title":"Cocinas de exterior - OF Outdoorkitchens","og_url":"https:\/\/www.ofoutdoorkitchens.com\/es\/cocinas-de-exterior\/","og_site_name":"OF Outdoorkitchens","article_publisher":"https:\/\/www.facebook.com\/ofoutdoorkitchens","article_modified_time":"2023-07-03T09:01:49+00:00","twitter_card":"summary_large_image","twitter_misc":{"Tiempo de lectura":"2 minutos"},"schema":{"@context":"https:\/\/schema.org","@graph":[{"@type":"WebPage","@id":"https:\/\/www.ofoutdoorkitchens.com\/es\/cocinas-de-exterior\/","url":"https:\/\/www.ofoutdoorkitchens.com\/es\/cocinas-de-exterior\/","name":"Cocinas de exterior - OF Outdoorkitchens","isPartOf":{"@id":"https:\/\/www.ofoutdoorkitchens.com\/es\/#website"},"datePublished":"2023-01-24T11:27:20+00:00","dateModified":"2023-07-03T09:01:49+00:00","breadcrumb":{"@id":"https:\/\/www.ofoutdoorkitchens.com\/es\/cocinas-de-exterior\/#breadcrumb"},"inLanguage":"es","potentialAction":[{"@type":"ReadAction","target":["https:\/\/www.ofoutdoorkitchens.com\/es\/cocinas-de-exterior\/"]}]},{"@type":"BreadcrumbList","@id":"https:\/\/www.ofoutdoorkitchens.com\/es\/cocinas-de-exterior\/#breadcrumb","itemListElement":[{"@type":"ListItem","position":1,"name":"Home","item":"https:\/\/www.ofoutdoorkitchens.com\/es\/"},{"@type":"ListItem","position":2,"name":"Cocinas de exterior"}]},{"@type":"WebSite","@id":"https:\/\/www.ofoutdoorkitchens.com\/es\/#website","url":"https:\/\/www.ofoutdoorkitchens.com\/es\/","name":"OF Outdoorkitchens","description":"","publisher":{"@id":"https:\/\/www.ofoutdoorkitchens.com\/es\/#organization"},"potentialAction":[{"@type":"SearchAction","target":{"@type":"EntryPoint","urlTemplate":"https:\/\/www.ofoutdoorkitchens.com\/es\/?s={search_term_string}"},"query-input":{"@type":"PropertyValueSpecification","valueRequired":true,"valueName":"search_term_string"}}],"inLanguage":"es"},{"@type":"Organization","@id":"https:\/\/www.ofoutdoorkitchens.com\/es\/#organization","name":"OF Outdoorkitchens","url":"https:\/\/www.ofoutdoorkitchens.com\/es\/","logo":{"@type":"ImageObject","inLanguage":"es","@id":"https:\/\/www.ofoutdoorkitchens.com\/es\/#\/schema\/logo\/image\/","url":"https:\/\/www.ofoutdoorkitchens.com\/wp-content\/uploads\/2023\/03\/logo-OF-2023-def150.png","contentUrl":"https:\/\/www.ofoutdoorkitchens.com\/wp-content\/uploads\/2023\/03\/logo-OF-2023-def150.png","width":150,"height":150,"caption":"OF Outdoorkitchens"},"image":{"@id":"https:\/\/www.ofoutdoorkitchens.com\/es\/#\/schema\/logo\/image\/"},"sameAs":["https:\/\/www.facebook.com\/ofoutdoorkitchens","https:\/\/www.instagram.com\/of.outdoorkitchens\/","https:\/\/www.linkedin.com\/company\/of-out-door-kitchens\/"]}]}},"_links":{"self":[{"href":"https:\/\/www.ofoutdoorkitchens.com\/es\/wp-json\/wp\/v2\/pages\/3406","targetHints":{"allow":["GET"]}}],"collection":[{"href":"https:\/\/www.ofoutdoorkitchens.com\/es\/wp-json\/wp\/v2\/pages"}],"about":[{"href":"https:\/\/www.ofoutdoorkitchens.com\/es\/wp-json\/wp\/v2\/types\/page"}],"author":[{"embeddable":true,"href":"https:\/\/www.ofoutdoorkitchens.com\/es\/wp-json\/wp\/v2\/users\/1"}],"replies":[{"embeddable":true,"href":"https:\/\/www.ofoutdoorkitchens.com\/es\/wp-json\/wp\/v2\/comments?post=3406"}],"version-history":[{"count":3,"href":"https:\/\/www.ofoutdoorkitchens.com\/es\/wp-json\/wp\/v2\/pages\/3406\/revisions"}],"predecessor-version":[{"id":3919,"href":"https:\/\/www.ofoutdoorkitchens.com\/es\/wp-json\/wp\/v2\/pages\/3406\/revisions\/3919"}],"wp:attachment":[{"href":"https:\/\/www.ofoutdoorkitchens.com\/es\/wp-json\/wp\/v2\/media?parent=3406"}],"curies":[{"name":"wp","href":"https:\/\/api.w.org\/{rel}","templated":true}]}}