{"id":3327,"date":"2023-01-10T16:54:56","date_gmt":"2023-01-10T15:54:56","guid":{"rendered":"https:\/\/www.ofoutdoorkitchens.com\/azienda\/"},"modified":"2023-07-03T11:30:02","modified_gmt":"2023-07-03T09:30:02","slug":"empresa","status":"publish","type":"page","link":"https:\/\/www.ofoutdoorkitchens.com\/es\/empresa\/","title":{"rendered":"Empresa"},"content":{"rendered":"<section class=\"l-section wpb_row height_medium\"><div class=\"l-section-h i-cf\"><div class=\"g-cols vc_row via_grid cols_1 laptops-cols_inherit tablets-cols_inherit mobiles-cols_1 valign_top type_default stacking_default\"><div class=\"wpb_column vc_column_container\"><div class=\"vc_column-inner\"><div class=\"wpb_text_column\"><div class=\"wpb_wrapper\"><h1>Empresa<\/h1>\n<\/div><\/div><div class=\"wpb_text_column\"><div class=\"wpb_wrapper\"><h2>Cocinas modulares de acero inoxidable made in Italy<\/h2>\n<\/div><\/div><div class=\"w-separator size_medium\"><\/div><div class=\"wpb_text_column\"><div class=\"wpb_wrapper\"><p>Linealidad y elegancia, dise\u00f1o de vanguardia y funcionalidad. La durabilidad del acero inoxidable se une a la perfecci\u00f3n geom\u00e9trica de las l\u00edneas en la creaci\u00f3n de soluciones est\u00e9ticas de primer orden.<br \/>\nOF outdoorkitchens es una escisi\u00f3n de Officine Fanesi, empresa especializada en la producci\u00f3n de cocinas personalizables de acero inoxidable.<br \/>\nOF presta especial atenci\u00f3n al precio y a la facilidad de la propuesta. Hemos pensado en una empresa sencilla de leer y proponer, basada en el concepto fundamental de la modularidad. Por este motivo, ofrecemos una variedad de composiciones en diferentes longitudes y en versiones de pared e isla. El denominador com\u00fan de estas composiciones es la presencia de los tres requisitos b\u00e1sicos de la cocci\u00f3n, de la disponibilidad de agua y de la capacidad de almacenamiento. Ofrecemos versiones, destinadas a clientes m\u00e1s o menos exigentes, que presentan diferentes tipos de accesorios y electrodom\u00e9sticos, en funci\u00f3n de los cuales las cocinas tienen, obviamente, distintas dimensiones.<\/p>\n<\/div><\/div><\/div><\/div><\/div><\/div><\/section><section class=\"l-section wpb_row height_auto\"><div class=\"l-section-h i-cf\"><div class=\"g-cols vc_row via_grid cols_2 laptops-cols_inherit tablets-cols_inherit mobiles-cols_1 valign_top type_default stacking_default\"><div class=\"wpb_column vc_column_container\"><div class=\"vc_column-inner\"><div class=\"w-image align_center\"><div class=\"w-image-h\"><img decoding=\"async\" width=\"800\" height=\"534\" src=\"https:\/\/www.ofoutdoorkitchens.com\/wp-content\/uploads\/2023\/03\/6-azienda.jpg\" class=\"attachment-full size-full\" alt=\"\" loading=\"lazy\" srcset=\"https:\/\/www.ofoutdoorkitchens.com\/wp-content\/uploads\/2023\/03\/6-azienda.jpg 800w, https:\/\/www.ofoutdoorkitchens.com\/wp-content\/uploads\/2023\/03\/6-azienda-300x200.jpg 300w\" sizes=\"auto, (max-width: 800px) 100vw, 800px\" \/><\/div><\/div><\/div><\/div><div class=\"wpb_column vc_column_container\"><div class=\"vc_column-inner\"><div class=\"wpb_text_column\"><div class=\"wpb_wrapper\"><p><strong>Qui\u00e9nes somos<\/strong><\/p>\n<p>TECNOZETA S.R.L. nace especializ\u00e1ndose en la producci\u00f3n y comercializaci\u00f3n de muebles met\u00e1licos para talleres y actividades comerciales del sector metalmec\u00e1nico. La empresa est\u00e1 hoy especializada en la producci\u00f3n y venta de cocinas de exterior. La actividad productiva se centra cada vez m\u00e1s en el procesamiento de chapa, acero inoxidable y aluminio, produciendo principalmente cocinas y muebles de acero inoxidable, cajoneras de trabajo, armarios con estantes, portaherramientas. Previendo tambi\u00e9n el dise\u00f1o de soluciones espec\u00edficas y altamente personalizadas seg\u00fan las necesidades del cliente.<\/p>\n<p>Las cocinas de exterior OF son completamente made in Italy; se realizan internamente y se basan en una cadena de suministro concentrada en Italia.<\/p>\n<\/div><\/div><\/div><\/div><\/div><\/div><\/section><section class=\"l-section wpb_row height_auto\"><div class=\"l-section-h i-cf\"><div class=\"g-cols vc_row via_grid cols_2 laptops-cols_inherit tablets-cols_inherit mobiles-cols_1 valign_top type_default stacking_default\"><div class=\"wpb_column vc_column_container\"><div class=\"vc_column-inner\"><div class=\"w-separator size_medium\"><\/div><div class=\"wpb_text_column\"><div class=\"wpb_wrapper\"><p><strong>De la industrializaci\u00f3n a las cocinas a medida de acero inoxidable y m\u00e1s all\u00e1.<\/strong><\/p>\n<p>Cada cliente de OF puede personalizar su cocina creando su propia combinaci\u00f3n. L\u00edder en la producci\u00f3n de cocinas de exterior, OF outdoorkitchens presenta un nuevo y revolucionario concepto de uso y disfrute de los espacios al aire libre. A su servicio tiene toda la experiencia y la tecnolog\u00eda de Officine Fanesi, para garantizar, tambi\u00e9n en el exterior, la gesti\u00f3n modular de los espacios t\u00edpica del ambiente interior.<\/p>\n<p>Excelencia, fabricaci\u00f3n a medida, calidad de los metales y acabados, investigaci\u00f3n y experimentaci\u00f3n: estas son las caracter\u00edsticas que inspiran a Officine Fanesi. En cambio, las cocinas OF outdoorkitchens, siempre de gran calidad y acabadas con gran cuidado, tienen la caracter\u00edstica de ser modulares y, por lo tanto, construidas &#8220;en serie&#8221;. Un producto m\u00e1s barato, f\u00e1cil de manejar y accesible a todos.<\/p>\n<\/div><\/div><div class=\"w-separator size_medium\"><\/div><div class=\"w-image align_center\"><div class=\"w-image-h\"><img decoding=\"async\" width=\"600\" height=\"400\" src=\"https:\/\/www.ofoutdoorkitchens.com\/wp-content\/uploads\/2023\/03\/azienda-OF-3-1.jpg\" class=\"attachment-full size-full\" alt=\"\" loading=\"lazy\" srcset=\"https:\/\/www.ofoutdoorkitchens.com\/wp-content\/uploads\/2023\/03\/azienda-OF-3-1.jpg 600w, https:\/\/www.ofoutdoorkitchens.com\/wp-content\/uploads\/2023\/03\/azienda-OF-3-1-300x200.jpg 300w\" sizes=\"auto, (max-width: 600px) 100vw, 600px\" \/><\/div><\/div><\/div><\/div><div class=\"wpb_column vc_column_container\"><div class=\"vc_column-inner\"><div class=\"w-image align_center\"><div class=\"w-image-h\"><img decoding=\"async\" width=\"600\" height=\"600\" src=\"https:\/\/www.ofoutdoorkitchens.com\/wp-content\/uploads\/2023\/03\/azienda-OF-2-1.jpg\" class=\"attachment-full size-full\" alt=\"\" loading=\"lazy\" srcset=\"https:\/\/www.ofoutdoorkitchens.com\/wp-content\/uploads\/2023\/03\/azienda-OF-2-1.jpg 600w, https:\/\/www.ofoutdoorkitchens.com\/wp-content\/uploads\/2023\/03\/azienda-OF-2-1-300x300.jpg 300w, https:\/\/www.ofoutdoorkitchens.com\/wp-content\/uploads\/2023\/03\/azienda-OF-2-1-150x150.jpg 150w\" sizes=\"auto, (max-width: 600px) 100vw, 600px\" \/><\/div><\/div><div class=\"w-separator size_medium\"><\/div><div class=\"w-image align_center\"><div class=\"w-image-h\"><img decoding=\"async\" width=\"600\" height=\"400\" src=\"https:\/\/www.ofoutdoorkitchens.com\/wp-content\/uploads\/2023\/03\/azienda-OF-4b.jpg\" class=\"attachment-full size-full\" alt=\"\" loading=\"lazy\" srcset=\"https:\/\/www.ofoutdoorkitchens.com\/wp-content\/uploads\/2023\/03\/azienda-OF-4b.jpg 600w, https:\/\/www.ofoutdoorkitchens.com\/wp-content\/uploads\/2023\/03\/azienda-OF-4b-300x200.jpg 300w\" sizes=\"auto, (max-width: 600px) 100vw, 600px\" \/><\/div><\/div><\/div><\/div><\/div><\/div><\/section><section class=\"l-section wpb_row height_medium\"><div class=\"l-section-h i-cf\"><div class=\"g-cols vc_row via_grid cols_1 laptops-cols_inherit tablets-cols_inherit mobiles-cols_1 valign_top type_default stacking_default\"><div class=\"wpb_column vc_column_container\"><div class=\"vc_column-inner\"><div class=\"w-btn-wrapper align_center\"><a class=\"w-btn us-btn-style_1 icon_atright\" title=\"Contatti\" href=\"https:\/\/www.ofoutdoorkitchens.com\/es\/contactos\/\"><span class=\"w-btn-label\">Cont\u00e1ctenos para mas informaci\u00f3n<\/span><i class=\"far fa-long-arrow-right\"><\/i><\/a><\/div><\/div><\/div><\/div><\/div><\/section>\n","protected":false},"excerpt":{"rendered":"Empresa Cocinas modulares de acero inoxidable made in Italy Linealidad y elegancia, dise\u00f1o de vanguardia y funcionalidad. La durabilidad del acero inoxidable se une a la perfecci\u00f3n geom\u00e9trica de las l\u00edneas en la creaci\u00f3n de soluciones est\u00e9ticas de primer orden. OF outdoorkitchens es una escisi\u00f3n de Officine Fanesi, empresa especializada en la producci\u00f3n de cocinas...","protected":false},"author":1,"featured_media":0,"parent":0,"menu_order":0,"comment_status":"closed","ping_status":"open","template":"","meta":{"om_disable_all_campaigns":false,"_uf_show_specific_survey":0,"_uf_disable_surveys":false,"footnotes":""},"class_list":["post-3327","page","type-page","status-publish","hentry"],"yoast_head":"<!-- This site is optimized with the Yoast SEO plugin v23.4 - https:\/\/yoast.com\/wordpress\/plugins\/seo\/ -->\n<title>Empresa - OF Outdoorkitchens<\/title>\n<meta name=\"robots\" content=\"index, follow, max-snippet:-1, max-image-preview:large, max-video-preview:-1\" \/>\n<link rel=\"canonical\" href=\"https:\/\/www.ofoutdoorkitchens.com\/es\/empresa\/\" \/>\n<meta property=\"og:locale\" content=\"es_ES\" \/>\n<meta property=\"og:type\" content=\"article\" \/>\n<meta property=\"og:title\" content=\"Empresa - OF Outdoorkitchens\" \/>\n<meta property=\"og:url\" content=\"https:\/\/www.ofoutdoorkitchens.com\/es\/empresa\/\" \/>\n<meta property=\"og:site_name\" content=\"OF Outdoorkitchens\" \/>\n<meta property=\"article:publisher\" content=\"https:\/\/www.facebook.com\/ofoutdoorkitchens\" \/>\n<meta property=\"article:modified_time\" content=\"2023-07-03T09:30:02+00:00\" \/>\n<meta name=\"twitter:card\" content=\"summary_large_image\" \/>\n<meta name=\"twitter:label1\" content=\"Tiempo de lectura\" \/>\n\t<meta name=\"twitter:data1\" content=\"2 minutos\" \/>\n<!-- \/ Yoast SEO plugin. -->","yoast_head_json":{"title":"Empresa - OF Outdoorkitchens","robots":{"index":"index","follow":"follow","max-snippet":"max-snippet:-1","max-image-preview":"max-image-preview:large","max-video-preview":"max-video-preview:-1"},"canonical":"https:\/\/www.ofoutdoorkitchens.com\/es\/empresa\/","og_locale":"es_ES","og_type":"article","og_title":"Empresa - OF Outdoorkitchens","og_url":"https:\/\/www.ofoutdoorkitchens.com\/es\/empresa\/","og_site_name":"OF Outdoorkitchens","article_publisher":"https:\/\/www.facebook.com\/ofoutdoorkitchens","article_modified_time":"2023-07-03T09:30:02+00:00","twitter_card":"summary_large_image","twitter_misc":{"Tiempo de lectura":"2 minutos"},"schema":{"@context":"https:\/\/schema.org","@graph":[{"@type":"WebPage","@id":"https:\/\/www.ofoutdoorkitchens.com\/es\/empresa\/","url":"https:\/\/www.ofoutdoorkitchens.com\/es\/empresa\/","name":"Empresa - OF Outdoorkitchens","isPartOf":{"@id":"https:\/\/www.ofoutdoorkitchens.com\/es\/#website"},"datePublished":"2023-01-10T15:54:56+00:00","dateModified":"2023-07-03T09:30:02+00:00","breadcrumb":{"@id":"https:\/\/www.ofoutdoorkitchens.com\/es\/empresa\/#breadcrumb"},"inLanguage":"es","potentialAction":[{"@type":"ReadAction","target":["https:\/\/www.ofoutdoorkitchens.com\/es\/empresa\/"]}]},{"@type":"BreadcrumbList","@id":"https:\/\/www.ofoutdoorkitchens.com\/es\/empresa\/#breadcrumb","itemListElement":[{"@type":"ListItem","position":1,"name":"Home","item":"https:\/\/www.ofoutdoorkitchens.com\/es\/"},{"@type":"ListItem","position":2,"name":"Empresa"}]},{"@type":"WebSite","@id":"https:\/\/www.ofoutdoorkitchens.com\/es\/#website","url":"https:\/\/www.ofoutdoorkitchens.com\/es\/","name":"OF Outdoorkitchens","description":"","publisher":{"@id":"https:\/\/www.ofoutdoorkitchens.com\/es\/#organization"},"potentialAction":[{"@type":"SearchAction","target":{"@type":"EntryPoint","urlTemplate":"https:\/\/www.ofoutdoorkitchens.com\/es\/?s={search_term_string}"},"query-input":{"@type":"PropertyValueSpecification","valueRequired":true,"valueName":"search_term_string"}}],"inLanguage":"es"},{"@type":"Organization","@id":"https:\/\/www.ofoutdoorkitchens.com\/es\/#organization","name":"OF Outdoorkitchens","url":"https:\/\/www.ofoutdoorkitchens.com\/es\/","logo":{"@type":"ImageObject","inLanguage":"es","@id":"https:\/\/www.ofoutdoorkitchens.com\/es\/#\/schema\/logo\/image\/","url":"https:\/\/www.ofoutdoorkitchens.com\/wp-content\/uploads\/2023\/03\/logo-OF-2023-def150.png","contentUrl":"https:\/\/www.ofoutdoorkitchens.com\/wp-content\/uploads\/2023\/03\/logo-OF-2023-def150.png","width":150,"height":150,"caption":"OF Outdoorkitchens"},"image":{"@id":"https:\/\/www.ofoutdoorkitchens.com\/es\/#\/schema\/logo\/image\/"},"sameAs":["https:\/\/www.facebook.com\/ofoutdoorkitchens","https:\/\/www.instagram.com\/of.outdoorkitchens\/","https:\/\/www.linkedin.com\/company\/of-out-door-kitchens\/"]}]}},"_links":{"self":[{"href":"https:\/\/www.ofoutdoorkitchens.com\/es\/wp-json\/wp\/v2\/pages\/3327","targetHints":{"allow":["GET"]}}],"collection":[{"href":"https:\/\/www.ofoutdoorkitchens.com\/es\/wp-json\/wp\/v2\/pages"}],"about":[{"href":"https:\/\/www.ofoutdoorkitchens.com\/es\/wp-json\/wp\/v2\/types\/page"}],"author":[{"embeddable":true,"href":"https:\/\/www.ofoutdoorkitchens.com\/es\/wp-json\/wp\/v2\/users\/1"}],"replies":[{"embeddable":true,"href":"https:\/\/www.ofoutdoorkitchens.com\/es\/wp-json\/wp\/v2\/comments?post=3327"}],"version-history":[{"count":3,"href":"https:\/\/www.ofoutdoorkitchens.com\/es\/wp-json\/wp\/v2\/pages\/3327\/revisions"}],"predecessor-version":[{"id":3933,"href":"https:\/\/www.ofoutdoorkitchens.com\/es\/wp-json\/wp\/v2\/pages\/3327\/revisions\/3933"}],"wp:attachment":[{"href":"https:\/\/www.ofoutdoorkitchens.com\/es\/wp-json\/wp\/v2\/media?parent=3327"}],"curies":[{"name":"wp","href":"https:\/\/api.w.org\/{rel}","templated":true}]}}